{"id":281,"date":"2021-06-01T17:12:19","date_gmt":"2021-06-01T15:12:19","guid":{"rendered":"http:\/\/brasil.polardemo.it\/senza-glutine\/"},"modified":"2021-06-21T16:19:48","modified_gmt":"2021-06-21T14:19:48","slug":"senza-glutine","status":"publish","type":"page","link":"https:\/\/www.saborbrasil.it\/en?page_id=281","title":{"rendered":"GLUTEN FREE"},"content":{"rendered":"<p><a href=\"https:\/\/www.saborbrasil.it\/en\/acaca-crema-di-riso\/\">Aca\u00e7\u00e1 (Savory rice cream)<\/a><br \/>\n<a href=\"https:\/\/www.saborbrasil.it\/en\/alfajor-de-amido-de-milho-biscotto-alfajor\/\">Alfajor&#8221; de amido de milho (&#8220;Alfajor&#8221; Cookies )<\/a><br \/>\n<a href=\"https:\/\/www.saborbrasil.it\/en\/ameixa-com-bacon-e-pure-de-maca-prugna-con-pancetta-e-pure-di-mela\/\">Ameixa com bacon e Pur\u00ea de ma\u00e7\u00e3 (Prunes Wrapped in Bacon and Apple Pur\u00e9e)<\/a><br \/>\n<a href=\"https:\/\/www.saborbrasil.it\/en\/arroz-a-grega-riso-alla-greca\/\">Arroz \u00e0 grega\u00a0(Greek Style Rice)<\/a><br \/>\n<a href=\"https:\/\/www.saborbrasil.it\/en\/arroz-branco-riso-bianco\/\">Arroz branco\u00a0(White Rice)<\/a><br \/>\n<a href=\"https:\/\/www.saborbrasil.it\/en\/arroz-de-carreteiro-riso-del-mulattiere\/\">Arroz de carreteiro (Mule driver&#8217;s rice)<\/a><br \/>\n<a href=\"https:\/\/www.saborbrasil.it\/en\/arroz-de-festa-riso-di-festa\/\">Arroz de festa (Party Rice)<\/a><br \/>\n<a href=\"https:\/\/www.saborbrasil.it\/en\/arroz-doce-riso-dolce\/\">Arroz doce (Sweet Rice Pudding)<\/a><br \/>\n<a href=\"https:\/\/www.saborbrasil.it\/en\/baiao-de-dois-riso-e-fagioli-cotti-insieme\/\">Bai\u00e3o de dois\u00a0(Rice and black-eyed peas cooked together)<\/a><br \/>\n<a href=\"https:\/\/www.saborbrasil.it\/en\/bala-de-gelatina-de-pinga-caramella-gelatinosa-di-cachaca\/\">Bala de gelatina de pinga (Cacha\u00e7a gumdrops)<\/a><br \/>\n<a href=\"https:\/\/www.saborbrasil.it\/en\/banana-da-terra-assada-platano-arrosto\/\">Banana da terra assada\u00a0(Baked Plantains)<\/a><br \/>\n<a href=\"https:\/\/www.saborbrasil.it\/en\/banana-da-terra-frita-platano-fritto\/\">Banana da terra frita\u00a0(Fried Plantains)<\/a><br \/>\n<a href=\"https:\/\/www.saborbrasil.it\/en\/banana-frita-no-acucar-banana-caramellata\/\">Banana frita no a\u00e7\u00facar\u00a0(Caramelized Banana)<\/a><br \/>\n<a href=\"https:\/\/www.saborbrasil.it\/en\/batata-doce-frita-patata-americana-fritta\/\">Batata doce frita\u00a0(Fried Sweet Potatoes)<\/a><br \/>\n<a href=\"http:\/\/v\">Batata palha\u00a0(Potato Straws)<\/a><br \/>\n<a href=\"https:\/\/www.saborbrasil.it\/en\/batida-de-amendoim-arachidi\/\">Batida de amendoim\u00a0(Peanut &#8220;Batida&#8221;)<\/a><br \/>\n<a href=\"https:\/\/www.saborbrasil.it\/en\/batida-de-coco-cocco\/\">Batida de coco\u00a0(Coconut &#8220;Batida&#8221;)<\/a><br \/>\n<a href=\"https:\/\/www.saborbrasil.it\/en\/batida-de-maracuja-frutto-della-passione\/\">Batida de maracuj\u00e1\u00a0(Passion Fruit &#8220;Batida&#8221;)<\/a><br \/>\n<a href=\"https:\/\/www.saborbrasil.it\/en\/batida-de-morango-fragola\/\">Batida de morango (Strawberry &#8220;Batida&#8221;)<\/a><br \/>\n<a href=\"https:\/\/www.saborbrasil.it\/en\/beijinho-pasticcino-al-cocco\/\">Beijinho\u00a0(Coconut Balls)<\/a><br \/>\n<a href=\"https:\/\/www.saborbrasil.it\/en\/beiju-de-tapioca-crespella-di-tapioca\/\">Beiju de tapioca (Tapioca Crepes)<\/a><br \/>\n<a href=\"https:\/\/www.saborbrasil.it\/en\/bife-de-panela-fettine-di-manzo-in-umido\/\">Bife de panela\u00a0(Saut\u00e9ed Sliced Beef)<\/a><br \/>\n<a href=\"https:\/\/www.saborbrasil.it\/en\/biscoito-de-polvilho-biscotti-di-fecola-di-manioca\/\">Biscoito de Polvilho\u00a0(Manioc Starch Cookies)<\/a><br \/>\n<a href=\"https:\/\/www.saborbrasil.it\/en\/bobo-de-camarao-gamberi-in-salsa-di-manioca\/\">Bob\u00f3 de camar\u00e3o (Prawn in Creamy Cassava Sauce)<\/a><br \/>\n<a href=\"https:\/\/www.saborbrasil.it\/en\/bolo-de-aipim-torta-di-manioca\/\">Bolo de aipim (Cassava Cake)<\/a><br \/>\n<a href=\"https:\/\/www.saborbrasil.it\/en\/bom-bocado-buon-boccone\/\">Bom-bocado (Sweet Bite)<\/a><br \/>\n<a href=\"https:\/\/www.saborbrasil.it\/en\/brigadeirao-budino-al-cioccolato\/\">Brigadeir\u00e3o\u00a0(Chocolate Milk Pudding)<\/a><br \/>\n<a href=\"http:\/\/Brigadeiro\u00a0(Chocolate Balls)\">Brigadeiro\u00a0(Chocolate Balls)<\/a><br \/>\n<a href=\"https:\/\/www.saborbrasil.it\/en\/brigadeiro-de-caipirinha-tartufini-alla-caipirinha\/\">Brigadeiro de caipirinha\u00a0(&#8220;Caipirinha&#8221; Balls)<\/a><br \/>\n<a href=\"https:\/\/www.saborbrasil.it\/en\/cafe-bombom-caffe-bombon\/\">Caf\u00e9 bombom\u00a0(Spanish Bomb\u00f3n Coffee)<\/a><br \/>\n<a href=\"https:\/\/www.saborbrasil.it\/en\/caipirinha\/\">Caipirinha<\/a><br \/>\n<a href=\"https:\/\/www.saborbrasil.it\/en\/cajuzinho-pasticcino-alle-arachidi\/\">Cajuzinho\u00a0(Cashew Balls)<\/a><br \/>\n<a href=\"https:\/\/www.saborbrasil.it\/en\/caldo-verde-zuppa-verde\/\">Caldo verde\u00a0(Green Soup)<\/a><br \/>\n<a href=\"https:\/\/www.saborbrasil.it\/en\/camafeu-de-nozes-pasticcini-alle-noci\/\">Camafeu de nozes (Walnut Cameo)<\/a><br \/>\n<a href=\"https:\/\/www.saborbrasil.it\/en\/canja-de-galinha-minestra-di-gallina\/\">Canja de galinha\u00a0(Chicken Broth)<\/a><br \/>\n<a href=\"https:\/\/www.saborbrasil.it\/en\/canjica-creamy-hominy-pudding\/\">Canjica\u00a0(Creamy Hominy Pudding)<\/a><br \/>\n<a href=\"https:\/\/www.saborbrasil.it\/en\/cartola-pernambucana-banana-with-cheese-dessert\/\">Cartola Pernambucana\u00a0(Banana with Cheese Dessert)<\/a><br \/>\n<a href=\"https:\/\/www.saborbrasil.it\/en\/casquinha-de-siri-stuffed-crab-shells\/\">Casquinha de siri (Stuffed Crab Shells)<\/a><br \/>\n<a href=\"https:\/\/www.saborbrasil.it\/en\/chuchu-refogado-braised-chayote\/\">Chuchu refogado\u00a0(Braised Chayote)<\/a><br \/>\n<a href=\"https:\/\/www.saborbrasil.it\/en\/churrasco-barbecue\/\">Churrasco\u00a0(Barbecue)<\/a><br \/>\n<a href=\"https:\/\/www.saborbrasil.it\/en\/churrasco-de-picanha-grilled-picanha\/\">Churrasco de picanha\u00a0(Grilled &#8220;picanha&#8221;)<\/a><br \/>\n<a href=\"https:\/\/www.saborbrasil.it\/en\/cocada-coconut-sweet\/\">Cocada\u00a0(Coconut Sweet)<\/a><br \/>\n<a href=\"https:\/\/www.saborbrasil.it\/en\/cocada-com-ovos-sweet-coconut-cream-with-eggs\/\">Cocada com ovos\u00a0(Sweet Coconut Cream with Eggs)<\/a><br \/>\n<a href=\"https:\/\/www.saborbrasil.it\/en\/couve-refogada-braised-cabbage\/\">Couve refogada (Braised cabbage)<\/a><br \/>\n<a href=\"https:\/\/www.saborbrasil.it\/en\/cozido-boiled-meats-and-vegetables\/\">Cozido\u00a0(Boiled Meats and Vegetables)<\/a><br \/>\n<a href=\"https:\/\/www.saborbrasil.it\/en\/creme-de-abacate-sweet-avocado-cream\/\">Creme de abacate (Sweet Avocado Cream)<\/a><br \/>\n<a href=\"https:\/\/www.saborbrasil.it\/en\/curau-sweet-corn-pudding\/\">Curau\u00a0(Sweet Corn Pudding)<\/a><br \/>\n<a href=\"https:\/\/www.saborbrasil.it\/en\/cuscuz-com-coco-coconut-couscous\/\">Cuscuz com coco\u00a0(Coconut Couscous)<\/a><br \/>\n<a href=\"https:\/\/www.saborbrasil.it\/en\/cuscuz-de-tapioca-tapioca-couscous\/\">Cuscuz de tapioca\u00a0(Tapioca Couscous)<\/a><br \/>\n<a href=\"https:\/\/www.saborbrasil.it\/en\/cuscuz-nordestino-brazilian-couscous-from-the-northeast-region\/\">Cuscuz nordestino\u00a0(Brazilian Couscous from the Northeast Region )<\/a><br \/>\n<a href=\"https:\/\/www.saborbrasil.it\/en\/cuscuz-paulista-ou-portugues-paulista-or-portoghese-couscous\/\">Cuscuz paulista (&#8220;Paulista&#8221; Couscous)<\/a><br \/>\n<a href=\"https:\/\/www.saborbrasil.it\/en\/doce-de-abobora-dolce-di-zucca\/\">Doce de ab\u00f3bora (Pumpkin Jam)<\/a><br \/>\n<a href=\"https:\/\/www.saborbrasil.it\/en\/farofa-manioc-flour-mixture\/\">Farofa\u00a0(Manioc Flour Mixture)<\/a><br \/>\n<a href=\"https:\/\/www.saborbrasil.it\/en\/farofa-de-banana-da-terra-plaintain-farofa\/\">Farofa de banana da terra\u00a0(Plaintain &#8220;farofa&#8221;)<\/a><br \/>\n<a href=\"https:\/\/www.saborbrasil.it\/en\/farofa-de-ovos-eggs-farofa\/\">Farofa de ovos\u00a0(Eggs &#8220;farofa&#8221;)<\/a><br \/>\n<a href=\"https:\/\/www.saborbrasil.it\/en\/feijoada-cooked-black-beans-with-pork\/\">Feijoada (Brazilian Black Bean Stew)<\/a><br \/>\n<a href=\"https:\/\/www.saborbrasil.it\/en\/feijao-tropeiro-muleteer-beans\/\">Feij\u00e3o-tropeiro\u00a0(Muleteer Beans)<\/a><br \/>\n<a href=\"https:\/\/www.saborbrasil.it\/en\/figo-verde-em-calda-green-fig-preserve\/\">Figo verde em calda (Green Fig Preserve)<\/a><br \/>\n<a href=\"https:\/\/www.saborbrasil.it\/en\/fios-de-ovos-egg-yolks-threads\/\">Fios de ovos\u00a0(Egg Yolks Threads)<\/a><br \/>\n<a href=\"https:\/\/www.saborbrasil.it\/en\/frango-a-passarinho-fried-chicken\/\">Frango a passarinho\u00a0(Fried Chicken)<\/a><br \/>\n<a href=\"https:\/\/www.saborbrasil.it\/en\/gelatina-mosaico-mosaic-jello\/\">Gelatina mosaico\u00a0(Mosaic Jello)<\/a><br \/>\n<a href=\"https:\/\/www.saborbrasil.it\/en\/geleia-de-banana-banana-jam\/\">Gel\u00e9ia de banana\u00a0(Banana Jam)<\/a><br \/>\n<a href=\"https:\/\/www.saborbrasil.it\/en\/lombo-com-abacaxi-roast-pork-loin-with-pineapple\/\">Lombo com abacaxi\u00a0(Roast Pork Loin with Pineapple)<\/a><br \/>\n<a href=\"https:\/\/www.saborbrasil.it\/en\/maionese-how-to-make-homemade-mayonnaise\/\">Maionese\u00a0(How to make homemade mayonnaise)<\/a><br \/>\n<a href=\"https:\/\/www.saborbrasil.it\/en\/maionese-de-batata-olivier-salad\/\">Maionese de batata\u00a0(Olivier Salad)<\/a><br \/>\n<a href=\"https:\/\/www.saborbrasil.it\/en\/mandioca-frita-fried-manioc\/\">Mandioca frita\u00a0(Fried Manioc)<\/a><br \/>\n<a href=\"https:\/\/www.saborbrasil.it\/en\/manjar-branco-coconut-pudding\/\">Manjar branco\u00a0(Coconut Pudding)<\/a><br \/>\n<a href=\"https:\/\/www.saborbrasil.it\/en\/meia-de-seda-silk-stocking\/\">Meia de seda\u00a0(Silk Stocking)<\/a><br \/>\n<a href=\"https:\/\/www.saborbrasil.it\/en\/molho-vinagrete-vinaigrette-sauce\/\">Molho vinagrete\u00a0(Vinaigrette Sauce)<\/a><br \/>\n<a href=\"https:\/\/www.saborbrasil.it\/en\/moqueca-de-peixe-baiana-bahias-fish-stew\/\">Moqueca de peixe baiana\u00a0(Bahia&#8217;s Fish Stew)<\/a><br \/>\n<a href=\"https:\/\/www.saborbrasil.it\/en\/mousse-de-limao-rapida-quick-lime-mousse\/\">Mousse de lim\u00e3o r\u00e1pida\u00a0(Quick Lime Mousse)<\/a><br \/>\n<a href=\"https:\/\/www.saborbrasil.it\/en\/mousse-de-maracuja-passion-fruit-mousse\/\">Mousse de maracuj\u00e1\u00a0(Passion Fruit Mousse)<\/a><br \/>\n<a href=\"https:\/\/www.saborbrasil.it\/en\/olho-de-sogra-sugar-plums-with-coconut\/\">Olho de sogra\u00a0(Sugar Plums with Coconut)<\/a><br \/>\n<a href=\"https:\/\/www.saborbrasil.it\/en\/pacoca-de-banana-da-terra-boiled-plantains-with-coconut\/\">Pa\u00e7oca de banana da terra\u00a0(Boiled Plantains with Coconut)<\/a><br \/>\n<a href=\"https:\/\/www.saborbrasil.it\/en\/pacoca-de-carne-seca-shredded-salted-sun-dried-meat-with-manioc-flour\/\">Pa\u00e7oca de carne seca\u00a0(Shredded salted sun dried meat with manioc flour )<\/a><br \/>\n<a href=\"https:\/\/www.saborbrasil.it\/en\/pacoquinha-de-amendoim-peanut-candy\/\">Pa\u00e7oquinha de amendoim\u00a0(Peanut candy)<\/a><br \/>\n<a href=\"https:\/\/www.saborbrasil.it\/en\/pamonha-sweet-corn-mush\/\">Pamonha (Sweet Corn Mush)<\/a><br \/>\n<a href=\"https:\/\/www.saborbrasil.it\/en\/pao-de-minuto-speed-bread\/\">P\u00e3o de queijo (Cheese Bread)<\/a><br \/>\n<a href=\"https:\/\/www.saborbrasil.it\/en\/pate-de-berinjela\/\">Pat\u00ea de berinjela (Eggplant P\u00e2t\u00e9)<\/a><br \/>\n<a href=\"https:\/\/www.saborbrasil.it\/en\/peru-de-natal-christmas-turkey\/\">Peru de Natal\u00a0(Christmas Turkey)<\/a><br \/>\n<a href=\"https:\/\/www.saborbrasil.it\/en\/picole-chicabon-caseiro-homemade-chocolate-ice-cream-on-a-stick\/\">Picol\u00e9 &#8220;Chicabon&#8221; caseiro\u00a0(Homemade Chocolate Ice Cream on a Stick)<\/a><br \/>\n<a href=\"https:\/\/www.saborbrasil.it\/en\/pinga-com-mel-pinga-and-honey\/\">Pinga com mel\u00a0(\u201cPinga\u201d and Honey)<\/a><br \/>\n<a href=\"https:\/\/www.saborbrasil.it\/en\/pirao-creamy-manioc\/\">Pir\u00e3o (Creamy Manioc)<\/a><br \/>\n<a href=\"https:\/\/www.saborbrasil.it\/en\/pudim-de-claras-molotov-pudding\/\">Pudim de claras\u00a0(Molotov Pudding)<\/a><br \/>\n<a href=\"https:\/\/www.saborbrasil.it\/en\/pudim-de-leite-moca-milk-pudding\/\">Pudim de leite Mo\u00e7a\u00a0(Milk Pudding)<\/a><br \/>\n<a href=\"https:\/\/www.saborbrasil.it\/en\/pure-de-banana-da-terra-plantain-puree\/\">Pur\u00ea de banana da terra (Plantain Pur\u00e9e)<\/a><br \/>\n<a href=\"https:\/\/www.saborbrasil.it\/en\/quentao-cachacas-grog\/\">Quent\u00e3o\u00a0(Cacha\u00e7a&#8217;s Grog )<\/a><br \/>\n<a href=\"https:\/\/www.saborbrasil.it\/en\/quiabo-refogado-sauteed-okra\/\">Quiabo refogado\u00a0(Saut\u00e9ed Okra)<\/a><br \/>\n<a href=\"https:\/\/www.saborbrasil.it\/en\/quibebe-pure-di-zucca\/\">Quibebe (Pumpkin Pur\u00e9e)<\/a><br \/>\n<a href=\"https:\/\/www.saborbrasil.it\/en\/quindim-dolce-di-tuorli-e-cocco\/\">Quindim\u00a0(Egg Yolks and Coconut Flan)<\/a><br \/>\n<a href=\"https:\/\/www.saborbrasil.it\/en\/rabada-ao-vinho-tinto-coda-di-bue-in-umido-2\/\">Rabada ao vinho tinto (Oxtail Stew in Red Wine)<\/a><br \/>\n<a href=\"https:\/\/www.saborbrasil.it\/en\/risoto-de-camarao-risotto-di-gamberetti\/\">Risoto de camar\u00e3o (Prawn Risotto)<\/a><br \/>\n<a href=\"https:\/\/www.saborbrasil.it\/en\/romeu-e-julieta-giulietta-e-romeo\/\">Romeu e Julieta\u00a0(Romeo and Juliet)<\/a><br \/>\n<a href=\"https:\/\/www.saborbrasil.it\/en\/rosbife-de-picanha-roast-beef-di-picanha\/\">Rosbife de picanha\u00a0(&#8220;Picanha&#8221; Roast)<\/a><br \/>\n<a href=\"https:\/\/www.saborbrasil.it\/en\/sagu-de-vinho-tinto-perle-di-tapioca-al-vino-rosso\/\">Sagu de vinho tinto\u00a0(Tapioca Pearls in Red Wine)<\/a><br \/>\n<a href=\"https:\/\/www.saborbrasil.it\/en\/salada-de-chuchu-insalata-di-chayote\/\">Salada de chuchu\u00a0(Chayote Salad )<\/a><br \/>\n<a href=\"https:\/\/www.saborbrasil.it\/en\/salpicao-insalata-di-pollo\/\">Salpic\u00e3o (Party Chicken Salad)<\/a><br \/>\n<a href=\"https:\/\/www.saborbrasil.it\/en\/sequilhos-de-maizena-biscotti-di-amido-di-mais\/\">Sequilhos de Maizena (Corn Starch Cookies)<\/a><br \/>\n<a href=\"https:\/\/www.saborbrasil.it\/en\/sopa-de-mandioquinha-vellutata-di-arracacha\/\">Sopa de mandioquinha (Arracacha creamy soup)<\/a><br \/>\n<a href=\"https:\/\/www.saborbrasil.it\/en\/suco-de-abacaxi-succo-di-ananas\/\">Suco de abacaxi\u00a0(Pineapple Juice)<\/a><br \/>\n<a href=\"https:\/\/www.saborbrasil.it\/en\/suco-de-melancia-succo-di-anguria\/\">Suco de melancia\u00a0(Watermelon Juice)<\/a><br \/>\n<a href=\"https:\/\/www.saborbrasil.it\/en\/suco-e-geleia-de-uva-succo-e-marmellata-duva\/\">Suco e gel\u00e9ia de uva (Grape juice and grape jam )<\/a><br \/>\n<a href=\"https:\/\/www.saborbrasil.it\/en\/tender-glazed-ham\/\">Tender (Glazed Ham)<\/a><br \/>\n<a href=\"https:\/\/www.saborbrasil.it\/en\/torta-de-limao-crostata-al-limone\/\">Torta de lim\u00e3o (Brazilian Lime Pie)<\/a><br \/>\n<a href=\"https:\/\/www.saborbrasil.it\/en\/tutu-de-feijao-crema-di-fagioli\/\">Tutu de feij\u00e3o\u00a0(Black Bean Pur\u00e9e)<\/a><br \/>\n<a href=\"https:\/\/www.saborbrasil.it\/en\/vaca-atolada-beef-ribs-with-manioc\/\">Vaca atolada (Beef Ribs with Manioc)<\/a><br \/>\n<a href=\"https:\/\/www.saborbrasil.it\/en\/virado-a-paulista-bean-puree-with-pork\/\">Virado \u00e0 paulista\u00a0(Bean Pur\u00e9e with<\/a><br \/>\n<a href=\"https:\/\/www.saborbrasil.it\/en\/fruit-smoothie-and-avocado-smoothie\/\">Vitamina de fruta e de abacate\u00a0(Fruit Smoothie and Avocado Smoothie)<\/a><\/p>\n","protected":false},"excerpt":{"rendered":"<p>Aca\u00e7\u00e1 (Savory rice cream) Alfajor&#8221; de amido de milho (&#8220;Alfajor&#8221; Cookies ) Ameixa com bacon e Pur\u00ea de ma\u00e7\u00e3 (Prunes Wrapped in Bacon and Apple Pur\u00e9e) Arroz \u00e0 grega\u00a0(Greek Style Rice) Arroz branco\u00a0(White Rice) Arroz de carreteiro (Mule driver&#8217;s rice) Arroz de festa (Party Rice)&hellip;<\/p>\n","protected":false},"author":2,"featured_media":0,"parent":0,"menu_order":0,"comment_status":"closed","ping_status":"closed","template":"","meta":{"footnotes":""},"class_list":["post-281","page","type-page","status-publish","hentry"],"_links":{"self":[{"href":"https:\/\/www.saborbrasil.it\/en\/index.php?rest_route=\/wp\/v2\/pages\/281","targetHints":{"allow":["GET"]}}],"collection":[{"href":"https:\/\/www.saborbrasil.it\/en\/index.php?rest_route=\/wp\/v2\/pages"}],"about":[{"href":"https:\/\/www.saborbrasil.it\/en\/index.php?rest_route=\/wp\/v2\/types\/page"}],"author":[{"embeddable":true,"href":"https:\/\/www.saborbrasil.it\/en\/index.php?rest_route=\/wp\/v2\/users\/2"}],"replies":[{"embeddable":true,"href":"https:\/\/www.saborbrasil.it\/en\/index.php?rest_route=%2Fwp%2Fv2%2Fcomments&post=281"}],"version-history":[{"count":8,"href":"https:\/\/www.saborbrasil.it\/en\/index.php?rest_route=\/wp\/v2\/pages\/281\/revisions"}],"predecessor-version":[{"id":5633,"href":"https:\/\/www.saborbrasil.it\/en\/index.php?rest_route=\/wp\/v2\/pages\/281\/revisions\/5633"}],"wp:attachment":[{"href":"https:\/\/www.saborbrasil.it\/en\/index.php?rest_route=%2Fwp%2Fv2%2Fmedia&parent=281"}],"curies":[{"name":"wp","href":"https:\/\/api.w.org\/{rel}","templated":true}]}}