{"id":293,"date":"2021-06-01T17:14:32","date_gmt":"2021-06-01T15:14:32","guid":{"rendered":"http:\/\/brasil.polardemo.it\/salati\/"},"modified":"2021-06-21T16:03:01","modified_gmt":"2021-06-21T14:03:01","slug":"salati","status":"publish","type":"page","link":"https:\/\/www.saborbrasil.it\/en?page_id=293","title":{"rendered":"SAVOURY RECIPES"},"content":{"rendered":"<p><a href=\"https:\/\/www.saborbrasil.it\/en\/acaca-crema-di-riso\/\">Aca\u00e7\u00e1 (Savory rice cream)<\/a><br \/>\n<a href=\"https:\/\/www.saborbrasil.it\/en\/ameixa-com-bacon-e-pure-de-maca-prugna-con-pancetta-e-pure-di-mela\/\">Ameixa com bacon e Pur\u00ea de ma\u00e7\u00e3 (Prunes Wrapped in Bacon and Apple Pur\u00e9e)<\/a><br \/>\n<a href=\"https:\/\/www.saborbrasil.it\/en\/arroz-a-grega-riso-alla-greca\/\">Arroz \u00e0 grega\u00a0(Greek Style Rice)<\/a><br \/>\n<a href=\"https:\/\/www.saborbrasil.it\/en\/arroz-branco-riso-bianco\/\">Arroz branco\u00a0(White Rice)<\/a><br \/>\n<a href=\"https:\/\/www.saborbrasil.it\/en\/arroz-de-carreteiro-riso-del-mulattiere\/\">Arroz de carreteiro (Mule driver&#8217;s rice)<\/a><br \/>\n<a href=\"https:\/\/www.saborbrasil.it\/en\/arroz-de-festa-riso-di-festa\/\">Arroz de festa (Party Rice)<\/a><br \/>\n<a href=\"https:\/\/www.saborbrasil.it\/en\/arroz-de-forno-riso-al-forno\/\">Arroz de forno (Baked rice)<\/a><br \/>\n<a href=\"https:\/\/www.saborbrasil.it\/en\/bacalhoada-da-vovo-baccala-della-nonna\/\">Bacalhoada da Vov\u00f3\u00a0(Grandmother&#8217;s Codfish Recipe)<\/a><br \/>\n<a href=\"https:\/\/www.saborbrasil.it\/en\/baiao-de-dois-riso-e-fagioli-cotti-insieme\/\">Bai\u00e3o de dois (Rice and black-eyed peas cooked together)<\/a><br \/>\n<a href=\"https:\/\/www.saborbrasil.it\/en\/banana-a-milanesa-banana-alla-milanese\/\">Banana \u00e0 milanesa\u00a0(Fried Banana in Breadcrumbs)<\/a><br \/>\n<a href=\"https:\/\/www.saborbrasil.it\/en\/banana-da-terra-assada-platano-arrosto\/\">Banana da terra assada\u00a0(Baked Plantains)<\/a><br \/>\n<a href=\"https:\/\/www.saborbrasil.it\/en\/banana-da-terra-frita-platano-fritto\/\">Banana da terra frita (Fried Plantains)<\/a><br \/>\n<a href=\"https:\/\/www.saborbrasil.it\/en\/batata-doce-frita-patata-americana-fritta\/\">Batata doce frita\u00a0(Fried Sweet Potatoes)<\/a><br \/>\n<a href=\"http:\/\/v\">Batata palha (Potato Straws)<\/a><br \/>\n<a href=\"https:\/\/www.saborbrasil.it\/en\/bauru-do-ponto-chic-panino-bauru-del-ponto-chic\/\">Bauru do &#8220;Ponto Chic&#8221; (Ponto Chic&#8217;s Bauru Sandwich)<\/a><br \/>\n<a href=\"https:\/\/www.saborbrasil.it\/en\/beiju-de-tapioca-crespella-di-tapioca\/\">Beiju de tapioca (Tapioca Crepes)<\/a><br \/>\n<a href=\"https:\/\/www.saborbrasil.it\/en\/bife-de-panela-fettine-di-manzo-in-umido\/\">Bife de panela\u00a0(Saut\u00e9ed Sliced Beef)<\/a><br \/>\n<a href=\"https:\/\/www.saborbrasil.it\/en\/biscoito-de-polvilho-biscotti-di-fecola-di-manioca\/\">Biscoito de Polvilho\u00a0(Manioc Starch Cookies)<\/a><br \/>\n<a href=\"https:\/\/www.saborbrasil.it\/en\/bobo-de-camarao-gamberi-in-salsa-di-manioca\/\">Bob\u00f3 de camar\u00e3o\u00a0(Prawn in Creamy Cassava Sauce)<\/a><br \/>\n<a href=\"https:\/\/www.saborbrasil.it\/en\/bolinhas-de-queijo-palline-al-formaggio\/\">Bolinhas de queijo\u00a0(Cheese Balls)<\/a><br \/>\n<a href=\"https:\/\/www.saborbrasil.it\/en\/bolinho-de-arroz-crocchette-di-riso\/\">Bolinho de arroz\u00a0(Rice Croquette)<\/a><br \/>\n<a href=\"https:\/\/www.saborbrasil.it\/en\/bolinho-de-bacalhau-crocchette-di-baccala\/\">Bolinho de bacalhau (Salt Cod Croquettes)<\/a><br \/>\n<a href=\"https:\/\/www.saborbrasil.it\/en\/caldo-verde-zuppa-verde\/\">Caldo verde (Green Soup)<\/a><br \/>\n<a href=\"https:\/\/www.saborbrasil.it\/en\/camarao-na-moranga-zucca-ripiena-di-gamberi\/\">Camar\u00e3o na moranga\u00a0(Prawns in Pumpkin)<\/a><br \/>\n<a href=\"https:\/\/www.saborbrasil.it\/en\/canape-de-rosbife-tartina-allarrosto-di-manzo-allinglese\/\">Canap\u00e9 de rosbife\u00a0(Roast Beef Canap\u00e9)<\/a><br \/>\n<a href=\"https:\/\/www.saborbrasil.it\/en\/canja-de-galinha-minestra-di-gallina\/\">Canja de galinha (Chicken Broth)<\/a><br \/>\n<a href=\"https:\/\/www.saborbrasil.it\/en\/casquinha-de-siri-stuffed-crab-shells\/\">Casquinha de siri\u00a0(Stuffed Crab Shells)<\/a><br \/>\n<a href=\"https:\/\/www.saborbrasil.it\/en\/chuchu-frito-fried-chayote\/\">Chuchu frito\u00a0(Fried Chayote )<\/a><br \/>\n<a href=\"https:\/\/www.saborbrasil.it\/en\/chuchu-recheado-com-carne-meat-stuffed-chayote\/\">Chuchu recheado com carne\u00a0(Meat Stuffed Chayote)<\/a><br \/>\n<a href=\"https:\/\/www.saborbrasil.it\/en\/chuchu-refogado-braised-chayote\/\">Chuchu refogado\u00a0(Braised Chayote)<\/a><br \/>\n<a href=\"https:\/\/www.saborbrasil.it\/en\/churrasco-barbecue\/\">Churrasco\u00a0(Barbecue)<\/a><br \/>\n<a href=\"https:\/\/www.saborbrasil.it\/en\/churrasco-de-picanha-grilled-picanha\/\">Churrasco de picanha (Grilled &#8220;picanha&#8221;)<\/a><br \/>\n<a href=\"https:\/\/www.saborbrasil.it\/en\/couve-refogada-braised-cabbage\/\">Couve refogada\u00a0(Braised cabbage)<\/a><br \/>\n<a href=\"https:\/\/www.saborbrasil.it\/en\/coxa-creme-de-frango-coscia-di-pollo-in-crosta\/\">Coxa-creme de frango\u00a0(Crusted Chicken Legs)<\/a><br \/>\n<a href=\"https:\/\/www.saborbrasil.it\/en\/coxinha-de-galinha-hen-thigh\/\">Coxinha de galinha\u00a0(Hen Thigh)<\/a><br \/>\n<a href=\"https:\/\/www.saborbrasil.it\/en\/cozido-boiled-meats-and-vegetables\/\">Cozido (Boiled Meats and Vegetables)<\/a><br \/>\n<a href=\"https:\/\/www.saborbrasil.it\/en\/creme-de-milho-verde-creamed-corn\/\">Creme de milho verde\u00a0(Creamed Corn)<\/a><br \/>\n<a href=\"https:\/\/www.saborbrasil.it\/en\/croquetes-de-camarao-shrimp-croquettes\/\">Croquetes de camar\u00e3o (Shrimp croquettes)<\/a><br \/>\n<a href=\"https:\/\/www.saborbrasil.it\/en\/cuscuz-nordestino-brazilian-couscous-from-the-northeast-region\/\">Cuscuz nordestino\u00a0(Brazilian Couscous from the Northeast Region )<\/a><br \/>\n<a href=\"https:\/\/www.saborbrasil.it\/en\/cuscuz-paulista-ou-portugues-paulista-or-portoghese-couscous\/\">Cuscuz paulista (&#8220;Paulista&#8221; Couscous)<\/a><br \/>\n<a href=\"https:\/\/www.saborbrasil.it\/en\/empadinha-savory-mini-pies\/\">Empadinha\u00a0(Savory Mini Pies)<\/a><br \/>\n<a href=\"https:\/\/www.saborbrasil.it\/en\/empadinha-de-queijo-mini-cheese-pies\/\">Empadinha de queijo\u00a0(Mini Cheese Pies)<\/a><br \/>\n<a href=\"https:\/\/www.saborbrasil.it\/en\/esfiha-flatbread-with-meat-or-cheese\/\">Esfiha\u00a0(Flatbread with Meat or Cheese)<\/a><br \/>\n<a href=\"https:\/\/www.saborbrasil.it\/en\/esfiha-fechada-beef-pasties\/\">Esfiha fechada\u00a0(Beef Pasties)<\/a><br \/>\n<a href=\"https:\/\/www.saborbrasil.it\/en\/farofa-manioc-flour-mixture\/\">Farofa\u00a0(Manioc Flour Mixture)<\/a><br \/>\n<a href=\"https:\/\/www.saborbrasil.it\/en\/farofa-de-banana-da-terra-plaintain-farofa\/\">Farofa de banana da terra\u00a0(Plaintain &#8220;farofa&#8221;)<\/a><br \/>\n<a href=\"https:\/\/www.saborbrasil.it\/en\/farofa-de-ovos-eggs-farofa\/\">Farofa de ovos\u00a0(Eggs &#8220;farofa&#8221;)<\/a><br \/>\n<a href=\"https:\/\/www.saborbrasil.it\/en\/feijoada-cooked-black-beans-with-pork\/\">Feijoada (Brazilian Black Bean Stew)<\/a><br \/>\n<a href=\"https:\/\/www.saborbrasil.it\/en\/feijao-tropeiro-muleteer-beans\/\">Feij\u00e3o-tropeiro (Muleteer Beans)<\/a><br \/>\n<a href=\"https:\/\/www.saborbrasil.it\/en\/file-de-peixe-com-abacaxi-fish-fillets-with-pineapple\/\">Fil\u00e9 de peixe com abacaxi (Fish Fillets with Pineapple)<\/a><br \/>\n<a href=\"https:\/\/www.saborbrasil.it\/en\/frango-a-passarinho-fried-chicken\/\">Frango a passarinho (Fried Chicken)<\/a><br \/>\n<a href=\"https:\/\/www.saborbrasil.it\/en\/lombo-com-abacaxi-roast-pork-loin-with-pineapple\/\">Lombo com abacaxi\u00a0(Roast Pork Loin with Pineapple)<\/a><br \/>\n<a href=\"https:\/\/www.saborbrasil.it\/en\/maionese-how-to-make-homemade-mayonnaise\/\">Maionese\u00a0(How to make homemade mayonnaise)<\/a><br \/>\n<a href=\"https:\/\/www.saborbrasil.it\/en\/maionese-de-batata-olivier-salad\/\">Maionese de batata\u00a0(Olivier Salad)<\/a><br \/>\n<a href=\"https:\/\/www.saborbrasil.it\/en\/mandioca-frita-fried-manioc\/\">Mandioca frita (Fried Manioc)<\/a><br \/>\n<a href=\"https:\/\/www.saborbrasil.it\/en\/molho-vinagrete-vinaigrette-sauce\/\">Molho vinagrete\u00a0(Vinaigrette Sauce)<\/a><br \/>\n<a href=\"https:\/\/www.saborbrasil.it\/en\/moqueca-de-peixe-baiana-bahias-fish-stew\/\">Moqueca de peixe baiana (Bahia&#8217;s Fish Stew)<\/a><br \/>\n<a href=\"https:\/\/www.saborbrasil.it\/en\/pacoca-de-carne-seca-shredded-salted-sun-dried-meat-with-manioc-flour\/\">Pa\u00e7oca de carne seca (Shredded salted sun dried meat with manioc flour )<\/a><br \/>\n<a href=\"https:\/\/www.saborbrasil.it\/en\/pao-de-mandioca-cassava-bread\/\">P\u00e3o de mandioca\u00a0(Cassava Bread )<\/a><br \/>\n<a href=\"https:\/\/www.saborbrasil.it\/en\/pao-de-minuto-pane-veloce\/\">P\u00e3o de minuto\u00a0(Speed Bread)<\/a><br \/>\n<a href=\"https:\/\/www.saborbrasil.it\/en\/pao-de-minuto-speed-bread\/\">P\u00e3o de queijo (Cheese Bread)<\/a><br \/>\n<a href=\"https:\/\/www.saborbrasil.it\/en\/pastel-fried-pasties\/\">Pastel\u00a0(Fried Pasties)<\/a><br \/>\n<a href=\"https:\/\/www.saborbrasil.it\/en\/pate-de-berinjela\/\">Pat\u00ea de berinjela\u00a0(Eggplant P\u00e2t\u00e9)<\/a><br \/>\n<a href=\"https:\/\/www.saborbrasil.it\/en\/pate-de-sopa-de-cebola-onion-soup-pate\/\">Pat\u00ea de sopa de cebola (Onion Soup P\u00e2t\u00e9)<\/a><br \/>\n<a href=\"https:\/\/www.saborbrasil.it\/en\/peru-de-natal-christmas-turkey\/\">Peru de Natal\u00a0(Christmas Turkey)<\/a><br \/>\n<a href=\"https:\/\/www.saborbrasil.it\/en\/pirao-creamy-manioc\/\">Pir\u00e3o\u00a0(Creamy Manioc)<\/a><br \/>\n<a href=\"https:\/\/www.saborbrasil.it\/en\/polenta-frita-fried-polenta\/\">Polenta frita (Fried Polenta)<\/a><br \/>\n<a href=\"https:\/\/www.saborbrasil.it\/en\/pure-de-banana-da-terra-plantain-puree\/\">Pur\u00ea de banana da terra (Plantain Pur\u00e9e)<\/a><br \/>\n<a href=\"https:\/\/www.saborbrasil.it\/en\/quiabo-refogado-sauteed-okra\/\">Quiabo refogado\u00a0(Saut\u00e9ed Okra)<\/a><br \/>\n<a href=\"https:\/\/www.saborbrasil.it\/en\/quibebe-pure-di-zucca\/\">Quibebe\u00a0(Pumpkin Pur\u00e9e)<\/a><br \/>\n<a href=\"https:\/\/www.saborbrasil.it\/en\/quibe-kibe-de-bandeja-baked-kibbeh\/\">Quibe\/kibe de bandeja\u00a0(Baked Kibbeh)<\/a><br \/>\n<a href=\"https:\/\/www.saborbrasil.it\/en\/2664\/\">Quibe\/Kibe frito (Fried Kibbeh)<\/a><br \/>\n<a href=\"https:\/\/www.saborbrasil.it\/en\/rabada-ao-vinho-tinto-coda-di-bue-in-umido-2\/\">Rabada ao vinho tinto (Oxtail Stew in Red Wine)<\/a><br \/>\n<a href=\"https:\/\/www.saborbrasil.it\/en\/risoto-de-camarao-risotto-di-gamberetti\/\">Risoto de camar\u00e3o\u00a0(Prawn Risotto)<\/a><br \/>\n<a href=\"https:\/\/www.saborbrasil.it\/en\/rissol-sofficino\/\">Rissol\u00a0(Soft Stuffed Pastry)<\/a><br \/>\n<a href=\"https:\/\/www.saborbrasil.it\/en\/rocambole-de-camarao-rotolo-di-gamberetti\/\">Rocambole de camar\u00e3o (Prawn Roulade)<\/a><br \/>\n<a href=\"https:\/\/www.saborbrasil.it\/en\/rosbife-de-picanha-roast-beef-di-picanha\/\">Rosbife de picanha (&#8220;Picanha&#8221; Roast)<\/a><br \/>\n<a href=\"https:\/\/www.saborbrasil.it\/en\/salada-de-chuchu-insalata-di-chayote\/\">Salada de chuchu\u00a0(Chayote Salad )<\/a><br \/>\n<a href=\"https:\/\/www.saborbrasil.it\/en\/salpicao-insalata-di-pollo\/\">Salpic\u00e3o\u00a0(Party Chicken Salad)<\/a><br \/>\n<a href=\"https:\/\/www.saborbrasil.it\/en\/saltenha-tortelloni-di-pollo\/\">Saltenha\u00a0(Savoury pastry filled with chicken)<\/a><br \/>\n<a href=\"https:\/\/www.saborbrasil.it\/en\/sanduiche-de-carne-louca-panino-di-carne-bizzarra\/\">Sandu\u00edche de carne louca (Bizarre Meat Sandwich)<\/a><br \/>\n<a href=\"https:\/\/www.saborbrasil.it\/en\/sopa-de-feijao-minestra-di-fagioli\/\">Sopa de feij\u00e3o\u00a0(Beans Soup)<\/a><br \/>\n<a href=\"https:\/\/www.saborbrasil.it\/en\/sopa-de-grao-de-bico-com-macarraozinho-zuppa-di-ceci-con-ditalini\/\">Sopa de gr\u00e3o-de-bico com macarr\u00e3ozinho\u00a0(Chickpea and pasta soup)<\/a><br \/>\n<a href=\"https:\/\/www.saborbrasil.it\/en\/sopa-de-mandioquinha-vellutata-di-arracacha\/\">Sopa de mandioquinha\u00a0(Arracacha creamy soup)<\/a><br \/>\n<a href=\"https:\/\/www.saborbrasil.it\/en\/strogonoff-spezzatino-di-manzo-con-panna\/\">Strogonoff (Stroganoff)<\/a><br \/>\n<a href=\"https:\/\/www.saborbrasil.it\/en\/sufle-de-chuchu-souffle-di-chayote\/\">Sufl\u00ea de chuchu\u00a0(Chayote Souffl\u00e9)<\/a><br \/>\n<a href=\"https:\/\/www.saborbrasil.it\/en\/tabule-tabule\/\">Tabule\u00a0(Tabbouleh)<\/a><br \/>\n<a href=\"https:\/\/www.saborbrasil.it\/en\/tender-glazed-ham\/\">Tender\u00a0(Glazed Ham)<\/a><br \/>\n<a href=\"https:\/\/www.saborbrasil.it\/en\/torta-de-frango-chicken-pie\/\">Torta de frango (Chicken Pie)<\/a><br \/>\n<a href=\"https:\/\/www.saborbrasil.it\/en\/torta-de-liquidificador-torta-frullata\/\">Torta de liquidificador\u00a0(Savory Pie)<\/a><br \/>\n<a href=\"https:\/\/www.saborbrasil.it\/en\/tutu-de-feijao-crema-di-fagioli\/\">Tutu de feij\u00e3o\u00a0(Black Bean Pur\u00e9e)<\/a><br \/>\n<a href=\"https:\/\/www.saborbrasil.it\/en\/vaca-atolada-beef-ribs-with-manioc\/\">Vaca atolada\u00a0(Beef Ribs with Manioc)<\/a><br \/>\n<a href=\"https:\/\/www.saborbrasil.it\/en\/vatapa-prawns-in-coconut-milk-sauce\/\">Vatap\u00e1\u00a0(Prawns in Coconut Milk Sauce)<\/a><br \/>\n<a href=\"https:\/\/www.saborbrasil.it\/en\/virado-a-paulista-bean-puree-with-pork\/\">Virado \u00e0 paulista (Bean Pur\u00e9e with Pork)<\/a><\/p>\n","protected":false},"excerpt":{"rendered":"<p>Aca\u00e7\u00e1 (Savory rice cream) Ameixa com bacon e Pur\u00ea de ma\u00e7\u00e3 (Prunes Wrapped in Bacon and Apple Pur\u00e9e) Arroz \u00e0 grega\u00a0(Greek Style Rice) Arroz branco\u00a0(White Rice) Arroz de carreteiro (Mule driver&#8217;s rice) Arroz de festa (Party Rice) Arroz de forno (Baked rice) Bacalhoada da Vov\u00f3\u00a0(Grandmother&#8217;s&hellip;<\/p>\n","protected":false},"author":2,"featured_media":0,"parent":0,"menu_order":0,"comment_status":"closed","ping_status":"closed","template":"","meta":{"footnotes":""},"class_list":["post-293","page","type-page","status-publish","hentry"],"_links":{"self":[{"href":"https:\/\/www.saborbrasil.it\/en\/index.php?rest_route=\/wp\/v2\/pages\/293","targetHints":{"allow":["GET"]}}],"collection":[{"href":"https:\/\/www.saborbrasil.it\/en\/index.php?rest_route=\/wp\/v2\/pages"}],"about":[{"href":"https:\/\/www.saborbrasil.it\/en\/index.php?rest_route=\/wp\/v2\/types\/page"}],"author":[{"embeddable":true,"href":"https:\/\/www.saborbrasil.it\/en\/index.php?rest_route=\/wp\/v2\/users\/2"}],"replies":[{"embeddable":true,"href":"https:\/\/www.saborbrasil.it\/en\/index.php?rest_route=%2Fwp%2Fv2%2Fcomments&post=293"}],"version-history":[{"count":8,"href":"https:\/\/www.saborbrasil.it\/en\/index.php?rest_route=\/wp\/v2\/pages\/293\/revisions"}],"predecessor-version":[{"id":5607,"href":"https:\/\/www.saborbrasil.it\/en\/index.php?rest_route=\/wp\/v2\/pages\/293\/revisions\/5607"}],"wp:attachment":[{"href":"https:\/\/www.saborbrasil.it\/en\/index.php?rest_route=%2Fwp%2Fv2%2Fmedia&parent=293"}],"curies":[{"name":"wp","href":"https:\/\/api.w.org\/{rel}","templated":true}]}}