{"id":305,"date":"2021-06-01T17:15:20","date_gmt":"2021-06-01T15:15:20","guid":{"rendered":"http:\/\/brasil.polardemo.it\/stuzzichini\/"},"modified":"2021-06-20T18:34:56","modified_gmt":"2021-06-20T16:34:56","slug":"stuzzichini","status":"publish","type":"page","link":"https:\/\/www.saborbrasil.it\/en?page_id=305","title":{"rendered":"APPETIZERS"},"content":{"rendered":"<p><a href=\"https:\/\/www.saborbrasil.it\/en\/ameixa-com-bacon-e-pure-de-maca-prugna-con-pancetta-e-pure-di-mela\/\">Ameixa com bacon e Pur\u00ea de ma\u00e7\u00e3 (Prunes Wrapped in Bacon and Apple Pur\u00e9e)<\/a><br \/>\n<a href=\"https:\/\/www.saborbrasil.it\/en\/batata-doce-frita-patata-americana-fritta\/\">Batata doce frita (Fried Sweet Potatoes)<\/a><br \/>\n<a href=\"https:\/\/www.saborbrasil.it\/en\/bauru-do-ponto-chic-panino-bauru-del-ponto-chic\/\">Bauru do &#8220;Ponto Chic&#8221; (Ponto Chic&#8217;s Bauru Sandwich)<\/a><br \/>\n<a href=\"https:\/\/www.saborbrasil.it\/en\/beiju-de-tapioca-crespella-di-tapioca\/\">Beiju de tapioca (Tapioca Crepes)<\/a><br \/>\n<a href=\"https:\/\/www.saborbrasil.it\/en\/biscoito-de-polvilho-biscotti-di-fecola-di-manioca\/\">Biscoito de Polvilho (Manioc Starch Cookies)<\/a><br \/>\n<a href=\"https:\/\/www.saborbrasil.it\/en\/bolinhas-de-queijo-palline-al-formaggio\/\">Bolinhas de queijo\u00a0(Cheese Balls)<\/a><br \/>\n<a href=\"https:\/\/www.saborbrasil.it\/en\/bolinho-de-arroz-crocchette-di-riso\/\">Bolinho de arroz\u00a0(Rice Croquette)<\/a><br \/>\n<a href=\"https:\/\/www.saborbrasil.it\/en\/bolinho-de-bacalhau-crocchette-di-baccala\/\">Bolinho de bacalhau (Salt Cod Croquettes)<\/a><br \/>\n<a href=\"https:\/\/www.saborbrasil.it\/en\/canape-de-rosbife-tartina-allarrosto-di-manzo-allinglese\/\">Canap\u00e9 de rosbife (Roast Beef Canap\u00e9)<\/a><br \/>\n<a href=\"https:\/\/www.saborbrasil.it\/en\/casquinha-de-siri-stuffed-crab-shells\/\">Casquinha de siri\u00a0(Stuffed Crab Shells)<\/a><br \/>\n<a href=\"https:\/\/www.saborbrasil.it\/en\/chuchu-frito-fried-chayote\/\">Chuchu frito (Fried Chayote )<\/a><br \/>\n<a href=\"https:\/\/www.saborbrasil.it\/en\/coxa-creme-de-frango-coscia-di-pollo-in-crosta\/\">Coxa-creme de frango\u00a0(Crusted Chicken Legs)<\/a><br \/>\n<a href=\"https:\/\/www.saborbrasil.it\/en\/coxinha-de-galinha-hen-thigh\/\">Coxinha de galinha (Hen Thigh)<\/a><br \/>\n<a href=\"https:\/\/www.saborbrasil.it\/en\/croquetes-de-camarao-shrimp-croquettes\/\">Croquetes de camar\u00e3o (Shrimp croquettes)<\/a><br \/>\n<a href=\"https:\/\/www.saborbrasil.it\/en\/empadinha-savory-mini-pies\/\">Empadinha\u00a0(Savory Mini Pies)<\/a><br \/>\n<a href=\"https:\/\/www.saborbrasil.it\/en\/empadinha-de-queijo-mini-cheese-pies\/\">Empadinha de queijo\u00a0(Mini Cheese Pies)<\/a><br \/>\n<a href=\"https:\/\/www.saborbrasil.it\/en\/esfiha-flatbread-with-meat-or-cheese\/\">Esfiha\u00a0(Flatbread with Meat or Cheese)<\/a><br \/>\n<a href=\"https:\/\/www.saborbrasil.it\/en\/esfiha-fechada-beef-pasties\/\">Esfiha fechada (Beef Pasties)<\/a><br \/>\n<a href=\"https:\/\/www.saborbrasil.it\/en\/frango-a-passarinho-fried-chicken\/\">Frango a passarinho (Fried Chicken)<\/a><br \/>\n<a href=\"https:\/\/www.saborbrasil.it\/en\/mandioca-frita-fried-manioc\/\">Mandioca frita (Fried Manioc)<\/a><br \/>\n<a href=\"https:\/\/www.saborbrasil.it\/en\/pacoca-de-carne-seca-shredded-salted-sun-dried-meat-with-manioc-flour\/\">Pa\u00e7oca de carne seca (Shredded salted sun dried meat with\u00a0<\/a><br \/>\n<a href=\"https:\/\/www.saborbrasil.it\/en\/pao-de-mandioca-cassava-bread\/\">P\u00e3o de mandioca\u00a0(Cassava Bread )<\/a><br \/>\n<a href=\"https:\/\/www.saborbrasil.it\/en\/pao-de-minuto-pane-veloce\/\">P\u00e3o de minuto\u00a0(Speed Bread)<\/a><br \/>\n<a href=\"https:\/\/www.saborbrasil.it\/en\/pao-de-minuto-speed-bread\/\">P\u00e3o de queijo (Cheese Bread)<\/a><br \/>\n<a href=\"https:\/\/www.saborbrasil.it\/en\/pastel-fried-pasties\/\">Pastel\u00a0(Fried Pasties)<\/a><br \/>\n<a href=\"https:\/\/www.saborbrasil.it\/en\/pate-de-berinjela\/\">Pat\u00ea de berinjela\u00a0(Eggplant P\u00e2t\u00e9)<\/a><br \/>\n<a href=\"https:\/\/www.saborbrasil.it\/en\/pate-de-sopa-de-cebola-onion-soup-pate\/\">Pat\u00ea de sopa de cebola (Onion Soup P\u00e2t\u00e9)<\/a><br \/>\n<a href=\"https:\/\/www.saborbrasil.it\/en\/polenta-frita-fried-polenta\/\">Polenta frita (Fried Polenta)<\/a><br \/>\n<a href=\"https:\/\/www.saborbrasil.it\/en\/2664\/\">Quibe\/Kibe frito (Fried Kibbeh)<\/a><br \/>\n<a href=\"https:\/\/www.saborbrasil.it\/en\/rissol-sofficino\/\">Rissol (Soft Stuffed Pastry)<\/a><br \/>\n<a href=\"https:\/\/www.saborbrasil.it\/en\/saltenha-tortelloni-di-pollo\/\">Saltenha (Savoury pastry filled with chicken)<\/a><\/p>\n","protected":false},"excerpt":{"rendered":"<p>Ameixa com bacon e Pur\u00ea de ma\u00e7\u00e3 (Prunes Wrapped in Bacon and Apple Pur\u00e9e) Batata doce frita (Fried Sweet Potatoes) Bauru do &#8220;Ponto Chic&#8221; (Ponto Chic&#8217;s Bauru Sandwich) Beiju de tapioca (Tapioca Crepes) Biscoito de Polvilho (Manioc Starch Cookies) Bolinhas de queijo\u00a0(Cheese Balls) Bolinho de&hellip;<\/p>\n","protected":false},"author":2,"featured_media":0,"parent":0,"menu_order":0,"comment_status":"closed","ping_status":"closed","template":"","meta":{"footnotes":""},"class_list":["post-305","page","type-page","status-publish","hentry"],"_links":{"self":[{"href":"https:\/\/www.saborbrasil.it\/en\/index.php?rest_route=\/wp\/v2\/pages\/305","targetHints":{"allow":["GET"]}}],"collection":[{"href":"https:\/\/www.saborbrasil.it\/en\/index.php?rest_route=\/wp\/v2\/pages"}],"about":[{"href":"https:\/\/www.saborbrasil.it\/en\/index.php?rest_route=\/wp\/v2\/types\/page"}],"author":[{"embeddable":true,"href":"https:\/\/www.saborbrasil.it\/en\/index.php?rest_route=\/wp\/v2\/users\/2"}],"replies":[{"embeddable":true,"href":"https:\/\/www.saborbrasil.it\/en\/index.php?rest_route=%2Fwp%2Fv2%2Fcomments&post=305"}],"version-history":[{"count":6,"href":"https:\/\/www.saborbrasil.it\/en\/index.php?rest_route=\/wp\/v2\/pages\/305\/revisions"}],"predecessor-version":[{"id":5426,"href":"https:\/\/www.saborbrasil.it\/en\/index.php?rest_route=\/wp\/v2\/pages\/305\/revisions\/5426"}],"wp:attachment":[{"href":"https:\/\/www.saborbrasil.it\/en\/index.php?rest_route=%2Fwp%2Fv2%2Fmedia&parent=305"}],"curies":[{"name":"wp","href":"https:\/\/api.w.org\/{rel}","templated":true}]}}