{"id":5099,"date":"2021-06-01T17:04:35","date_gmt":"2021-06-01T15:04:35","guid":{"rendered":"https:\/\/www.saborbrasil.it\/la-cucina-brasiliana\/"},"modified":"2021-06-22T12:15:47","modified_gmt":"2021-06-22T10:15:47","slug":"la-cucina-brasiliana","status":"publish","type":"page","link":"https:\/\/www.saborbrasil.it\/en?page_id=5099","title":{"rendered":"BRASILIDADE"},"content":{"rendered":"<p><span style=\"color: #545454;\">\u201c<span style=\"font-family: Montserrat;\"><span style=\"font-size: small;\">Il Brasile \u00e8 un paese di dimensioni continentali, frutto del connubio tra culture portate da immigrati di diverse nazionalit\u00e0, che si sono insediati in differenti localit\u00e0. Perci\u00f2, l\u2019identit\u00e0 brasiliana o<\/span><\/span><\/span> <em><span style=\"color: #545454;\"><span style=\"font-family: Montserrat;\"><span style=\"font-size: small;\"><i><b>brasilidade<\/b><\/i><\/span><\/span><\/span><\/em><b> <\/b><span style=\"color: #545454;\"><span style=\"font-family: Montserrat;\"><span style=\"font-size: small;\">non pu\u00f2 essere pensata come una sola cosa, nonostante il portoghese sia la lingua comune a tutto il territorio.<br \/>\nIl popolo brasiliano, cos\u00ec come tutti i popoli latino-americani, sono civilt\u00e0 giovani, ancora in sviluppo, che si sono formate da un meticciaggio fisico e spirituale, e che non hanno ancora coscienza di s\u00e9 come una unit\u00e0 etnico-razziale, afferma Darcy Ribeiro (antropologo, scrittore e politico brasiliano) nel suo libro O povo brasileiro.<br \/>\nJo\u00e3o Guimar\u00e3es Rosa, uno dei pi\u00f9 importanti scrittori brasiliani, in una intervista a G\u00fcnter Lorenz nel <em>Congresso de Escritores Latino-Americanos<\/em> del 1965, ha dichiarato che <\/span><\/span><\/span><span style=\"color: #545454;\"><span style=\"font-family: Montserrat;\"><span style=\"font-size: small;\"><i>il linguaggio e la vita sono una sola cosa<\/i><\/span><\/span><\/span><span style=\"color: #545454;\"><span style=\"font-family: Montserrat;\"><span style=\"font-size: small;\">, cos\u00ec come il modo di vivere, le idee e i sentimenti, e che la\u00a0<\/span><\/span><\/span><em><span style=\"color: #545454;\"><span style=\"font-family: Montserrat;\"><span style=\"font-size: small;\"><i><b>brasilidade<\/b><\/i><\/span><\/span><\/span><\/em><span style=\"color: #545454;\"><span style=\"font-family: Montserrat;\"><span style=\"font-size: small;\"><i>\u00a0<\/i><\/span><\/span><\/span><span style=\"color: #545454;\"><span style=\"font-family: Montserrat;\"><span style=\"font-size: small;\">di sicuro esiste, e che probabilmente \u00e8 un <\/span><\/span><\/span><span style=\"color: #545454;\"><span style=\"font-family: Montserrat;\"><span style=\"font-size: small;\"><i>sentire-pensare<\/i><\/span><\/span><\/span><span style=\"color: #545454;\"><span style=\"font-family: Montserrat;\"><span style=\"font-size: small;\">.\u201d <\/span><\/span><\/span><\/p>\n<p><span style=\"color: #545454;\"><span style=\"font-family: Montserrat;\"><span style=\"font-size: small;\">(Bocconi Azadinho F, <\/span><\/span><\/span><em><span style=\"color: #545454;\"><span style=\"font-family: Montserrat;\"><span style=\"font-size: small;\">Guida al Brasiliano per viaggiatori curiosi, Milano, Morellini, 2018, pp. 133<\/span><\/span><\/span><\/em><span style=\"color: #545454;\"><span style=\"font-family: Montserrat;\"><span style=\"font-size: small;\">)<\/span><\/span><\/span><\/p>\n<p><em><a href=\"https:\/\/www.saborbrasil.it\/en\/boteco-botequim\/\" target=\"_blank\" rel=\"noopener\"><span style=\"color: #000000;\"><span style=\"font-family: Montserrat;\"><span style=\"font-size: small;\"><u>Boteco\/Botequim<\/u><\/span><\/span><\/span><\/a><\/em><span style=\"color: #545454;\"><span style=\"font-family: Montserrat;\"><span style=\"font-size: small;\"><br \/>\n<\/span><\/span><\/span><a href=\"https:\/\/www.saborbrasil.it\/en\/carnavale\/\" target=\"_blank\" rel=\"noopener\"><span style=\"color: #000000;\"><span style=\"font-family: Montserrat;\"><span style=\"font-size: small;\"><u>Carnavale<\/u><\/span><\/span><\/span><\/a><span style=\"color: #545454;\"><span style=\"font-family: Montserrat;\"><span style=\"font-size: small;\"><br \/>\n<\/span><\/span><\/span><em><a href=\"https:\/\/www.saborbrasil.it\/en\/chopp\/\" target=\"_blank\" rel=\"noopener\"><span style=\"color: #000000;\"><span style=\"font-family: Montserrat;\"><span style=\"font-size: small;\"><u>Chopp<\/u><\/span><\/span><\/span><\/a><\/em><span style=\"color: #545454;\"><span style=\"font-family: Montserrat;\"><span style=\"font-size: small;\"><br \/>\n<\/span><\/span><\/span><a href=\"https:\/\/www.saborbrasil.it\/en\/cucina-di-bahia\/\" target=\"_blank\" rel=\"noopener\"><span style=\"color: #000000;\"><span style=\"font-family: Montserrat;\"><span style=\"font-size: small;\"><u>Cucina di\u00a0<\/u><\/span><\/span><\/span><\/a><em><a href=\"https:\/\/www.saborbrasil.it\/en\/cucina-di-bahia\/\" target=\"_blank\" rel=\"noopener\"><span style=\"color: #000000;\"><span style=\"font-family: Montserrat;\"><span style=\"font-size: small;\"><u>Bahia<\/u><\/span><\/span><\/span><\/a><\/em><span style=\"color: #545454;\"><span style=\"font-family: Montserrat;\"><span style=\"font-size: small;\"><br \/>\n<\/span><\/span><\/span><em><a href=\"https:\/\/www.saborbrasil.it\/en\/culinaria-musical\/\" target=\"_blank\" rel=\"noopener\"><span style=\"color: #000000;\"><span style=\"font-family: Montserrat;\"><span style=\"font-size: small;\"><u>Culin\u00e1ria musical<\/u><\/span><\/span><\/span><\/a><\/em><span style=\"color: #545454;\"><span style=\"font-family: Montserrat;\"><span style=\"font-size: small;\"><br \/>\n<\/span><\/span><\/span><em><a href=\"https:\/\/www.saborbrasil.it\/en\/feira-livre-il-mercatino-della-frutta-e-verdura\/\" target=\"_blank\" rel=\"noopener\"><span style=\"color: #000000;\"><span style=\"font-family: Montserrat;\"><span style=\"font-size: small;\"><u>Feira livre,\u00a0<\/u><\/span><\/span><\/span><\/a><\/em><a href=\"https:\/\/www.saborbrasil.it\/en\/feira-livre-il-mercatino-della-frutta-e-verdura\/\" target=\"_blank\" rel=\"noopener\"><span style=\"color: #000000;\"><span style=\"font-family: Montserrat;\"><span style=\"font-size: small;\"><u>il mercatino della frutta e della verdur<\/u><\/span><\/span><\/span><\/a><em><a href=\"https:\/\/www.saborbrasil.it\/en\/feira-livre-il-mercatino-della-frutta-e-verdura\/\" target=\"_blank\" rel=\"noopener\"><span style=\"color: #000000;\"><span style=\"font-family: Montserrat;\"><span style=\"font-size: small;\"><u>a<\/u><\/span><\/span><\/span><\/a><\/em><span style=\"color: #545454;\"><span style=\"font-family: Montserrat;\"><span style=\"font-size: small;\"><br \/>\n<\/span><\/span><\/span><em><a href=\"https:\/\/www.saborbrasil.it\/en\/festa-junina-la-festa-di-meta-anno\/\" target=\"_blank\" rel=\"noopener\"><span style=\"color: #000000;\"><span style=\"font-family: Montserrat;\"><span style=\"font-size: small;\"><u>Festa Junina<\/u><\/span><\/span><\/span><\/a><\/em><a href=\"https:\/\/www.saborbrasil.it\/en\/festa-junina-la-festa-di-meta-anno\/\" target=\"_blank\" rel=\"noopener\"><span style=\"color: #000000;\"><span style=\"font-family: Montserrat;\"><span style=\"font-size: small;\"><u>, la festa di met\u00e0 anno<\/u><\/span><\/span><\/span><\/a><span style=\"color: #545454;\"><span style=\"font-family: Montserrat;\"><span style=\"font-size: small;\"><br \/>\n<\/span><\/span><\/span><a href=\"https:\/\/www.saborbrasil.it\/en\/i-brasiliani-amano-la-pizza-alla-brasiliana\/\" target=\"_blank\" rel=\"noopener\"><span style=\"color: #000000;\"><span style=\"font-family: Montserrat;\"><span style=\"font-size: small;\"><u>I brasiliani amano la pizza\u2026 alla \u201cbrasiliana\u201d!<\/u><\/span><\/span><\/span><\/a><span style=\"color: #545454;\"><span style=\"font-family: Montserrat;\"><span style=\"font-size: small;\"><br \/>\n<\/span><\/span><\/span><a href=\"https:\/\/www.saborbrasil.it\/en\/la-cucina-della-regione-nordest\/\" target=\"_blank\" rel=\"noopener\"><span style=\"color: #000000;\"><span style=\"font-family: Montserrat;\"><span style=\"font-size: small;\"><u>La cucina della Regione Nordest<\/u><\/span><\/span><\/span><\/a><span style=\"color: #545454;\"><span style=\"font-family: Montserrat;\"><span style=\"font-size: small;\"><br \/>\n<\/span><\/span><\/span><a href=\"https:\/\/www.saborbrasil.it\/en\/la-cucina-tipica-carioca\/\" target=\"_blank\" rel=\"noopener\"><span style=\"color: #000000;\"><span style=\"font-family: Montserrat;\"><span style=\"font-size: small;\"><u>La cucina tipica\u00a0<\/u><\/span><\/span><\/span><\/a><em><a href=\"https:\/\/www.saborbrasil.it\/en\/la-cucina-tipica-carioca\/\" target=\"_blank\" rel=\"noopener\"><span style=\"color: #000000;\"><span style=\"font-family: Montserrat;\"><span style=\"font-size: small;\"><u>carioca<\/u><\/span><\/span><\/span><\/a><\/em><span style=\"color: #545454;\"><span style=\"font-family: Montserrat;\"><span style=\"font-size: small;\"><br \/>\n<\/span><\/span><\/span><a href=\"https:\/\/www.saborbrasil.it\/en\/typical-cuisine-of-manaus\/\" target=\"_blank\" rel=\"noopener\"><span style=\"color: #000000;\"><span style=\"font-family: Montserrat;\"><span style=\"font-size: small;\"><u>La cucina tipica di Manaus<\/u><\/span><\/span><\/span><\/a><span style=\"color: #545454;\"><span style=\"font-family: Montserrat;\"><span style=\"font-size: small;\"><br \/>\n<\/span><\/span><\/span><a href=\"https:\/\/www.saborbrasil.it\/en\/la-cucina-tipica-paulista\/\" target=\"_blank\" rel=\"noopener\"><span style=\"color: #000000;\"><span style=\"font-family: Montserrat;\"><span style=\"font-size: small;\"><u>La cucina tipica\u00a0<\/u><\/span><\/span><\/span><\/a><em><a href=\"https:\/\/www.saborbrasil.it\/en\/la-cucina-tipica-paulista\/\" target=\"_blank\" rel=\"noopener\"><span style=\"color: #000000;\"><span style=\"font-family: Montserrat;\"><span style=\"font-size: small;\"><u>paulista<\/u><\/span><\/span><\/span><\/a><\/em><span style=\"color: #545454;\"><span style=\"font-family: Montserrat;\"><span style=\"font-size: small;\"><br \/>\n<\/span><\/span><\/span><a href=\"https:\/\/www.saborbrasil.it\/en\/tubaina-a-soft-drink\/\" target=\"_blank\" rel=\"noopener\"><span style=\"color: #000000;\"><span style=\"font-family: Montserrat;\"><span style=\"font-size: small;\"><u>La riscoperta della\u00a0<\/u><\/span><\/span><\/span><\/a><em><a href=\"https:\/\/www.saborbrasil.it\/en\/tubaina-a-soft-drink\/\" target=\"_blank\" rel=\"noopener\"><span style=\"color: #000000;\"><span style=\"font-family: Montserrat;\"><span style=\"font-size: small;\"><u>Tuba\u00edna<\/u><\/span><\/span><\/span><\/a><\/em><span style=\"color: #545454;\"><span style=\"font-family: Montserrat;\"><span style=\"font-size: small;\"><br \/>\n<\/span><\/span><\/span><a href=\"https:\/\/www.saborbrasil.it\/en\/natale-e-capodanno\/\" target=\"_blank\" rel=\"noopener\"><span style=\"color: #000000;\"><span style=\"font-family: Montserrat;\"><span style=\"font-size: small;\"><u>Natale e Capodanno<\/u><\/span><\/span><\/span><\/a><span style=\"color: #545454;\"><span style=\"font-family: Montserrat;\"><span style=\"font-size: small;\"><br \/>\n<\/span><\/span><\/span><em><a href=\"https:\/\/www.saborbrasil.it\/en\/padaria-il-panificio\/\" target=\"_blank\" rel=\"noopener\"><span style=\"color: #000000;\"><span style=\"font-family: Montserrat;\"><span style=\"font-size: small;\"><u>Padaria<\/u><\/span><\/span><\/span><\/a><\/em><a href=\"https:\/\/www.saborbrasil.it\/en\/padaria-il-panificio\/\" target=\"_blank\" rel=\"noopener\"><span style=\"color: #000000;\"><span style=\"font-family: Montserrat;\"><span style=\"font-size: small;\"><u>, il panificio<\/u><\/span><\/span><\/span><\/a><span style=\"color: #545454;\"><span style=\"font-family: Montserrat;\"><span style=\"font-size: small;\"><br \/>\n<\/span><\/span><\/span><a href=\"https:\/\/www.saborbrasil.it\/en\/pasticcini-di-late-concentrato-zuccherato\/\" target=\"_blank\" rel=\"noopener\"><span style=\"color: #000000;\"><span style=\"font-family: Montserrat;\"><span style=\"font-size: small;\"><u>Pasticcini di late concentrato zuccherato<\/u><\/span><\/span><\/span><\/a><span style=\"color: #545454;\"><span style=\"font-family: Montserrat;\"><span style=\"font-size: small;\"><br \/>\n<\/span><\/span><\/span><em><a href=\"https:\/\/www.saborbrasil.it\/en\/prato-feito-il-pranzo-di-lavoro\/\" target=\"_blank\" rel=\"noopener\"><span style=\"color: #000000;\"><span style=\"font-family: Montserrat;\"><span style=\"font-size: small;\"><u>Prato feito<\/u><\/span><\/span><\/span><\/a><\/em><a href=\"https:\/\/www.saborbrasil.it\/en\/prato-feito-il-pranzo-di-lavoro\/\" target=\"_blank\" rel=\"noopener\"><span style=\"color: #000000;\"><span style=\"font-family: Montserrat;\"><span style=\"font-size: small;\"><u>, il pranzo di lavoro<\/u><\/span><\/span><\/span><\/a><\/p>\n","protected":false},"excerpt":{"rendered":"<p>\u201cIl Brasile \u00e8 un paese di dimensioni continentali, frutto del connubio tra culture portate da immigrati di diverse nazionalit\u00e0, che si sono insediati in differenti localit\u00e0. Perci\u00f2, l\u2019identit\u00e0 brasiliana o brasilidade non pu\u00f2 essere pensata come una sola cosa, nonostante il portoghese sia la lingua&hellip;<\/p>\n","protected":false},"author":2,"featured_media":0,"parent":0,"menu_order":0,"comment_status":"closed","ping_status":"open","template":"","meta":{"footnotes":""},"class_list":["post-5099","page","type-page","status-publish","hentry"],"_links":{"self":[{"href":"https:\/\/www.saborbrasil.it\/en\/index.php?rest_route=\/wp\/v2\/pages\/5099","targetHints":{"allow":["GET"]}}],"collection":[{"href":"https:\/\/www.saborbrasil.it\/en\/index.php?rest_route=\/wp\/v2\/pages"}],"about":[{"href":"https:\/\/www.saborbrasil.it\/en\/index.php?rest_route=\/wp\/v2\/types\/page"}],"author":[{"embeddable":true,"href":"https:\/\/www.saborbrasil.it\/en\/index.php?rest_route=\/wp\/v2\/users\/2"}],"replies":[{"embeddable":true,"href":"https:\/\/www.saborbrasil.it\/en\/index.php?rest_route=%2Fwp%2Fv2%2Fcomments&post=5099"}],"version-history":[{"count":4,"href":"https:\/\/www.saborbrasil.it\/en\/index.php?rest_route=\/wp\/v2\/pages\/5099\/revisions"}],"predecessor-version":[{"id":5882,"href":"https:\/\/www.saborbrasil.it\/en\/index.php?rest_route=\/wp\/v2\/pages\/5099\/revisions\/5882"}],"wp:attachment":[{"href":"https:\/\/www.saborbrasil.it\/en\/index.php?rest_route=%2Fwp%2Fv2%2Fmedia&parent=5099"}],"curies":[{"name":"wp","href":"https:\/\/api.w.org\/{rel}","templated":true}]}}