{"id":5383,"date":"2021-06-02T08:45:48","date_gmt":"2021-06-02T06:45:48","guid":{"rendered":"https:\/\/www.saborbrasil.it\/indice-ricette\/"},"modified":"2021-06-24T05:21:03","modified_gmt":"2021-06-24T03:21:03","slug":"indice-ricette","status":"publish","type":"page","link":"https:\/\/www.saborbrasil.it\/en?page_id=5383","title":{"rendered":"ALPHABETICAL INDEX"},"content":{"rendered":"<p><a href=\"https:\/\/www.saborbrasil.it\/en\/acaca-crema-di-riso\/\">Aca\u00e7\u00e1 (Savory rice cream)<\/a><br \/>\n<a href=\"https:\/\/www.saborbrasil.it\/en\/alfajor-de-amido-de-milho-biscotto-alfajor\/\">Alfajor&#8221; de amido de milho (&#8220;Alfajor&#8221; Cookies )<\/a><br \/>\n<a href=\"https:\/\/www.saborbrasil.it\/en\/ameixa-com-bacon-e-pure-de-maca-prugna-con-pancetta-e-pure-di-mela\/\">Ameixa com bacon e Pur\u00ea de ma\u00e7\u00e3\u00a0(Prunes Wrapped in Bacon and Apple Pur\u00e9e)<\/a><br \/>\n<a href=\"https:\/\/www.saborbrasil.it\/en\/amor-aos-pedacos-pezzetti-damore\/\">Amor aos peda\u00e7os\u00a0(Pieces of love)<\/a><br \/>\n<a href=\"https:\/\/www.saborbrasil.it\/en\/arroz-a-grega-riso-alla-greca\/\">Arroz \u00e0 grega\u00a0(Greek Style Rice)<\/a><br \/>\n<a href=\"https:\/\/www.saborbrasil.it\/en\/arroz-branco-riso-bianco\/\">Arroz branco\u00a0(White Rice)<\/a><br \/>\n<a href=\"https:\/\/www.saborbrasil.it\/en\/arroz-de-carreteiro-riso-del-mulattiere\/\">Arroz de carreteiro (Mule driver&#8217;s rice)<\/a><br \/>\n<a href=\"https:\/\/www.saborbrasil.it\/en\/arroz-de-festa-riso-di-festa\/\">Arroz de festa (Party Rice)<\/a><br \/>\n<a href=\"https:\/\/www.saborbrasil.it\/en\/arroz-de-forno-riso-al-forno\/\">Arroz de forno\u00a0(Baked rice)<\/a><br \/>\n<a href=\"https:\/\/www.saborbrasil.it\/en\/arroz-doce-riso-dolce\/\">Arroz doce (Sweet Rice Pudding)<\/a><br \/>\n<a href=\"https:\/\/www.saborbrasil.it\/en\/bacalhoada-da-vovo-baccala-della-nonna\/\">Bacalhoada da Vov\u00f3\u00a0(Grandmother&#8217;s Codfish Recipe)<\/a><br \/>\n<a href=\"https:\/\/www.saborbrasil.it\/en\/baiao-de-dois-riso-e-fagioli-cotti-insieme\/\">Bai\u00e3o de dois\u00a0(Rice and black-eyed peas cooked together)<\/a><br \/>\n<a href=\"https:\/\/www.saborbrasil.it\/en\/bala-de-gelatina-de-pinga-caramella-gelatinosa-di-cachaca\/\">Bala de gelatina de pinga\u00a0(Cacha\u00e7a gumdrops)<\/a><br \/>\n<a href=\"https:\/\/www.saborbrasil.it\/en\/banana-a-milanesa-banana-alla-milanese\/\">Banana \u00e0 milanesa\u00a0(Fried Banana in Breadcrumbs)<\/a><br \/>\n<a href=\"https:\/\/www.saborbrasil.it\/en\/banana-da-terra-assada-platano-arrosto\/\">Banana da terra assada\u00a0(Baked Plantains)<\/a><br \/>\n<a href=\"https:\/\/www.saborbrasil.it\/en\/banana-da-terra-frita-platano-fritto\/\">Banana da terra frita\u00a0(Fried Plantains)<\/a><br \/>\n<a href=\"https:\/\/www.saborbrasil.it\/en\/banana-frita-no-acucar-banana-caramellata\/\">Banana frita no a\u00e7\u00facar\u00a0(Caramelized Banana)<\/a><br \/>\n<a href=\"https:\/\/www.saborbrasil.it\/en\/batata-doce-frita-patata-americana-fritta\/\">Batata doce frita\u00a0(Fried Sweet Potatoes)<\/a><br \/>\n<a href=\"http:\/\/v\">Batata palha\u00a0(Potato Straws)<\/a><br \/>\n<a href=\"https:\/\/www.saborbrasil.it\/en\/batida-de-amendoim-arachidi\/\">Batida de amendoim\u00a0(Peanut &#8220;Batida&#8221;)<\/a><br \/>\n<a href=\"https:\/\/www.saborbrasil.it\/en\/batida-de-coco-cocco\/\">Batida de coco\u00a0(Coconut &#8220;Batida&#8221;)<\/a><br \/>\n<a href=\"https:\/\/www.saborbrasil.it\/en\/batida-de-maracuja-frutto-della-passione\/\">Batida de maracuj\u00e1\u00a0(Passion Fruit &#8220;Batida&#8221;)<\/a><br \/>\n<a href=\"https:\/\/www.saborbrasil.it\/en\/batida-de-morango-fragola\/\">Batida de morango\u00a0(Strawberry &#8220;Batida&#8221;)<\/a><br \/>\n<a href=\"https:\/\/www.saborbrasil.it\/en\/bauru-do-ponto-chic-panino-bauru-del-ponto-chic\/\">Bauru do &#8220;Ponto Chic&#8221;\u00a0(Ponto Chic&#8217;s Bauru Sandwich)<\/a><br \/>\n<a href=\"https:\/\/www.saborbrasil.it\/en\/beijinho-pasticcino-al-cocco\/\">Beijinho\u00a0(Coconut Balls)<\/a><br \/>\n<a href=\"https:\/\/www.saborbrasil.it\/en\/beiju-de-tapioca-crespella-di-tapioca\/\">Beiju de tapioca\u00a0(Tapioca Crepes)<\/a><br \/>\n<a href=\"https:\/\/www.saborbrasil.it\/en\/beliscao-de-goiabada-pizzicotto-di-guaiava\/\">Belisc\u00e3o de goiabada\u00a0(Guava Paste Pinch)<\/a><br \/>\n<a href=\"https:\/\/www.saborbrasil.it\/en\/bife-de-panela-fettine-di-manzo-in-umido\/\">Bife de panela\u00a0(Saut\u00e9ed Sliced Beef)<\/a><br \/>\n<a href=\"https:\/\/www.saborbrasil.it\/en\/biscoito-de-polvilho-biscotti-di-fecola-di-manioca\/\">Biscoito de Polvilho\u00a0(Manioc Starch Cookies)<\/a><br \/>\n<a href=\"https:\/\/www.saborbrasil.it\/en\/bobo-de-camarao-gamberi-in-salsa-di-manioca\/\">Bob\u00f3 de camar\u00e3o\u00a0(Prawn in Creamy Cassava Sauce)<\/a><br \/>\n<a href=\"https:\/\/www.saborbrasil.it\/en\/bolinhas-de-queijo-palline-al-formaggio\/\">Bolinhas de queijo\u00a0(Cheese Balls)<\/a><br \/>\n<a href=\"https:\/\/www.saborbrasil.it\/en\/bolinho-de-arroz-crocchette-di-riso\/\">Bolinho de arroz\u00a0(Rice Croquette)<\/a><br \/>\n<a href=\"https:\/\/www.saborbrasil.it\/en\/bolinho-de-bacalhau-crocchette-di-baccala\/\">Bolinho de bacalhau\u00a0(Salt Cod Croquettes)<\/a><br \/>\n<a href=\"https:\/\/www.saborbrasil.it\/en\/bolinho-de-chuva-frittella-di-pioggia\/\">Bolinho de chuva\u00a0(Fried Pancakes )<\/a><br \/>\n<a href=\"https:\/\/www.saborbrasil.it\/en\/bolo-com-leite-de-coco-ciambella-al-cocco\/\">Bolo com leite de coco\u00a0(Coconut Milk Cake)<\/a><br \/>\n<a href=\"https:\/\/www.saborbrasil.it\/en\/bolo-de-aipim-torta-di-manioca\/\">Bolo de aipim\u00a0(Cassava Cake)<\/a><br \/>\n<a href=\"https:\/\/www.saborbrasil.it\/en\/bolo-de-banana-torta-di-banana\/\">Bolo de banana\u00a0(Banana Cake)<\/a><br \/>\n<a href=\"https:\/\/www.saborbrasil.it\/en\/bolo-de-cenoura-torta-di-carote\/\">Bolo de cenoura\u00a0(Carrot Cake)<\/a><br \/>\n<a href=\"https:\/\/www.saborbrasil.it\/en\/bolo-de-fuba-torta-di-farina-di-polenta\/\">Bolo de fub\u00e1\u00a0(Cornmeal Cake)<\/a><br \/>\n<a href=\"https:\/\/www.saborbrasil.it\/en\/bolo-de-natal-torta-di-natale\/\">Bolo de Natal\u00a0(Christmas Cake)<\/a><br \/>\n<a href=\"https:\/\/www.saborbrasil.it\/en\/bolo-de-nozes-torta-di-noci\/\">Bolo de nozes\u00a0(Walnut Cake)<\/a><br \/>\n<a href=\"https:\/\/www.saborbrasil.it\/en\/bolo-embrulhado-torta-incartata\/\">Bolo embrulhado\u00a0(Wrapped cake slices)<\/a><br \/>\n<a href=\"https:\/\/www.saborbrasil.it\/en\/bolo-fantastico-torta-fantastica\/\">Bolo fant\u00e1stico\u00a0(Fantastic Cake)<\/a><br \/>\n<a href=\"https:\/\/www.saborbrasil.it\/en\/bolo-formigueiro-torta-formicaio\/\">Bolo formigueiro\u00a0(Anthill Cake)<\/a><br \/>\n<a href=\"https:\/\/www.saborbrasil.it\/en\/bolo-gostoso-com-cobertura-de-coco-torta-deliziosa-con-copertura-al-cocco\/\">Bolo gostoso com cobertura de coco\u00a0(Delicious Coconut-Covered Cake)<\/a><br \/>\n<a href=\"https:\/\/www.saborbrasil.it\/en\/bolo-moreno-torta-mulatta\/\">Bolo moreno\u00a0(Spice Cake )<\/a><br \/>\n<a href=\"https:\/\/www.saborbrasil.it\/en\/bolo-pega-marido-torta-acchiappa-marito\/\">Bolo pega marido\u00a0(Husband-Catcher Cake )<\/a><br \/>\n<a href=\"https:\/\/www.saborbrasil.it\/en\/bolo-prestigio-torta-di-cioccolato-con-cocco\/\">Bolo Prest\u00edgio\u00a0(Chocolate Coconut Cake)<\/a><br \/>\n<a href=\"https:\/\/www.saborbrasil.it\/en\/bolo-rei-torta-del-re\/\">Bolo Rei\u00a0(King Cake)<\/a><br \/>\n<a href=\"https:\/\/www.saborbrasil.it\/en\/bom-bocado-buon-boccone\/\">Bom-bocado\u00a0(Sweet Bite)<\/a><br \/>\n<a href=\"https:\/\/www.saborbrasil.it\/en\/brejeirices-biscotti-al-cocco\/\">Brejeirices\u00a0(Coconut Cookies)<\/a><br \/>\n<a href=\"https:\/\/www.saborbrasil.it\/en\/brigadeirao-budino-al-cioccolato\/\">Brigadeir\u00e3o\u00a0(Chocolate Milk Pudding)<\/a><br \/>\n<a href=\"https:\/\/www.saborbrasil.it\/en\/brigadeiro-pasticcino-al-cioccolato\/\">Brigadeiro (Chocolate Balls)<\/a><br \/>\n<a href=\"https:\/\/www.saborbrasil.it\/en\/brigadeiro-de-caipirinha-tartufini-alla-caipirinha\/\">Brigadeiro de caipirinha\u00a0(&#8220;Caipirinha&#8221; Balls)<\/a><br \/>\n<a href=\"https:\/\/www.saborbrasil.it\/en\/cafe-bombom-caffe-bombon\/\">Caf\u00e9 bombom\u00a0(Spanish Bomb\u00f3n Coffee)<\/a><br \/>\n<a href=\"https:\/\/www.saborbrasil.it\/en\/caipirinha\/\">Caipirinha<\/a><br \/>\n<a href=\"https:\/\/www.saborbrasil.it\/en\/cajuzinho-pasticcino-alle-arachidi\/\">Cajuzinho\u00a0(Cashew Balls)<\/a><br \/>\n<a href=\"https:\/\/www.saborbrasil.it\/en\/caldo-verde-zuppa-verde\/\">Caldo verde\u00a0(Green Soup)<\/a><br \/>\n<a href=\"https:\/\/www.saborbrasil.it\/en\/camafeu-de-nozes-pasticcini-alle-noci\/\">Camafeu de nozes\u00a0(Walnut Cameo)<\/a><br \/>\n<a href=\"https:\/\/www.saborbrasil.it\/en\/camarao-na-moranga-zucca-ripiena-di-gamberi\/\">Camar\u00e3o na moranga\u00a0(Prawns in Pumpkin)<\/a><br \/>\n<a href=\"https:\/\/www.saborbrasil.it\/en\/canape-de-rosbife-tartina-allarrosto-di-manzo-allinglese\/\">Canap\u00e9 de rosbife\u00a0(Roast Beef Canap\u00e9)<\/a><br \/>\n<a href=\"https:\/\/www.saborbrasil.it\/en\/canja-de-galinha-minestra-di-gallina\/\">Canja de galinha\u00a0(Chicken Broth)<\/a><br \/>\n<a href=\"https:\/\/www.saborbrasil.it\/en\/canjica-creamy-hominy-pudding\/\">Canjica\u00a0(Creamy Hominy Pudding)<\/a><br \/>\n<a href=\"https:\/\/www.saborbrasil.it\/en\/cartola-pernambucana-banana-with-cheese-dessert\/\">Cartola Pernambucana\u00a0(Banana with Cheese Dessert)<\/a><br \/>\n<a href=\"https:\/\/www.saborbrasil.it\/en\/casquinha-de-siri-stuffed-crab-shells\/\">Casquinha de siri\u00a0(Stuffed Crab Shells)<\/a><br \/>\n<a href=\"https:\/\/www.saborbrasil.it\/en\/chuchu-frito-fried-chayote\/\">Chuchu frito\u00a0(Fried Chayote )<\/a><br \/>\n<a href=\"https:\/\/www.saborbrasil.it\/en\/chuchu-recheado-com-carne-meat-stuffed-chayote\/\">Chuchu recheado com carne\u00a0(Meat Stuffed Chayote)<\/a><br \/>\n<a href=\"https:\/\/www.saborbrasil.it\/en\/chuchu-refogado-braised-chayote\/\">Chuchu refogado\u00a0(Braised Chayote)<\/a><br \/>\n<a href=\"https:\/\/www.saborbrasil.it\/en\/churrasco-barbecue\/\">Churrasco\u00a0(Barbecue)<\/a><br \/>\n<a href=\"https:\/\/www.saborbrasil.it\/en\/churrasco-de-picanha-grilled-picanha\/\">Churrasco de picanha\u00a0(Grilled &#8220;picanha&#8221;)<\/a><br \/>\n<a href=\"https:\/\/www.saborbrasil.it\/en\/cocada-coconut-sweet\/\">Cocada\u00a0(Coconut Sweet)<\/a><br \/>\n<a href=\"https:\/\/www.saborbrasil.it\/en\/cocada-com-ovos-sweet-coconut-cream-with-eggs\/\">Cocada com ovos\u00a0(Sweet Coconut Cream with Eggs)<\/a><br \/>\n<a href=\"https:\/\/www.saborbrasil.it\/en\/couve-refogada-braised-cabbage\/\">Couve refogada\u00a0(Braised cabbage)<\/a><br \/>\n<a href=\"https:\/\/www.saborbrasil.it\/en\/coxa-creme-de-frango-coscia-di-pollo-in-crosta\/\">Coxa-creme de frango\u00a0(Crusted Chicken Legs)<\/a><br \/>\n<a href=\"https:\/\/www.saborbrasil.it\/en\/coxinha-de-galinha-hen-thigh\/\">Coxinha de galinha\u00a0(Hen Thigh)<\/a><br \/>\n<a href=\"https:\/\/www.saborbrasil.it\/en\/cozido-boiled-meats-and-vegetables\/\">Cozido\u00a0(Boiled Meats and Vegetables)<\/a><br \/>\n<a href=\"https:\/\/www.saborbrasil.it\/en\/creme-de-abacate-sweet-avocado-cream\/\">Creme de abacate\u00a0(Sweet Avocado Cream)<\/a><br \/>\n<a href=\"https:\/\/www.saborbrasil.it\/en\/creme-de-milho-verde-creamed-corn\/\">Creme de milho verde\u00a0(Creamed Corn)<\/a><br \/>\n<a href=\"https:\/\/www.saborbrasil.it\/en\/croquetes-de-camarao-shrimp-croquettes\/\">Croquetes de camar\u00e3o\u00a0(Shrimp croquettes)<\/a><br \/>\n<a href=\"https:\/\/www.saborbrasil.it\/en\/cuca-de-banana-sweet-bread-filled-with-banana\/\">Cuca de banana\u00a0(Sweet bread filled with banana)<\/a><br \/>\n<a href=\"https:\/\/www.saborbrasil.it\/en\/curau-sweet-corn-pudding\/\">Curau\u00a0(Sweet Corn Pudding)<\/a><br \/>\n<a href=\"https:\/\/www.saborbrasil.it\/en\/cuscuz-com-coco-coconut-couscous\/\">Cuscuz com coco\u00a0(Coconut Couscous)<\/a><br \/>\n<a href=\"https:\/\/www.saborbrasil.it\/en\/cuscuz-de-tapioca-tapioca-couscous\/\">Cuscuz de tapioca\u00a0(Tapioca Couscous)<\/a><br \/>\n<a href=\"https:\/\/www.saborbrasil.it\/en\/cuscuz-nordestino-brazilian-couscous-from-the-northeast-region\/\">Cuscuz nordestino\u00a0(Brazilian Couscous from the Northeast Region )<\/a><br \/>\n<a href=\"https:\/\/www.saborbrasil.it\/en\/cuscuz-paulista-ou-portugues-paulista-or-portoghese-couscous\/\">Cuscuz paulista (&#8220;Paulista&#8221; Couscous)<\/a><br \/>\n<a href=\"https:\/\/www.saborbrasil.it\/en\/doce-de-abobora-dolce-di-zucca\/\">Doce de ab\u00f3bora\u00a0(Pumpkin Jam)<\/a><br \/>\n<a href=\"https:\/\/www.saborbrasil.it\/en\/empadinha-savory-mini-pies\/\">Empadinha\u00a0(Savory Mini Pies)<\/a><br \/>\n<a href=\"https:\/\/www.saborbrasil.it\/en\/empadinha-de-queijo-mini-cheese-pies\/\">Empadinha de queijo\u00a0(Mini Cheese Pies)<\/a><br \/>\n<a href=\"https:\/\/www.saborbrasil.it\/en\/esfiha-flatbread-with-meat-or-cheese\/\">Esfiha\u00a0(Flatbread with Meat or Cheese)<\/a><br \/>\n<a href=\"https:\/\/www.saborbrasil.it\/en\/esfiha-fechada-beef-pasties\/\">Esfiha fechada\u00a0(Beef Pasties)<\/a><br \/>\n<a href=\"https:\/\/www.saborbrasil.it\/en\/farofa-manioc-flour-mixture\/\">Farofa\u00a0(Manioc Flour Mixture)<\/a><br \/>\n<a href=\"https:\/\/www.saborbrasil.it\/en\/farofa-de-banana-da-terra-plaintain-farofa\/\">Farofa de banana da terra\u00a0(Plaintain &#8220;farofa&#8221;)<\/a><br \/>\n<a href=\"https:\/\/www.saborbrasil.it\/en\/farofa-de-ovos-eggs-farofa\/\">Farofa de ovos\u00a0(Eggs &#8220;farofa&#8221;)<\/a><br \/>\n<a href=\"https:\/\/www.saborbrasil.it\/en\/feijoada-cooked-black-beans-with-pork\/\">Feijoada (Brazilian Black Bean Stew)<\/a><br \/>\n<a href=\"https:\/\/www.saborbrasil.it\/en\/feijao-tropeiro-muleteer-beans\/\">Feij\u00e3o-tropeiro\u00a0(Muleteer Beans)<\/a><br \/>\n<a href=\"https:\/\/www.saborbrasil.it\/en\/figo-verde-em-calda-green-fig-preserve\/\">Figo verde em calda\u00a0(Green Fig Preserve)<\/a><br \/>\n<a href=\"https:\/\/www.saborbrasil.it\/en\/file-de-peixe-com-abacaxi-fish-fillets-with-pineapple\/\">Fil\u00e9 de peixe com abacaxi\u00a0(Fish Fillets with Pineapple)<\/a><br \/>\n<a href=\"https:\/\/www.saborbrasil.it\/en\/fios-de-ovos-egg-yolks-threads\/\">Fios de ovos\u00a0(Egg Yolks Threads)<\/a><br \/>\n<a href=\"https:\/\/www.saborbrasil.it\/en\/frango-a-passarinho-fried-chicken\/\">Frango a passarinho\u00a0(Fried Chicken)<\/a><br \/>\n<a href=\"https:\/\/www.saborbrasil.it\/en\/gelatina-mosaico-mosaic-jello\/\">Gelatina mosaico\u00a0(Mosaic Jello)<\/a><br \/>\n<a href=\"https:\/\/www.saborbrasil.it\/en\/geleia-de-banana-banana-jam\/\">Gel\u00e9ia de banana\u00a0(Banana Jam)<\/a><br \/>\n<a href=\"https:\/\/www.saborbrasil.it\/en\/lombo-com-abacaxi-roast-pork-loin-with-pineapple\/\">Lombo com abacaxi\u00a0(Roast Pork Loin with Pineapple)<\/a><br \/>\n<a href=\"https:\/\/www.saborbrasil.it\/en\/maionese-how-to-make-homemade-mayonnaise\/\">Maionese\u00a0(How to make homemade mayonnaise)<\/a><br \/>\n<a href=\"https:\/\/www.saborbrasil.it\/en\/maionese-de-batata-olivier-salad\/\">Maionese de batata\u00a0(Olivier Salad)<\/a><br \/>\n<a href=\"https:\/\/www.saborbrasil.it\/en\/mandioca-frita-fried-manioc\/\">Mandioca frita\u00a0(Fried Manioc)<\/a><br \/>\n<a href=\"https:\/\/www.saborbrasil.it\/en\/manjar-branco-coconut-pudding\/\">Manjar branco\u00a0(Coconut Pudding)<\/a><br \/>\n<a href=\"https:\/\/www.saborbrasil.it\/en\/meia-de-seda-silk-stocking\/\">Meia de seda\u00a0(Silk Stocking)<\/a><br \/>\n<a href=\"https:\/\/www.saborbrasil.it\/en\/molho-vinagrete-vinaigrette-sauce\/\">Molho vinagrete\u00a0(Vinaigrette Sauce)<\/a><br \/>\n<a href=\"https:\/\/www.saborbrasil.it\/en\/moqueca-de-peixe-baiana-bahias-fish-stew\/\">Moqueca de peixe baiana\u00a0(Bahia&#8217;s Fish Stew)<\/a><br \/>\n<a href=\"https:\/\/www.saborbrasil.it\/en\/mousse-de-limao-rapida-quick-lime-mousse\/\">Mousse de lim\u00e3o r\u00e1pida\u00a0(Quick Lime Mousse)<\/a><br \/>\n<a href=\"https:\/\/www.saborbrasil.it\/en\/mousse-de-maracuja-passion-fruit-mousse\/\">Mousse de maracuj\u00e1\u00a0(Passion Fruit Mousse)<\/a><br \/>\n<a href=\"https:\/\/www.saborbrasil.it\/en\/olho-de-sogra-sugar-plums-with-coconut\/\">Olho de sogra\u00a0(Sugar Plums with Coconut)<\/a><br \/>\n<a href=\"https:\/\/www.saborbrasil.it\/en\/pacoca-de-banana-da-terra-boiled-plantains-with-coconut\/\">Pa\u00e7oca de banana da terra\u00a0(Boiled Plantains with Coconut)<\/a><br \/>\n<a href=\"https:\/\/www.saborbrasil.it\/en\/pacoca-de-carne-seca-shredded-salted-sun-dried-meat-with-manioc-flour\/\">Pa\u00e7oca de carne seca\u00a0(Shredded salted sun dried meat with manioc flour )<\/a><br \/>\n<a href=\"https:\/\/www.saborbrasil.it\/en\/pacoquinha-de-amendoim-peanut-candy\/\">Pa\u00e7oquinha de amendoim\u00a0(Peanut candy)<\/a><br \/>\n<a href=\"https:\/\/www.saborbrasil.it\/en\/pamonha-sweet-corn-mush\/\">Pamonha (Sweet Corn Mush)<\/a><br \/>\n<a href=\"https:\/\/www.saborbrasil.it\/en\/pao-de-lo-com-banana-banana-sponge-cake\/\">P\u00e3o-de-L\u00f3 com banana\u00a0(Banana Sponge Cake)<\/a><br \/>\n<a href=\"https:\/\/www.saborbrasil.it\/en\/pao-de-mandioca-cassava-bread\/\">P\u00e3o de mandioca\u00a0(Cassava Bread )<\/a><br \/>\n<a href=\"https:\/\/www.saborbrasil.it\/en\/pao-de-minuto-pane-veloce\/\">P\u00e3o de minuto\u00a0(Speed Bread)<\/a><br \/>\n<a href=\"https:\/\/www.saborbrasil.it\/en\/pao-de-minuto\/\">P\u00e3o de queijo (Cheese Bread)<\/a><br \/>\n<a href=\"https:\/\/www.saborbrasil.it\/en\/pastel-fried-pasties\/\">Pastel\u00a0(Fried Pasties)<\/a><br \/>\n<a href=\"https:\/\/www.saborbrasil.it\/en\/pate-de-berinjela\/\">Pat\u00ea de berinjela\u00a0(Eggplant P\u00e2t\u00e9)<\/a><br \/>\n<a href=\"https:\/\/www.saborbrasil.it\/en\/pate-de-sopa-de-cebola-onion-soup-pate\/\">Pat\u00ea de sopa de cebola\u00a0(Onion Soup P\u00e2t\u00e9)<\/a><br \/>\n<a href=\"https:\/\/www.saborbrasil.it\/en\/pave-de-abacaxi-e-coco-pineapple-and-coconut-pave\/\">Pav\u00ea de abacaxi e coco\u00a0(Pineapple and Coconut Pav\u00e9)<\/a><br \/>\n<a href=\"https:\/\/www.saborbrasil.it\/en\/pave-de-amendoim-peanut-pave\/\">Pav\u00ea de amendoim (Peanut Pav\u00e9)<\/a><br \/>\n<a href=\"https:\/\/www.saborbrasil.it\/en\/peru-de-natal-christmas-turkey\/\">Peru de Natal\u00a0(Christmas Turkey)<\/a><br \/>\n<a href=\"https:\/\/www.saborbrasil.it\/en\/picole-chicabon-caseiro-homemade-chocolate-ice-cream-on-a-stick\/\">Picol\u00e9 &#8220;Chicabon&#8221; caseiro\u00a0(Homemade Chocolate Ice Cream on a Stick)<\/a><br \/>\n<a href=\"https:\/\/www.saborbrasil.it\/en\/pinga-com-mel-pinga-and-honey\/\">Pinga com mel\u00a0(\u201cPinga\u201d and Honey)<\/a><br \/>\n<a href=\"https:\/\/www.saborbrasil.it\/en\/pirao-creamy-manioc\/\">Pir\u00e3o\u00a0(Creamy Manioc)<\/a><br \/>\n<a href=\"https:\/\/www.saborbrasil.it\/en\/polenta-frita-fried-polenta\/\">Polenta frita\u00a0(Fried Polenta)<\/a><br \/>\n<a href=\"https:\/\/www.saborbrasil.it\/en\/pudim-de-claras-molotov-pudding\/\">Pudim de claras\u00a0(Molotov Pudding)<\/a><br \/>\n<a href=\"https:\/\/www.saborbrasil.it\/en\/pudim-de-leite-moca-milk-pudding\/\">Pudim de leite Mo\u00e7a\u00a0(Milk Pudding)<\/a><br \/>\n<a href=\"https:\/\/www.saborbrasil.it\/en\/pure-de-banana-da-terra-plantain-puree\/\">Pur\u00ea de banana da terra\u00a0(Plantain Pur\u00e9e)<\/a><br \/>\n<a href=\"https:\/\/www.saborbrasil.it\/en\/queijadinha-sweet-cheese-muffins\/\">Queijadinha\u00a0(Sweet Cheese Muffins)<\/a><br \/>\n<a href=\"https:\/\/www.saborbrasil.it\/en\/quentao-cachacas-grog\/\">Quent\u00e3o\u00a0(Cacha\u00e7a&#8217;s Grog )<\/a><br \/>\n<a href=\"https:\/\/www.saborbrasil.it\/en\/quiabo-refogado-sauteed-okra\/\">Quiabo refogado\u00a0(Saut\u00e9ed Okra)<\/a><br \/>\n<a href=\"https:\/\/www.saborbrasil.it\/en\/quibebe-pure-di-zucca\/\">Quibebe\u00a0(Pumpkin Pur\u00e9e)<\/a><br \/>\n<a href=\"https:\/\/www.saborbrasil.it\/en\/quibe-kibe-de-bandeja-baked-kibbeh\/\">Quibe\/kibe de bandeja\u00a0(Baked Kibbeh)<\/a><br \/>\n<a href=\"https:\/\/www.saborbrasil.it\/en\/2664\/\">Quibe\/Kibe frito\u00a0(Fried Kibbeh)<\/a><br \/>\n<a href=\"https:\/\/www.saborbrasil.it\/en\/quindim-dolce-di-tuorli-e-cocco\/\">Quindim\u00a0(Egg Yolks and Coconut Flan)<\/a><br \/>\n<a href=\"https:\/\/www.saborbrasil.it\/en\/rabada-ao-vinho-tinto-coda-di-bue-in-umido-2\/\">Rabada ao vinho tinto\u00a0(Oxtail Stew in Red Wine)<\/a><br \/>\n<a href=\"https:\/\/www.saborbrasil.it\/en\/rabanada-pane-fritto-dolce\/\">Rabanada (Sweet Fried Bread)<\/a><br \/>\n<a href=\"https:\/\/www.saborbrasil.it\/en\/risoto-de-camarao-risotto-di-gamberetti\/\">Risoto de camar\u00e3o\u00a0(Prawn Risotto)<\/a><br \/>\n<a href=\"https:\/\/www.saborbrasil.it\/en\/rissol-sofficino\/\">Rissol\u00a0(Soft Stuffed Pastry)<\/a><br \/>\n<a href=\"https:\/\/www.saborbrasil.it\/en\/rocambole-de-camarao-rotolo-di-gamberetti\/\">Rocambole de camar\u00e3o\u00a0(Prawn Roulade)<\/a><br \/>\n<a href=\"https:\/\/www.saborbrasil.it\/en\/rocambole-de-doce-de-leite-rotolo-di-dulce-de-leche\/\">Rocambole de doce de leite\u00a0(&#8220;Dulce de leche&#8221; roulade)<\/a><br \/>\n<a href=\"https:\/\/www.saborbrasil.it\/en\/romeu-e-julieta-giulietta-e-romeo\/\">Romeu e Julieta\u00a0(Romeo and Juliet)<\/a><br \/>\n<a href=\"https:\/\/www.saborbrasil.it\/en\/rosbife-de-picanha-roast-beef-di-picanha\/\">Rosbife de picanha\u00a0(&#8220;Picanha&#8221; Roast)<\/a><br \/>\n<a href=\"https:\/\/www.saborbrasil.it\/en\/sagu-de-vinho-tinto-perle-di-tapioca-al-vino-rosso\/\">Sagu de vinho tinto\u00a0(Tapioca Pearls in Red Wine)<\/a><br \/>\n<a href=\"https:\/\/www.saborbrasil.it\/en\/salada-de-chuchu-insalata-di-chayote\/\">Salada de chuchu\u00a0(Chayote Salad )<\/a><br \/>\n<a href=\"https:\/\/www.saborbrasil.it\/en\/salpicao-insalata-di-pollo\/\">Salpic\u00e3o\u00a0(Party Chicken Salad)<\/a><br \/>\n<a href=\"https:\/\/www.saborbrasil.it\/en\/saltenha-tortelloni-di-pollo\/\">Saltenha\u00a0(Savoury pastry filled with chicken)<\/a><br \/>\n<a href=\"https:\/\/www.saborbrasil.it\/en\/sanduiche-de-carne-louca-panino-di-carne-bizzarra\/\">Sandu\u00edche de carne louca\u00a0(Bizarre Meat Sandwich)<\/a><br \/>\n<a href=\"https:\/\/www.saborbrasil.it\/en\/sequilhos-de-maizena-biscotti-di-amido-di-mais\/\">Sequilhos de Maizena\u00a0(Corn Starch Cookies)<\/a><br \/>\n<a href=\"https:\/\/www.saborbrasil.it\/en\/sopa-de-feijao-minestra-di-fagioli\/\">Sopa de feij\u00e3o\u00a0(Beans Soup)<\/a><br \/>\n<a href=\"https:\/\/www.saborbrasil.it\/en\/sopa-de-grao-de-bico-com-macarraozinho-zuppa-di-ceci-con-ditalini\/\">Sopa de gr\u00e3o-de-bico com macarr\u00e3ozinho\u00a0(Chickpea and pasta soup)<\/a><br \/>\n<a href=\"https:\/\/www.saborbrasil.it\/en\/sopa-de-mandioquinha-vellutata-di-arracacha\/\">Sopa de mandioquinha\u00a0(Arracacha creamy soup)<\/a><br \/>\n<a href=\"https:\/\/www.saborbrasil.it\/en\/strogonoff-spezzatino-di-manzo-con-panna\/\">Strogonoff\u00a0(Stroganoff)<\/a><br \/>\n<a href=\"https:\/\/www.saborbrasil.it\/en\/suco-de-abacaxi-succo-di-ananas\/\">Suco de abacaxi\u00a0(Pineapple Juice)<\/a><br \/>\n<a href=\"https:\/\/www.saborbrasil.it\/en\/suco-de-melancia-succo-di-anguria\/\">Suco de melancia\u00a0(Watermelon Juice)<\/a><br \/>\n<a href=\"https:\/\/www.saborbrasil.it\/en\/suco-e-geleia-de-uva-succo-e-marmellata-duva\/\">Suco e gel\u00e9ia de uva\u00a0(Grape juice and grape jam )<\/a><br \/>\n<a href=\"https:\/\/www.saborbrasil.it\/en\/sufle-de-chuchu-souffle-di-chayote\/\">Sufl\u00ea de chuchu\u00a0(Chayote Souffl\u00e9)<\/a><br \/>\n<a href=\"https:\/\/www.saborbrasil.it\/en\/tabule-tabule\/\">Tabule\u00a0(Tabbouleh)<\/a><br \/>\n<a href=\"https:\/\/www.saborbrasil.it\/en\/tender-glazed-ham\/\">Tender\u00a0(Glazed Ham)<\/a><br \/>\n<a href=\"https:\/\/www.saborbrasil.it\/en\/torta-de-frango-chicken-pie\/\">Torta de frango\u00a0(Chicken Pie)<\/a><br \/>\n<a href=\"https:\/\/www.saborbrasil.it\/en\/torta-de-limao-crostata-al-limone\/\">Torta de lim\u00e3o\u00a0(Brazilian Lime Pie)<\/a><br \/>\n<a href=\"https:\/\/www.saborbrasil.it\/en\/torta-de-liquidificador-torta-frullata\/\">Torta de liquidificador\u00a0(Savory Pie)<\/a><br \/>\n<a href=\"https:\/\/www.saborbrasil.it\/en\/tutu-de-feijao-crema-di-fagioli\/\">Tutu de feij\u00e3o\u00a0(Black Bean Pur\u00e9e)<\/a><br \/>\n<a href=\"https:\/\/www.saborbrasil.it\/en\/vaca-atolada-beef-ribs-with-manioc\/\">Vaca atolada\u00a0(Beef Ribs with Manioc)<\/a><br \/>\n<a href=\"https:\/\/www.saborbrasil.it\/en\/vatapa-prawns-in-coconut-milk-sauce\/\">Vatap\u00e1\u00a0(Prawns in Coconut Milk Sauce)<\/a><br \/>\n<a href=\"https:\/\/www.saborbrasil.it\/en\/virado-a-paulista-bean-puree-with-pork\/\">Virado \u00e0 paulista (Bean Pur\u00e9e with Pork)<\/a><br \/>\n<a href=\"https:\/\/www.saborbrasil.it\/en\/fruit-smoothie-and-avocado-smoothie\/\">Vitamina de fruta e de abacate\u00a0(Fruit Smoothie and Avocado Smoothie)<\/a><\/p>\n","protected":false},"excerpt":{"rendered":"<p>Aca\u00e7\u00e1 (Savory rice cream) Alfajor&#8221; de amido de milho (&#8220;Alfajor&#8221; Cookies ) Ameixa com bacon e Pur\u00ea de ma\u00e7\u00e3\u00a0(Prunes Wrapped in Bacon and Apple Pur\u00e9e) Amor aos peda\u00e7os\u00a0(Pieces of love) Arroz \u00e0 grega\u00a0(Greek Style Rice) Arroz branco\u00a0(White Rice) Arroz de carreteiro (Mule driver&#8217;s rice) Arroz&hellip;<\/p>\n","protected":false},"author":2,"featured_media":0,"parent":0,"menu_order":0,"comment_status":"closed","ping_status":"closed","template":"","meta":{"footnotes":""},"class_list":["post-5383","page","type-page","status-publish","hentry"],"_links":{"self":[{"href":"https:\/\/www.saborbrasil.it\/en\/index.php?rest_route=\/wp\/v2\/pages\/5383","targetHints":{"allow":["GET"]}}],"collection":[{"href":"https:\/\/www.saborbrasil.it\/en\/index.php?rest_route=\/wp\/v2\/pages"}],"about":[{"href":"https:\/\/www.saborbrasil.it\/en\/index.php?rest_route=\/wp\/v2\/types\/page"}],"author":[{"embeddable":true,"href":"https:\/\/www.saborbrasil.it\/en\/index.php?rest_route=\/wp\/v2\/users\/2"}],"replies":[{"embeddable":true,"href":"https:\/\/www.saborbrasil.it\/en\/index.php?rest_route=%2Fwp%2Fv2%2Fcomments&post=5383"}],"version-history":[{"count":22,"href":"https:\/\/www.saborbrasil.it\/en\/index.php?rest_route=\/wp\/v2\/pages\/5383\/revisions"}],"predecessor-version":[{"id":6126,"href":"https:\/\/www.saborbrasil.it\/en\/index.php?rest_route=\/wp\/v2\/pages\/5383\/revisions\/6126"}],"wp:attachment":[{"href":"https:\/\/www.saborbrasil.it\/en\/index.php?rest_route=%2Fwp%2Fv2%2Fmedia&parent=5383"}],"curies":[{"name":"wp","href":"https:\/\/api.w.org\/{rel}","templated":true}]}}