{"id":279,"date":"2021-06-01T17:12:19","date_gmt":"2021-06-01T15:12:19","guid":{"rendered":"http:\/\/brasil.polardemo.it\/?page_id=279"},"modified":"2021-06-20T18:44:54","modified_gmt":"2021-06-20T16:44:54","slug":"senza-glutine","status":"publish","type":"page","link":"https:\/\/www.saborbrasil.it\/?page_id=279","title":{"rendered":"SENZA GLUTINE"},"content":{"rendered":"\r\n<p><a href=\"https:\/\/www.saborbrasil.it\/acaca-crema-di-riso\/\">Aca\u00e7\u00e1 (Crema di riso)<\/a><br \/><a href=\"https:\/\/www.saborbrasil.it\/alfajor-de-amido-de-milho-biscotto-alfajor\/\">&#8220;Alfajor&#8221; de amido de milho (Biscotto &#8220;alfajor&#8221;)<\/a><br \/><a href=\"https:\/\/www.saborbrasil.it\/ameixa-com-bacon-e-pure-de-maca-prugna-con-pancetta-e-pure-di-mela\/\">Ameixa com bacon e Pur\u00ea de ma\u00e7\u00e3 (Prugna con pancetta e Pur\u00e8 di mela)<\/a><br \/><a href=\"https:\/\/www.saborbrasil.it\/arroz-a-grega-riso-alla-greca\/\">Arroz \u00e0 grega (Riso alla greca)<\/a><br \/><a href=\"https:\/\/www.saborbrasil.it\/arroz-branco-riso-bianco\/\">Arroz branco (Riso bianco)<\/a><br \/><a href=\"https:\/\/www.saborbrasil.it\/arroz-de-carreteiro-riso-del-mulattiere\/\">Arroz de carreteiro (Riso del mulattiere)<\/a><br \/><a href=\"https:\/\/www.saborbrasil.it\/arroz-de-festa-riso-di-festa\/\">Arroz de festa (Riso di festa)<\/a><br \/><a href=\"https:\/\/www.saborbrasil.it\/arroz-doce-riso-dolce\/\">Arroz doce (Riso dolce)<\/a><br \/><a href=\"https:\/\/www.saborbrasil.it\/baiao-de-dois-riso-e-fagioli-cotti-insieme\/\">Bai\u00e3o de dois (Riso e fagioli cotti insieme)<\/a><br \/><a href=\"https:\/\/www.saborbrasil.it\/bala-de-gelatina-de-pinga-caramella-gelatinosa-di-cachaca\/\">Bala de gelatina de pinga (Caramella gelatinosa di &#8220;cacha\u00e7a&#8221;)<\/a><br \/><a href=\"https:\/\/www.saborbrasil.it\/banana-da-terra-assada-platano-arrosto\/\">Banana da terra assada (Platano arrosto)<\/a><br \/><a href=\"https:\/\/www.saborbrasil.it\/banana-da-terra-frita-platano-fritto\/\">Banana da terra frita (Platano fritto)<\/a><br \/><a href=\"https:\/\/www.saborbrasil.it\/banana-frita-no-acucar-banana-caramellata\/\">Banana frita no a\u00e7\u00facar (Banana caramellata)<\/a><br \/><a href=\"https:\/\/www.saborbrasil.it\/batata-doce-frita-patata-americana-fritta\/\">Batata doce frita (Patata americana fritta)<\/a><br \/><a href=\"https:\/\/www.saborbrasil.it\/batata-palha-patata-paglia\/\">Batata palha (Patata paglia)<\/a><br \/><a href=\"https:\/\/www.saborbrasil.it\/batida-de-amendoim-arachidi\/\">Batida de amendoim (&#8220;Batida&#8221; di arachidi)<\/a><br \/><a href=\"https:\/\/www.saborbrasil.it\/batida-de-coco-cocco\/\">Batida de coco (&#8220;Batida&#8221; di\u00a0 cocco)<\/a><br \/><a href=\"https:\/\/www.saborbrasil.it\/batida-de-maracuja-frutto-della-passione\/\">Batida de maracuj\u00e1 &#8220;Batida&#8221; di\u00a0 frutto della passione)<\/a><br \/><a href=\"https:\/\/www.saborbrasil.it\/batida-de-morango-fragola\/\">Batida de morango (&#8220;Batida&#8221; di\u00a0 fragola)<\/a><br \/><a href=\"https:\/\/www.saborbrasil.it\/beijinho-pasticcino-al-cocco\/\">Beijinho (Pasticcino al cocco)<\/a><br \/><a href=\"https:\/\/www.saborbrasil.it\/beiju-de-tapioca-crespella-di-tapioca\/\">Beiju de tapioca (Crespella di tapioca)<\/a><br \/><a href=\"https:\/\/www.saborbrasil.it\/bife-de-panela-fettine-di-manzo-in-umido\/\">Bife de panela (Fettine di manzo in umido)<\/a><br \/><a href=\"https:\/\/www.saborbrasil.it\/biscoito-de-polvilho-biscotti-di-fecola-di-manioca\/\">Biscoito de Polvilho (Biscotti di fecola di manioca)<\/a><br \/><a href=\"https:\/\/www.saborbrasil.it\/bobo-de-camarao-gamberi-in-salsa-di-manioca\/\">Bob\u00f3 de camar\u00e3o (Gamberi in salsa di manioca)<\/a><br \/><a href=\"https:\/\/www.saborbrasil.it\/bolinho-de-bacalhau-crocchette-di-baccala\/\">Bolinho de bacalhau (Crocchette di baccal\u00e0)<\/a><br \/><a href=\"https:\/\/www.saborbrasil.it\/bolo-de-aipim-torta-di-manioca\/\">Bolo de aipim (Torta di manioca)<\/a><br \/><a href=\"https:\/\/www.saborbrasil.it\/bom-bocado-buon-boccone\/\">Bom-bocado (Buon boccone)<\/a><br \/><a href=\"https:\/\/www.saborbrasil.it\/brigadeirao-budino-al-cioccolato\/\">Brigadeir\u00e3o (Budino al cioccolato)<\/a><br \/><a href=\"https:\/\/www.saborbrasil.it\/brigadeiro-pasticcino-al-cioccolato\/\">Brigadeiro (Pasticcino al cioccolato)<\/a><br \/><a href=\"https:\/\/www.saborbrasil.it\/brigadeiro-de-caipirinha-tartufini-alla-caipirinha\/\">Brigadeiro de caipirinha (Tartufini alla &#8220;caipirinha&#8221;)<\/a><br \/><a href=\"https:\/\/www.saborbrasil.it\/cafe-bombom-caffe-bombon\/\">Caf\u00e9 bombom (Caff\u00e8 bomb\u00f3n)<\/a><br \/><a href=\"https:\/\/www.saborbrasil.it\/caipirinha\/\">Caipirinha<\/a><br \/><a href=\"https:\/\/www.saborbrasil.it\/cajuzinho-pasticcino-alle-arachidi\/\">Cajuzinho (Pasticcino alle arachidi)<\/a><br \/><a href=\"https:\/\/www.saborbrasil.it\/caldo-verde-zuppa-verde\/\">Caldo verde (Zuppa verde)<\/a><br \/><a href=\"https:\/\/www.saborbrasil.it\/camafeu-de-nozes-pasticcini-alle-noci\/\">Camafeu de nozes (Pasticcini alle noci)<\/a><br \/><a href=\"https:\/\/www.saborbrasil.it\/canja-de-galinha-minestra-di-gallina\/\">Canja de galinha (Minestra di gallina)<\/a><br \/><a href=\"https:\/\/www.saborbrasil.it\/canjica-dolce-di-chicchi-mais\/\">Canjica (Dolce di chicchi mais)<\/a><br \/><a href=\"https:\/\/www.saborbrasil.it\/4006\/\">Cartola Pernambucana (Dessert di banane e formaggio)<\/a><br \/><a href=\"https:\/\/www.saborbrasil.it\/chuchu-refogado-chayote-in-umido\/\">Chuchu refogado (Chayote in umido)<\/a><br \/><a href=\"https:\/\/www.saborbrasil.it\/churrasco-carne-alle-brace\/\">Churrasco (Carne alle brace)<\/a><br \/><a href=\"https:\/\/www.saborbrasil.it\/churrasco-de-picanha-picanha-allo-spiedo\/\">Churrasco de picanha (&#8220;Picanha&#8221; allo spiedo)<\/a><br \/><a href=\"https:\/\/www.saborbrasil.it\/cocada-dolce-di-cocco\/\">Cocada (Dolce di cocco)<\/a><br \/><a href=\"https:\/\/www.saborbrasil.it\/cocada-com-ovos-dolce-di-cocco-con-uova\/\">Cocada com ovos (Dolce di cocco con uova)<\/a><br \/><a href=\"https:\/\/www.saborbrasil.it\/couve-refogada-cavolo-nero\/\">Couve refogada (Cavolo nero in umido)<\/a><br \/><a href=\"https:\/\/www.saborbrasil.it\/cozido-bollito-brasiliano\/\">Cozido (Bollito brasiliano)<\/a><br \/><a href=\"https:\/\/www.saborbrasil.it\/creme-de-abacate-crema-dolce-di-avocado\/\">Creme de abacate (Crema dolce di avocado)<\/a><br \/><a href=\"https:\/\/www.saborbrasil.it\/curau-crema-di-mais\/\">Curau (Crema di mais)<\/a><br \/><a href=\"https:\/\/www.saborbrasil.it\/cuscuz-com-coco-couscous-con-cocco\/\">Cuscuz com coco (Couscous con cocco)<\/a><br \/><a href=\"https:\/\/www.saborbrasil.it\/cuscuz-de-tapioca-couscous-di-tapioca\/\">Cuscuz de tapioca (Couscous di tapioca)<\/a><br \/><a href=\"https:\/\/www.saborbrasil.it\/cuscuz-nordestino-couscous-del-nord-est-del-brasile\/\">Cuscuz nordestino (Couscous del nord-est del Brasile)<\/a><br \/><a href=\"https:\/\/www.saborbrasil.it\/cuscuz-paulista-ou-portugues-couscous-paulista\/\">Cuscuz paulista (Couscous &#8220;paulista&#8221;)<\/a><br \/><a href=\"https:\/\/www.saborbrasil.it\/doce-de-abobora-dolce-di-zucca\/\">Doce de ab\u00f3bora (Dolce di zucca)<\/a><br \/><a href=\"https:\/\/www.saborbrasil.it\/farofa-contorno-di-farina-di-manioca\/\">Farofa (Contorno di farina di manioca)<\/a><br \/><a href=\"https:\/\/www.saborbrasil.it\/farofa-de-banana-da-terra-farofa-di-platano\/\">Farofa de banana da terra (&#8220;Farofa&#8221; di platano)<\/a><br \/><a href=\"https:\/\/www.saborbrasil.it\/farofa-de-ovos-farofa-di-uova\/\">Farofa de ovos (&#8220;Farofa&#8221; di uova)<\/a><br \/><a href=\"https:\/\/www.saborbrasil.it\/feijao-tropeiro-fagioli-del-mulattiere\/\">Feij\u00e3o-tropeiro (Fagioli del mulattiere )<\/a><br \/><a href=\"https:\/\/www.saborbrasil.it\/feijoada-fagiolata\/\">Feijoada (Fagiolata)<\/a><br \/><a href=\"https:\/\/www.saborbrasil.it\/figo-verde-em-calda-fichi-verdi-sciroppati\/\">Figo verde em calda (Fichi verdi sciroppati)<\/a><br \/><a href=\"https:\/\/www.saborbrasil.it\/fios-de-ovos-fili-duova\/\">Fios de ovos (Fili d&#8217;uova)<\/a><br \/><a href=\"https:\/\/www.saborbrasil.it\/frango-a-passarinho-pollo-fritto\/\">Frango a passarinho (Pollo fritto)<\/a><br \/><a href=\"https:\/\/www.saborbrasil.it\/gelatina-mosaico-mosaico-di-gelatina\/\">Gelatina mosaico (Mosaico di gelatina)<\/a><br \/><a href=\"https:\/\/www.saborbrasil.it\/geleia-de-banana-marmellata-di-banana\/\">Gel\u00e9ia de banana (Marmellata di banana)<\/a><br \/><a href=\"https:\/\/www.saborbrasil.it\/lombo-com-abacaxi-lonza-arrosto-con-ananas\/\">Lombo com abacaxi (Lonza arrosto con ananas)<\/a><br \/><a href=\"https:\/\/www.saborbrasil.it\/maionese-come-fare-la-maionese-in-casa\/\">Maionese (Come fare la maionese in casa)<\/a><br \/><a href=\"https:\/\/www.saborbrasil.it\/maionese-de-batata-insalata-russa\/\">Maionese de batata (Insalata russa)<\/a><br \/><a href=\"https:\/\/www.saborbrasil.it\/mandioca-frita-manioca-fritta\/\">Mandioca frita (Manioca fritta)<\/a><br \/><a href=\"https:\/\/www.saborbrasil.it\/manjar-branco-budino-di-cocco\/\">Manjar branco (Budino di cocco)<\/a><br \/><a href=\"https:\/\/www.saborbrasil.it\/meia-de-seda-batida-di-cioccolato\/\">Meia de seda (\u201cBatida\u201d di cioccolato)<\/a><br \/><a href=\"https:\/\/www.saborbrasil.it\/molho-vinagrete-salsa-vinaigrette\/\">Molho vinagrete (Salsa vinaigrette)<\/a><br \/><a href=\"https:\/\/www.saborbrasil.it\/moqueca-de-peixe-baiana-guazzetto-di-pesce-di-bahia\/\">Moqueca de peixe baiana (Guazzetto di pesce di Bahia)<\/a><br \/><a href=\"https:\/\/www.saborbrasil.it\/mousse-de-limao-rapida-mousse-al-lime-veloce\/\">Mousse de lim\u00e3o r\u00e1pida (Mousse al lime veloce)<\/a><br \/><a href=\"https:\/\/www.saborbrasil.it\/mousse-de-maracuja-mousse-di-frutto-della-passione\/\">Mousse de maracuj\u00e1 (Mousse di frutto della passione)<\/a><br \/><a href=\"https:\/\/www.saborbrasil.it\/olho-de-sogra-pasticcino-alle-prugne-e-cocco\/\">Olho de sogra (Pasticcino alle prugne e cocco)<\/a><br \/><a href=\"https:\/\/www.saborbrasil.it\/pacoca-de-banana-da-terra-pacoca-di-platano\/\">Pa\u00e7oca de banana da terra (&#8220;Pa\u00e7oca&#8221; di platano )<\/a><br \/><a href=\"https:\/\/www.saborbrasil.it\/pacoca-de-carne-seca-carne-secca-con-farina-di-manioca\/\">Pa\u00e7oca de carne seca (Carne secca con farina di manioca)<\/a><br \/><a href=\"https:\/\/www.saborbrasil.it\/pacoquinha-de-amendoim-dolcetto-di-arachidi\/\">Pa\u00e7oquinha de amendoim (Dolcetto di arachidi)<\/a><br \/><a href=\"https:\/\/www.saborbrasil.it\/pamonha-sweet-corn-mush-2\/\">Pamonha (Polentina di mais dolce)<\/a><br \/><a href=\"https:\/\/www.saborbrasil.it\/pao-de-queijo-pane-al-formaggio\/\">P\u00e3o de queijo (Pane al formaggio)<\/a><br \/><a href=\"https:\/\/www.saborbrasil.it\/pate-de-berinjela\/\">Pat\u00ea de berinjela (Pat\u00e9 di melanzane)<\/a><br \/><a href=\"https:\/\/www.saborbrasil.it\/peru-de-natal-tacchino-di-natale\/\">Peru de Natal (Tacchino di Natale)<\/a><br \/><a href=\"https:\/\/www.saborbrasil.it\/picole-chicabon-caseiro-gelato-al-cacao-su-stecco-fatto-in-casa\/\">Picol\u00e9 &#8220;Chicabon&#8221; caseiro (Gelato al cacao su stecco fatto in casa)<\/a><br \/><a href=\"https:\/\/www.saborbrasil.it\/pinga-com-mel-pinga-con-miele\/\">Pinga com mel (\u201cPinga\u201d con miele)<\/a><br \/><a href=\"https:\/\/www.saborbrasil.it\/pirao-crema-di-manioca\/\">Pir\u00e3o (Crema di manioca)<\/a><br \/><a href=\"https:\/\/www.saborbrasil.it\/pudim-de-claras-budino-di-albumi\/\">Pudim de claras (Budino di albumi)<\/a><br \/><a href=\"https:\/\/www.saborbrasil.it\/pudim-de-leite-moca-budino-di-latte\/\">Pudim de leite Mo\u00e7a (Budino di latte)<\/a><br \/><a href=\"https:\/\/www.saborbrasil.it\/pure-de-banana-da-terra-pure-di-platano\/\">Pur\u00ea de banana da terra (Pur\u00e8 di platano)<\/a><br \/><a href=\"https:\/\/www.saborbrasil.it\/quentao-grog-di-cachaca\/\">Quent\u00e3o (Grog di &#8220;cacha\u00e7a&#8221;)<\/a><br \/><a href=\"https:\/\/www.saborbrasil.it\/quiabo-refogado-okra-gombo-in-umido\/\">Quiabo refogado (Okra\/gombo in umido)<\/a><br \/><a href=\"https:\/\/www.saborbrasil.it\/quibebe-pure-di-zucca\/\">Quibebe (Pur\u00e8 di zucca)<\/a><br \/><a href=\"https:\/\/www.saborbrasil.it\/quindim-dolce-di-tuorli-e-cocco\/\">Quindim (Dolce di tuorli e cocco)<\/a><br \/><a href=\"https:\/\/www.saborbrasil.it\/rabada-ao-vinho-tinto-coda-di-bue-in-umido\/\">Rabada ao vinho tinto (Coda di bue in umido)<\/a><br \/><a href=\"https:\/\/www.saborbrasil.it\/risoto-de-camarao-risotto-di-gamberetti\/\">Risoto de camar\u00e3o (Risotto di gamberetti)<\/a><br \/><a href=\"https:\/\/www.saborbrasil.it\/romeu-e-julieta-giulietta-e-romeo\/\">Romeu e Julieta (Giulietta e Romeo)<\/a><br \/><a href=\"https:\/\/www.saborbrasil.it\/rosbife-de-picanha-roast-beef-di-picanha\/\">Rosbife de picanha (Roast beef di &#8220;picanha&#8221;)<\/a><br \/><a href=\"https:\/\/www.saborbrasil.it\/sagu-de-vinho-tinto-perle-di-tapioca-al-vino-rosso\/\">Sagu de vinho tinto (Perle di tapioca al vino rosso)<\/a><br \/><a href=\"https:\/\/www.saborbrasil.it\/salada-de-chuchu-insalata-di-chayote\/\">Salada de chuchu (Insalata di chayote )<\/a><br \/><a href=\"https:\/\/www.saborbrasil.it\/salpicao-insalata-di-pollo\/\">Salpic\u00e3o (Insalata di pollo)<\/a><br \/><a href=\"https:\/\/www.saborbrasil.it\/sequilhos-de-maizena-biscotti-di-amido-di-mais\/\">Sequilhos de Maizena (Biscotti di amido di mais)<\/a><br \/><a href=\"https:\/\/www.saborbrasil.it\/sopa-de-mandioquinha-vellutata-di-arracacha\/\">Sopa de mandioquinha (Vellutata di arracacha )<\/a><br \/><a href=\"https:\/\/www.saborbrasil.it\/suco-de-abacaxi-succo-di-ananas\/\">Suco de abacaxi (Succo di ananas)<\/a><br \/><a href=\"https:\/\/www.saborbrasil.it\/suco-de-melancia-succo-di-anguria\/\">Suco de melancia (Succo di anguria)<\/a><br \/><a href=\"https:\/\/www.saborbrasil.it\/suco-e-geleia-de-uva-succo-e-marmellata-duva\/\">Suco e gel\u00e9ia de uva (Succo e marmellata d&#8217;uva)<\/a><br \/><a href=\"https:\/\/www.saborbrasil.it\/tender-prosciutto-glassato\/\">Tender (Prosciutto glassato)<\/a><br \/><a href=\"https:\/\/www.saborbrasil.it\/tutu-de-feijao-crema-di-fagioli\/\">Tutu de feij\u00e3o (Crema di fagioli)<\/a><br \/><a href=\"https:\/\/www.saborbrasil.it\/vaca-atolada-biancostato-con-manioca\/\">Vaca atolada (Biancostato con manioca)<\/a><br \/><a href=\"https:\/\/www.saborbrasil.it\/virado-a-paulista-crema-di-fagioli-con-maiale\/\">Virado \u00e0 paulista (Crema di fagioli con maiale)<\/a><br \/><a href=\"https:\/\/www.saborbrasil.it\/vitamina-de-fruta-e-de-abacate-frullato-di-frutta-e-di-avocado\/\">Vitamina de fruta e de abacate (Frullato di frutta e di avocado)<\/a><\/p>\r\n","protected":false},"excerpt":{"rendered":"<p>Aca\u00e7\u00e1 (Crema di riso)&#8220;Alfajor&#8221; de amido de milho (Biscotto &#8220;alfajor&#8221;)Ameixa com bacon e Pur\u00ea de ma\u00e7\u00e3 (Prugna con pancetta e Pur\u00e8 di mela)Arroz \u00e0 grega (Riso alla greca)Arroz branco (Riso bianco)Arroz de carreteiro (Riso del mulattiere)Arroz de festa (Riso di festa)Arroz doce (Riso dolce)Bai\u00e3o de&hellip;<\/p>\n","protected":false},"author":2,"featured_media":0,"parent":0,"menu_order":0,"comment_status":"closed","ping_status":"closed","template":"","meta":{"footnotes":""},"class_list":["post-279","page","type-page","status-publish","hentry"],"_links":{"self":[{"href":"https:\/\/www.saborbrasil.it\/index.php?rest_route=\/wp\/v2\/pages\/279","targetHints":{"allow":["GET"]}}],"collection":[{"href":"https:\/\/www.saborbrasil.it\/index.php?rest_route=\/wp\/v2\/pages"}],"about":[{"href":"https:\/\/www.saborbrasil.it\/index.php?rest_route=\/wp\/v2\/types\/page"}],"author":[{"embeddable":true,"href":"https:\/\/www.saborbrasil.it\/index.php?rest_route=\/wp\/v2\/users\/2"}],"replies":[{"embeddable":true,"href":"https:\/\/www.saborbrasil.it\/index.php?rest_route=%2Fwp%2Fv2%2Fcomments&post=279"}],"version-history":[{"count":6,"href":"https:\/\/www.saborbrasil.it\/index.php?rest_route=\/wp\/v2\/pages\/279\/revisions"}],"predecessor-version":[{"id":5432,"href":"https:\/\/www.saborbrasil.it\/index.php?rest_route=\/wp\/v2\/pages\/279\/revisions\/5432"}],"wp:attachment":[{"href":"https:\/\/www.saborbrasil.it\/index.php?rest_route=%2Fwp%2Fv2%2Fmedia&parent=279"}],"curies":[{"name":"wp","href":"https:\/\/api.w.org\/{rel}","templated":true}]}}