{"id":284,"date":"2021-06-01T17:13:46","date_gmt":"2021-06-01T15:13:46","guid":{"rendered":"http:\/\/brasil.polardemo.it\/?page_id=284"},"modified":"2021-06-25T14:41:13","modified_gmt":"2021-06-25T12:41:13","slug":"batidas-e-bevande","status":"publish","type":"page","link":"https:\/\/www.saborbrasil.it\/?page_id=284","title":{"rendered":"&#8220;BATIDAS&#8221; E BEVANDE"},"content":{"rendered":"<p><img loading=\"lazy\" decoding=\"async\" class=\"alignnone size-large wp-image-5819\" src=\"https:\/\/www.saborbrasil.it\/wp-content\/uploads\/2021\/06\/1-1024x1024.jpg\" alt=\"-Sabor Brasil ricette di cucina Brasiliana\" width=\"1024\" height=\"1024\" data-kale-share-title=\"\u201cBATIDAS\u201d E BEVANDE\" data-kale-share-url=\"https:\/\/www.saborbrasil.it\/batidas-e-bevande\/\" srcset=\"https:\/\/www.saborbrasil.it\/wp-content\/uploads\/2021\/06\/1-1024x1024.jpg 1024w, https:\/\/www.saborbrasil.it\/wp-content\/uploads\/2021\/06\/1-300x300.jpg 300w, https:\/\/www.saborbrasil.it\/wp-content\/uploads\/2021\/06\/1-150x150.jpg 150w, https:\/\/www.saborbrasil.it\/wp-content\/uploads\/2021\/06\/1-768x768.jpg 768w, https:\/\/www.saborbrasil.it\/wp-content\/uploads\/2021\/06\/1-1536x1536.jpg 1536w, https:\/\/www.saborbrasil.it\/wp-content\/uploads\/2021\/06\/1-2048x2048.jpg 2048w\" sizes=\"auto, (max-width: 1024px) 100vw, 1024px\" \/><em><strong>Batida<\/strong><\/em>, da \u201cbater\u201d che significa frullare, \u00e8 il nome che si da agli aperitivi shakerati \u00a0preparati nella maggior parte con succo di frutta, <em>cacha\u00e7a<\/em> e zucchero o latte concentrato zuccherato.<\/p>\n<p>&nbsp;<\/p>\n<p><a href=\"https:\/\/www.saborbrasil.it\/batida-de-coco-cocco\/\">Batida de coco (&#8220;Batida&#8221; di\u00a0 cocco)<\/a><br \/>\n<a href=\"https:\/\/www.saborbrasil.it\/batida-de-maracuja-frutto-della-passione\/\">Batida de maracuj\u00e1 &#8220;Batida&#8221; di\u00a0 frutto della passione)<\/a><br \/>\n<a href=\"https:\/\/www.saborbrasil.it\/batida-de-morango-fragola\/\">Batida de morango (&#8220;Batida&#8221; di\u00a0 fragola)<\/a><br \/>\n<a href=\"https:\/\/www.saborbrasil.it\/cafe-bombom-caffe-bombon\/\">Caf\u00e9 bombom (Caff\u00e8 bomb\u00f3n)<\/a><br \/>\n<a href=\"https:\/\/www.saborbrasil.it\/caipirinha\/\">Caipirinha<\/a><br \/>\n<a href=\"https:\/\/www.saborbrasil.it\/meia-de-seda-batida-di-cioccolato\/\">Meia de seda (\u201cBatida\u201d di cioccolato)<\/a><br \/>\n<a href=\"https:\/\/www.saborbrasil.it\/pinga-com-mel-pinga-con-miele\/\">Pinga com mel (\u201cPinga\u201d con miele)<\/a><br \/>\n<a href=\"https:\/\/www.saborbrasil.it\/quentao-grog-di-cachaca\/\">Quent\u00e3o (Grog di &#8220;cacha\u00e7a&#8221;)<\/a><br \/>\n<a href=\"https:\/\/www.saborbrasil.it\/suco-de-abacaxi-succo-di-ananas\/\">Suco de abacaxi (Succo di ananas)<\/a><br \/>\n<a href=\"https:\/\/www.saborbrasil.it\/suco-de-melancia-succo-di-anguria\/\">Suco de melancia (Succo di anguria)<\/a><br \/>\n<a href=\"https:\/\/www.saborbrasil.it\/suco-e-geleia-de-uva-succo-e-marmellata-duva\/\">Suco e gel\u00e9ia de uva (Succo e marmellata d&#8217;uva)<\/a><br \/>\n<a href=\"https:\/\/www.saborbrasil.it\/vitamina-de-fruta-e-de-abacate-frullato-di-frutta-e-di-avocado\/\">Vitamina de fruta e de abacate (Frullato di frutta e di avocado)<\/a><\/p>\n","protected":false},"excerpt":{"rendered":"<p>Batida, da \u201cbater\u201d che significa frullare, \u00e8 il nome che si da agli aperitivi shakerati \u00a0preparati nella maggior parte con succo di frutta, cacha\u00e7a e zucchero o latte concentrato zuccherato. &nbsp; Batida de coco (&#8220;Batida&#8221; di\u00a0 cocco) Batida de maracuj\u00e1 &#8220;Batida&#8221; di\u00a0 frutto della passione)&hellip;<\/p>\n","protected":false},"author":2,"featured_media":0,"parent":0,"menu_order":0,"comment_status":"closed","ping_status":"closed","template":"","meta":{"footnotes":""},"class_list":["post-284","page","type-page","status-publish","hentry"],"_links":{"self":[{"href":"https:\/\/www.saborbrasil.it\/index.php?rest_route=\/wp\/v2\/pages\/284","targetHints":{"allow":["GET"]}}],"collection":[{"href":"https:\/\/www.saborbrasil.it\/index.php?rest_route=\/wp\/v2\/pages"}],"about":[{"href":"https:\/\/www.saborbrasil.it\/index.php?rest_route=\/wp\/v2\/types\/page"}],"author":[{"embeddable":true,"href":"https:\/\/www.saborbrasil.it\/index.php?rest_route=\/wp\/v2\/users\/2"}],"replies":[{"embeddable":true,"href":"https:\/\/www.saborbrasil.it\/index.php?rest_route=%2Fwp%2Fv2%2Fcomments&post=284"}],"version-history":[{"count":9,"href":"https:\/\/www.saborbrasil.it\/index.php?rest_route=\/wp\/v2\/pages\/284\/revisions"}],"predecessor-version":[{"id":6134,"href":"https:\/\/www.saborbrasil.it\/index.php?rest_route=\/wp\/v2\/pages\/284\/revisions\/6134"}],"wp:attachment":[{"href":"https:\/\/www.saborbrasil.it\/index.php?rest_route=%2Fwp%2Fv2%2Fmedia&parent=284"}],"curies":[{"name":"wp","href":"https:\/\/api.w.org\/{rel}","templated":true}]}}