{"id":297,"date":"2021-06-01T17:14:53","date_gmt":"2021-06-01T15:14:53","guid":{"rendered":"http:\/\/brasil.polardemo.it\/?page_id=297"},"modified":"2021-06-20T10:01:08","modified_gmt":"2021-06-20T08:01:08","slug":"dolci","status":"publish","type":"page","link":"https:\/\/www.saborbrasil.it\/?page_id=297","title":{"rendered":"DOLCI"},"content":{"rendered":"<p><a href=\"https:\/\/www.saborbrasil.it\/alfajor-de-amido-de-milho-biscotto-alfajor\/\">&#8220;Alfajor&#8221; de amido de milho (Biscotto &#8220;alfajor&#8221;)<\/a><br \/>\n<a href=\"https:\/\/www.saborbrasil.it\/amor-aos-pedacos-pezzetti-damore\/\">Amor aos peda\u00e7os (Pezzetti d&#8217;amore)<\/a><br \/>\n<a href=\"https:\/\/www.saborbrasil.it\/arroz-doce-riso-dolce\/\">Arroz doce (Riso dolce)<\/a><br \/>\n<a href=\"https:\/\/www.saborbrasil.it\/bala-de-gelatina-de-pinga-caramella-gelatinosa-di-cachaca\/\">Bala de gelatina de pinga (Caramella gelatinosa di &#8220;cacha\u00e7a&#8221;)<\/a><br \/>\n<a href=\"https:\/\/www.saborbrasil.it\/banana-da-terra-assada-platano-arrosto\/\">Banana da terra assada (Platano arrosto)<\/a><br \/>\n<a href=\"https:\/\/www.saborbrasil.it\/banana-da-terra-frita-platano-fritto\/\">Banana da terra frita (Platano fritto)<\/a><br \/>\n<a href=\"https:\/\/www.saborbrasil.it\/banana-frita-no-acucar-banana-caramellata\/\">Banana frita no a\u00e7\u00facar (Banana caramellata)<\/a><br \/>\n<a href=\"https:\/\/www.saborbrasil.it\/beijinho-pasticcino-al-cocco\/\">Beijinho (Pasticcino al cocco)<\/a><br \/>\n<a href=\"https:\/\/www.saborbrasil.it\/beiju-de-tapioca-crespella-di-tapioca\/\">Beiju de tapioca (Crespella di tapioca)<\/a><br \/>\n<a href=\"https:\/\/www.saborbrasil.it\/beliscao-de-goiabada-pizzicotto-di-guaiava\/\">Belisc\u00e3o de goiabada (Pizzicotto di guaiava)<\/a><br \/>\n<a href=\"https:\/\/www.saborbrasil.it\/bolinho-de-chuva-frittella-di-pioggia\/\">Bolinho de chuva (Frittella di pioggia)<\/a><br \/>\n<a href=\"https:\/\/www.saborbrasil.it\/bolo-com-leite-de-coco-ciambella-al-cocco\/\">Bolo com leite de coco (Ciambella al cocco)<\/a><br \/>\n<a href=\"https:\/\/www.saborbrasil.it\/bolo-de-aipim-torta-di-manioca\/\">Bolo de aipim (Torta di manioca)<\/a><br \/>\n<a href=\"https:\/\/www.saborbrasil.it\/bolo-de-banana-torta-di-banana\/\">Bolo de banana (Torta di banana)<\/a><br \/>\n<a href=\"https:\/\/www.saborbrasil.it\/bolo-de-cenoura-torta-di-carote\/\">Bolo de cenoura (Torta di carota)<\/a><br \/>\n<a href=\"https:\/\/www.saborbrasil.it\/bolo-de-fuba-torta-di-farina-di-polenta\/\">Bolo de fub\u00e1 (Torta di farina di polenta)<\/a><br \/>\n<a href=\"https:\/\/www.saborbrasil.it\/bolo-de-natal-torta-di-natale\/\">Bolo de Natal (Torta di Natale)<\/a><br \/>\n<a href=\"https:\/\/www.saborbrasil.it\/bolo-de-nozes-torta-di-noci\/\">Bolo de nozes (Torta di Noci)<\/a><br \/>\n<a href=\"https:\/\/www.saborbrasil.it\/bolo-embrulhado-torta-incartata\/\">Bolo embrulhado (Torta incartata)<\/a><br \/>\n<a href=\"https:\/\/www.saborbrasil.it\/bolo-fantastico-torta-fantastica\/\">Bolo fant\u00e1stico (Torta fantastica)<\/a><br \/>\n<a href=\"https:\/\/www.saborbrasil.it\/bolo-formigueiro-torta-formicaio\/\">Bolo formigueiro (Torta formicaio)<\/a><br \/>\n<a href=\"https:\/\/www.saborbrasil.it\/bolo-gostoso-com-cobertura-de-coco-torta-deliziosa-con-copertura-al-cocco\/\">Bolo gostoso com cobertura de coco (Torta deliziosa con copertura al cocco)<\/a><br \/>\n<a href=\"https:\/\/www.saborbrasil.it\/bolo-moreno-torta-mulatta\/\">Bolo moreno (Torta mulatta)<\/a><br \/>\n<a href=\"https:\/\/www.saborbrasil.it\/bolo-pega-marido-torta-acchiappa-marito\/\">Bolo pega marido (Torta acchiappa marito)<\/a><br \/>\n<a href=\"https:\/\/www.saborbrasil.it\/bolo-prestigio-torta-di-cioccolato-con-cocco\/\">Bolo Prest\u00edgio (Torta di cioccolato con cocco)<\/a><br \/>\n<a href=\"https:\/\/www.saborbrasil.it\/bolo-rei-torta-del-re\/\">Bolo Rei (Torta del Re)<\/a><br \/>\n<a href=\"https:\/\/www.saborbrasil.it\/bom-bocado-buon-boccone\/\">Bom-bocado (Buon boccone)<\/a><br \/>\n<a href=\"https:\/\/www.saborbrasil.it\/brejeirices-biscotti-al-cocco\/\">Brejeirices (Biscotti al cocco)<\/a><br \/>\n<a href=\"https:\/\/www.saborbrasil.it\/brigadeirao-budino-al-cioccolato\/\">Brigadeir\u00e3o (Budino al cioccolato)<\/a><br \/>\n<a href=\"https:\/\/www.saborbrasil.it\/brigadeiro-pasticcino-al-cioccolato\/\">Brigadeiro (Pasticcino al cioccolato)<\/a><br \/>\n<a href=\"https:\/\/www.saborbrasil.it\/brigadeiro-de-caipirinha-tartufini-alla-caipirinha\/\">Brigadeiro de caipirinha (Tartufini alla &#8220;caipirinha&#8221;)<\/a><br \/>\n<a href=\"https:\/\/www.saborbrasil.it\/cajuzinho-pasticcino-alle-arachidi\/\">Cajuzinho (Pasticcino alle arachidi)<\/a><br \/>\n<a href=\"https:\/\/www.saborbrasil.it\/camafeu-de-nozes-pasticcini-alle-noci\/\">Camafeu de nozes (Pasticcini alle noci)<\/a><br \/>\n<a href=\"https:\/\/www.saborbrasil.it\/canjica-dolce-di-chicchi-mais\/\">Canjica (Dolce di chicchi mais)<\/a><br \/>\n<a href=\"https:\/\/www.saborbrasil.it\/4006\/\">Cartola Pernambucana (Dessert di banane e formaggio)<\/a><br \/>\n<a href=\"https:\/\/www.saborbrasil.it\/cocada-dolce-di-cocco\/\">Cocada (Dolce di cocco)<\/a><br \/>\n<a href=\"https:\/\/www.saborbrasil.it\/cocada-com-ovos-dolce-di-cocco-con-uova\/\">Cocada com ovos (Dolce di cocco con uova)<\/a><br \/>\n<a href=\"https:\/\/www.saborbrasil.it\/creme-de-abacate-crema-dolce-di-avocado\/\">Creme de abacate (Crema dolce di avocado)<\/a><br \/>\n<a href=\"https:\/\/www.saborbrasil.it\/cuca-de-banana-pan-dolce-farcito-con-banana\/\">Cuca de banana (Pan dolce farcito con banana)<\/a><br \/>\n<a href=\"https:\/\/www.saborbrasil.it\/curau-crema-di-mais\/\">Curau (Crema di mais)<\/a><br \/>\n<a href=\"https:\/\/www.saborbrasil.it\/cuscuz-com-coco-couscous-con-cocco\/\">Cuscuz com coco (Couscous con cocco)<\/a><br \/>\n<a href=\"https:\/\/www.saborbrasil.it\/cuscuz-de-tapioca-couscous-di-tapioca\/\">Cuscuz de tapioca (Couscous di tapioca)<\/a><br \/>\n<a href=\"https:\/\/www.saborbrasil.it\/cuscuz-nordestino-couscous-del-nord-est-del-brasile\/\">Cuscuz nordestino (Couscous del nord-est del Brasile)<\/a><br \/>\n<a href=\"https:\/\/www.saborbrasil.it\/doce-de-abobora-dolce-di-zucca\/\">Doce de ab\u00f3bora (Dolce di zucca)<\/a><br \/>\n<a href=\"https:\/\/www.saborbrasil.it\/figo-verde-em-calda-fichi-verdi-sciroppati\/\">Figo verde em calda (Fichi verdi sciroppati)<\/a><br \/>\n<a href=\"https:\/\/www.saborbrasil.it\/fios-de-ovos-fili-duova\/\">Fios de ovos (Fili d&#8217;uova)<\/a><br \/>\n<a href=\"https:\/\/www.saborbrasil.it\/gelatina-mosaico-mosaico-di-gelatina\/\">Gelatina mosaico (Mosaico di gelatina)<\/a><br \/>\n<a href=\"https:\/\/www.saborbrasil.it\/geleia-de-banana-marmellata-di-banana\/\">Gel\u00e9ia de banana (Marmellata di banana)<\/a><br \/>\n<a href=\"https:\/\/www.saborbrasil.it\/manjar-branco-budino-di-cocco\/\">Manjar branco (Budino di cocco)<\/a><br \/>\n<a href=\"https:\/\/www.saborbrasil.it\/mousse-de-limao-rapida-mousse-al-lime-veloce\/\">Mousse de lim\u00e3o r\u00e1pida (Mousse al lime veloce)<\/a><br \/>\n<a href=\"https:\/\/www.saborbrasil.it\/mousse-de-maracuja-mousse-di-frutto-della-passione\/\">Mousse de maracuj\u00e1 (Mousse di frutto della passione)<\/a><br \/>\n<a href=\"https:\/\/www.saborbrasil.it\/olho-de-sogra-pasticcino-alle-prugne-e-cocco\/\">Olho de sogra (Pasticcino alle prugne e cocco)<\/a><br \/>\n<a href=\"https:\/\/www.saborbrasil.it\/pacoca-de-banana-da-terra-pacoca-di-platano\/\">Pa\u00e7oca de banana da terra (&#8220;Pa\u00e7oca&#8221; di platano )<\/a><br \/>\n<a href=\"https:\/\/www.saborbrasil.it\/pacoquinha-de-amendoim-dolcetto-di-arachidi\/\">Pa\u00e7oquinha de amendoim (Dolcetto di arachidi)<\/a><br \/>\n<a href=\"https:\/\/www.saborbrasil.it\/pamonha-sweet-corn-mush-2\/\">Pamonha (Polentina di mais dolce)<\/a><br \/>\n<a href=\"https:\/\/www.saborbrasil.it\/pao-de-lo-com-banana-pan-di-spagna-con-banana\/\">P\u00e3o-de-L\u00f3 com banana (Pan di Spagna con banana)<\/a><br \/>\n<a href=\"https:\/\/www.saborbrasil.it\/pave-de-abacaxi-e-coco-pave-dananas-e-cocco\/\">Pav\u00ea de abacaxi e coco (Pav\u00e9 d\u2019ananas e cocco)<\/a><br \/>\n<a href=\"https:\/\/www.saborbrasil.it\/pave-de-amendoim-pave-darachidi\/\">Pav\u00ea de amendoim (Pav\u00e9 d\u2019arachidi)<\/a><br \/>\n<a href=\"https:\/\/www.saborbrasil.it\/picole-chicabon-caseiro-gelato-al-cacao-su-stecco-fatto-in-casa\/\">Picol\u00e9 &#8220;Chicabon&#8221; caseiro (Gelato al cacao su stecco fatto in casa)<\/a><br \/>\n<a href=\"https:\/\/www.saborbrasil.it\/pudim-de-claras-budino-di-albumi\/\">Pudim de claras (Budino di albumi)<\/a><br \/>\n<a href=\"https:\/\/www.saborbrasil.it\/pudim-de-leite-moca-budino-di-latte\/\">Pudim de leite Mo\u00e7a (Budino di latte)<\/a><br \/>\n<a href=\"https:\/\/www.saborbrasil.it\/queijadinha-dolcetto-al-formaggio\/\">Queijadinha (Dolcetto al formaggio)<\/a><br \/>\n<a href=\"https:\/\/www.saborbrasil.it\/quindim-dolce-di-tuorli-e-cocco\/\">Quindim (Dolce di tuorli e cocco)<\/a><br \/>\n<a href=\"https:\/\/www.saborbrasil.it\/rabanada-pane-fritto-dolce\/\">Rabanada (Pane fritto dolce)<\/a><br \/>\n<a href=\"https:\/\/www.saborbrasil.it\/rocambole-de-doce-de-leite-rotolo-di-dulce-de-leche\/\">Rocambole de doce de leite (Rotolo di &#8220;dulce de leche&#8221;)<\/a><br \/>\n<a href=\"https:\/\/www.saborbrasil.it\/romeu-e-julieta-giulietta-e-romeo\/\">Romeu e Julieta (Giulietta e Romeo)<\/a><br \/>\n<a href=\"https:\/\/www.saborbrasil.it\/sagu-de-vinho-tinto-perle-di-tapioca-al-vino-rosso\/\">Sagu de vinho tinto (Perle di tapioca al vino rosso)<\/a><br \/>\n<a href=\"https:\/\/www.saborbrasil.it\/sequilhos-de-maizena-biscotti-di-amido-di-mais\/\">Sequilhos de Maizena (Biscotti di amido di mais)<\/a><br \/>\n<a href=\"https:\/\/www.saborbrasil.it\/suco-e-geleia-de-uva-succo-e-marmellata-duva\/\">Suco e gel\u00e9ia de uva (Succo e marmellata d&#8217;uva)<\/a><br \/>\n<a href=\"https:\/\/www.saborbrasil.it\/torta-de-limao-crostata-al-limone\/\">Torta de lim\u00e3o (Crostata al limone )<\/a><\/p>\n","protected":false},"excerpt":{"rendered":"<p>&#8220;Alfajor&#8221; de amido de milho (Biscotto &#8220;alfajor&#8221;) Amor aos peda\u00e7os (Pezzetti d&#8217;amore) Arroz doce (Riso dolce) Bala de gelatina de pinga (Caramella gelatinosa di &#8220;cacha\u00e7a&#8221;) Banana da terra assada (Platano arrosto) Banana da terra frita (Platano fritto) Banana frita no a\u00e7\u00facar (Banana caramellata) Beijinho (Pasticcino&hellip;<\/p>\n","protected":false},"author":2,"featured_media":0,"parent":0,"menu_order":0,"comment_status":"closed","ping_status":"closed","template":"","meta":{"footnotes":""},"class_list":["post-297","page","type-page","status-publish","hentry"],"_links":{"self":[{"href":"https:\/\/www.saborbrasil.it\/index.php?rest_route=\/wp\/v2\/pages\/297","targetHints":{"allow":["GET"]}}],"collection":[{"href":"https:\/\/www.saborbrasil.it\/index.php?rest_route=\/wp\/v2\/pages"}],"about":[{"href":"https:\/\/www.saborbrasil.it\/index.php?rest_route=\/wp\/v2\/types\/page"}],"author":[{"embeddable":true,"href":"https:\/\/www.saborbrasil.it\/index.php?rest_route=\/wp\/v2\/users\/2"}],"replies":[{"embeddable":true,"href":"https:\/\/www.saborbrasil.it\/index.php?rest_route=%2Fwp%2Fv2%2Fcomments&post=297"}],"version-history":[{"count":4,"href":"https:\/\/www.saborbrasil.it\/index.php?rest_route=\/wp\/v2\/pages\/297\/revisions"}],"predecessor-version":[{"id":5285,"href":"https:\/\/www.saborbrasil.it\/index.php?rest_route=\/wp\/v2\/pages\/297\/revisions\/5285"}],"wp:attachment":[{"href":"https:\/\/www.saborbrasil.it\/index.php?rest_route=%2Fwp%2Fv2%2Fmedia&parent=297"}],"curies":[{"name":"wp","href":"https:\/\/api.w.org\/{rel}","templated":true}]}}