{"id":303,"date":"2021-06-01T17:15:20","date_gmt":"2021-06-01T15:15:20","guid":{"rendered":"http:\/\/brasil.polardemo.it\/?page_id=303"},"modified":"2021-06-20T18:37:50","modified_gmt":"2021-06-20T16:37:50","slug":"stuzzichini","status":"publish","type":"page","link":"https:\/\/www.saborbrasil.it\/?page_id=303","title":{"rendered":"STUZZICHINI"},"content":{"rendered":"<p><strong><em>Tira-gosto, aperitivo, petisco, salgadinho<\/em>\u00a0(salatino) sono piccole porzioni di cibo salato &#8211; profumate, croccanti e saporite &#8211; da prendere con le dita o con lo stuzzicadenti, ci\u00f2 che in inglese \u00e8 chiamato finger food.<\/strong><br \/>\n<strong>I <em>tira-gosto<\/em> si mangiano in famiglia nei giorni di festa si trovano anche in tutti ristoranti, <em>botecos<\/em>, bar e <em>padarias<\/em>. Si mangiano durante tutta la giornata quando si ha fame o si \u00e8 in compagnia per chiacchierare, accompagnati da birra o <em>chopp<\/em> \u201cestupidamente gelados\u201d (molto freddi) o <em>batida<\/em>.<\/strong><br \/>\n<a><br \/>\n<\/a><br \/>\n<a href=\"https:\/\/www.saborbrasil.it\/ameixa-com-bacon-e-pure-de-maca-prugna-con-pancetta-e-pure-di-mela\/\">Ameixa com bacon e Pur\u00ea de ma\u00e7\u00e3 (Prugna con pancetta e Pur\u00e8 di mela)<\/a><br \/>\n<a href=\"https:\/\/www.saborbrasil.it\/batata-doce-frita-patata-americana-fritta\/\">Batata doce frita (Patata americana fritta)<\/a><br \/>\n<a href=\"https:\/\/www.saborbrasil.it\/bauru-do-ponto-chic-panino-bauru-del-ponto-chic\/\">Bauru do &#8220;Ponto Chic&#8221; (Panino &#8220;Bauru&#8221; del &#8220;Ponto Chic&#8221; )<\/a><br \/>\n<a href=\"https:\/\/www.saborbrasil.it\/beiju-de-tapioca-crespella-di-tapioca\/\">Beiju de tapioca (Crespella di tapioca)<\/a><br \/>\n<a href=\"https:\/\/www.saborbrasil.it\/biscoito-de-polvilho-biscotti-di-fecola-di-manioca\/\">Biscoito de Polvilho (Biscotti di fecola di manioca)<\/a><br \/>\n<a href=\"https:\/\/www.saborbrasil.it\/bolinhas-de-queijo-palline-al-formaggio\/\">Bolinhas de queijo (Palline al formaggio)<\/a><br \/>\n<a href=\"https:\/\/www.saborbrasil.it\/bolinho-de-arroz-crocchette-di-riso\/\">Bolinho de arroz (Crocchette di riso )<\/a><br \/>\n<a href=\"https:\/\/www.saborbrasil.it\/bolinho-de-bacalhau-crocchette-di-baccala\/\">Bolinho de bacalhau (Crocchette di baccal\u00e0)<\/a><br \/>\n<a href=\"https:\/\/www.saborbrasil.it\/canape-de-rosbife-tartina-allarrosto-di-manzo-allinglese\/\">Canap\u00e9 de rosbife (Tartina all&#8217;arrosto di manzo all&#8217;inglese )<\/a><br \/>\n<a href=\"https:\/\/www.saborbrasil.it\/casquinha-de-siri-gusci-di-granchio-ripieni\/\">Casquinha de siri (Gusci di granchio ripieni)<\/a><br \/>\n<a href=\"https:\/\/www.saborbrasil.it\/chuchu-frito-chayote-fritto\/\">Chuchu frito (Chayote fritto)<\/a><br \/>\n<a href=\"https:\/\/www.saborbrasil.it\/coxa-creme-de-frango-coscia-di-pollo-in-crosta\/\">Coxa-creme de frango (Coscia di pollo in crosta)<\/a><br \/>\n<a href=\"https:\/\/www.saborbrasil.it\/coxinha-de-galinha-coscetta-di-gallina\/\">Coxinha de galinha (Coscetta di gallina)<\/a><br \/>\n<a href=\"https:\/\/www.saborbrasil.it\/croquetes-de-camarao-crocchette-di-gamberetti\/\">Croquetes de camar\u00e3o (Crocchette di gamberetti)<\/a><br \/>\n<a href=\"https:\/\/www.saborbrasil.it\/empadinha-tartelletta-salata\/\">Empadinha (Tartelletta salata)<\/a><br \/>\n<a href=\"https:\/\/www.saborbrasil.it\/empadinha-de-queijo-tartelletta-al-formaggio\/\">Empadinha de queijo (Tartelletta al formaggio)<\/a><br \/>\n<a href=\"https:\/\/www.saborbrasil.it\/esfiha-focaccina-con-carne-o-formaggio\/\">Esfiha (Focaccina con carne o formaggio)<\/a><br \/>\n<a href=\"https:\/\/www.saborbrasil.it\/esfiha-fechada\/\">Esfiha fechada (Panini ripieni di carne )<\/a><br \/>\n<a href=\"https:\/\/www.saborbrasil.it\/frango-a-passarinho-pollo-fritto\/\">Frango a passarinho (Pollo fritto)<\/a><br \/>\n<a href=\"https:\/\/www.saborbrasil.it\/mandioca-frita-manioca-fritta\/\">Mandioca frita (Manioca fritta)<\/a><br \/>\n<a href=\"https:\/\/www.saborbrasil.it\/pao-de-mandioca-pane-di-manioca\/\">P\u00e3o de mandioca (Pane di manioca)<\/a><br \/>\n<a href=\"https:\/\/www.saborbrasil.it\/pao-de-minuto-pane-veloce\/\">P\u00e3o de minuto (Pane veloce)<\/a><br \/>\n<a href=\"https:\/\/www.saborbrasil.it\/pao-de-queijo-pane-al-formaggio\/\">P\u00e3o de queijo (Pane al formaggio)<\/a><br \/>\n<a href=\"https:\/\/www.saborbrasil.it\/pastel-tortelli-fritti\/\">Pastel (Tortelli fritti)<\/a><br \/>\n<a href=\"https:\/\/www.saborbrasil.it\/pate-de-berinjela\/\">Pat\u00ea de berinjela (Pat\u00e9 di melanzane)<\/a><br \/>\n<a href=\"https:\/\/www.saborbrasil.it\/pate-de-sopa-de-cebola-pate-veloce-di-cipolle\/\">Pat\u00ea de sopa de cebola (Pat\u00e9 veloce di cipolle)<\/a><br \/>\n<a href=\"https:\/\/www.saborbrasil.it\/polenta-frita-polenta-fritta\/\">Polenta frita (Polenta fritta)<\/a><br \/>\n<a href=\"https:\/\/www.saborbrasil.it\/2664\/\">Quibe\/kibe frito (Crocchetta di carne e bulgur)<\/a><br \/>\n<a href=\"https:\/\/www.saborbrasil.it\/rissol-sofficino\/\">Rissol (Sofficino)<\/a><br \/>\n<a href=\"https:\/\/www.saborbrasil.it\/saltenha-tortelloni-di-pollo\/\">Saltenha (Tortelloni di pollo)<\/a><br \/>\n<a href=\"https:\/\/www.saborbrasil.it\/sanduiche-de-carne-louca-panino-di-carne-bizzarra\/\">Sandu\u00edche de carne louca (Panino di carne &#8220;bizzarra&#8221;)<\/a><\/p>\n","protected":false},"excerpt":{"rendered":"<p>Tira-gosto, aperitivo, petisco, salgadinho\u00a0(salatino) sono piccole porzioni di cibo salato &#8211; profumate, croccanti e saporite &#8211; da prendere con le dita o con lo stuzzicadenti, ci\u00f2 che in inglese \u00e8 chiamato finger food. I tira-gosto si mangiano in famiglia nei giorni di festa si trovano&hellip;<\/p>\n","protected":false},"author":2,"featured_media":0,"parent":0,"menu_order":0,"comment_status":"closed","ping_status":"closed","template":"","meta":{"footnotes":""},"class_list":["post-303","page","type-page","status-publish","hentry"],"_links":{"self":[{"href":"https:\/\/www.saborbrasil.it\/index.php?rest_route=\/wp\/v2\/pages\/303","targetHints":{"allow":["GET"]}}],"collection":[{"href":"https:\/\/www.saborbrasil.it\/index.php?rest_route=\/wp\/v2\/pages"}],"about":[{"href":"https:\/\/www.saborbrasil.it\/index.php?rest_route=\/wp\/v2\/types\/page"}],"author":[{"embeddable":true,"href":"https:\/\/www.saborbrasil.it\/index.php?rest_route=\/wp\/v2\/users\/2"}],"replies":[{"embeddable":true,"href":"https:\/\/www.saborbrasil.it\/index.php?rest_route=%2Fwp%2Fv2%2Fcomments&post=303"}],"version-history":[{"count":9,"href":"https:\/\/www.saborbrasil.it\/index.php?rest_route=\/wp\/v2\/pages\/303\/revisions"}],"predecessor-version":[{"id":5429,"href":"https:\/\/www.saborbrasil.it\/index.php?rest_route=\/wp\/v2\/pages\/303\/revisions\/5429"}],"wp:attachment":[{"href":"https:\/\/www.saborbrasil.it\/index.php?rest_route=%2Fwp%2Fv2%2Fmedia&parent=303"}],"curies":[{"name":"wp","href":"https:\/\/api.w.org\/{rel}","templated":true}]}}