{"id":432,"date":"2021-06-02T08:45:48","date_gmt":"2021-06-02T06:45:48","guid":{"rendered":"http:\/\/brasil.polardemo.it\/?page_id=432"},"modified":"2021-06-20T10:27:57","modified_gmt":"2021-06-20T08:27:57","slug":"indice-ricette","status":"publish","type":"page","link":"https:\/\/www.saborbrasil.it\/?page_id=432","title":{"rendered":"INDICE ALFABETICO"},"content":{"rendered":"<p><a href=\"https:\/\/www.saborbrasil.it\/acaca-crema-di-riso\/\">Aca\u00e7\u00e1 (Crema di riso)<\/a><br \/>\n<a href=\"https:\/\/www.saborbrasil.it\/alfajor-de-amido-de-milho-biscotto-alfajor\/\">&#8220;Alfajor&#8221; de amido de milho (Biscotto &#8220;alfajor&#8221;)<\/a><br \/>\n<a href=\"https:\/\/www.saborbrasil.it\/ameixa-com-bacon-e-pure-de-maca-prugna-con-pancetta-e-pure-di-mela\/\">Ameixa com bacon e Pur\u00ea de ma\u00e7\u00e3 (Prugna con pancetta e Pur\u00e8 di mela)<\/a><br \/>\n<a href=\"https:\/\/www.saborbrasil.it\/amor-aos-pedacos-pezzetti-damore\/\">Amor aos peda\u00e7os (Pezzetti d&#8217;amore)<\/a><br \/>\n<a href=\"https:\/\/www.saborbrasil.it\/arroz-a-grega-riso-alla-greca\/\">Arroz \u00e0 grega (Riso alla greca)<\/a><br \/>\n<a href=\"https:\/\/www.saborbrasil.it\/arroz-branco-riso-bianco\/\">Arroz branco (Riso bianco)<\/a><br \/>\n<a href=\"https:\/\/www.saborbrasil.it\/arroz-de-carreteiro-riso-del-mulattiere\/\">Arroz de carreteiro (Riso del mulattiere)<\/a><br \/>\n<a href=\"https:\/\/www.saborbrasil.it\/arroz-de-festa-riso-di-festa\/\">Arroz de festa (Riso di festa)<\/a><br \/>\n<a href=\"https:\/\/www.saborbrasil.it\/arroz-de-forno-riso-al-forno\/\">Arroz de forno (Riso al forno)<\/a><br \/>\n<a href=\"https:\/\/www.saborbrasil.it\/arroz-doce-riso-dolce\/\">Arroz doce (Riso dolce)<\/a><br \/>\n<a href=\"https:\/\/www.saborbrasil.it\/bacalhoada-da-vovo-baccala-della-nonna\/\">Bacalhoada da Vov\u00f3 (Baccal\u00e0 della Nonna)<\/a><br \/>\n<a href=\"https:\/\/www.saborbrasil.it\/baiao-de-dois-riso-e-fagioli-cotti-insieme\/\">Bai\u00e3o de dois (Riso e fagioli cotti insieme)<\/a><br \/>\n<a href=\"https:\/\/www.saborbrasil.it\/bala-de-gelatina-de-pinga-caramella-gelatinosa-di-cachaca\/\">Bala de gelatina de pinga (Caramella gelatinosa di &#8220;cacha\u00e7a&#8221;)<\/a><br \/>\n<a href=\"https:\/\/www.saborbrasil.it\/banana-a-milanesa-banana-alla-milanese\/\">Banana \u00e0 milanesa (Banana alla milanese)<\/a><br \/>\n<a href=\"https:\/\/www.saborbrasil.it\/banana-da-terra-assada-platano-arrosto\/\">Banana da terra assada (Platano arrosto)<\/a><br \/>\n<a href=\"https:\/\/www.saborbrasil.it\/banana-da-terra-frita-platano-fritto\/\">Banana da terra frita (Platano fritto)<\/a><br \/>\n<a href=\"https:\/\/www.saborbrasil.it\/banana-frita-no-acucar-banana-caramellata\/\">Banana frita no a\u00e7\u00facar (Banana caramellata)<\/a><br \/>\n<a href=\"https:\/\/www.saborbrasil.it\/batata-doce-frita-patata-americana-fritta\/\">Batata doce frita (Patata americana fritta)<\/a><br \/>\n<a href=\"https:\/\/www.saborbrasil.it\/batata-palha-patata-paglia\/\">Batata palha (Patata paglia)<\/a><br \/>\n<a href=\"https:\/\/www.saborbrasil.it\/batida-de-amendoim-arachidi\/\">Batida de amendoim (&#8220;Batida&#8221; di arachidi)<\/a><br \/>\n<a href=\"https:\/\/www.saborbrasil.it\/batida-de-coco-cocco\/\">Batida de coco (&#8220;Batida&#8221; di\u00a0 cocco)<\/a><br \/>\n<a href=\"https:\/\/www.saborbrasil.it\/batida-de-maracuja-frutto-della-passione\/\">Batida de maracuj\u00e1 &#8220;Batida&#8221; di\u00a0 frutto della passione)<\/a><br \/>\n<a href=\"https:\/\/www.saborbrasil.it\/batida-de-morango-fragola\/\">Batida de morango (&#8220;Batida&#8221; di\u00a0 fragola)<\/a><br \/>\n<a href=\"https:\/\/www.saborbrasil.it\/bauru-do-ponto-chic-panino-bauru-del-ponto-chic\/\">Bauru do &#8220;Ponto Chic&#8221; (Panino &#8220;Bauru&#8221; del &#8220;Ponto Chic&#8221; )<\/a><br \/>\n<a href=\"https:\/\/www.saborbrasil.it\/beijinho-pasticcino-al-cocco\/\">Beijinho (Pasticcino al cocco)<\/a><br \/>\n<a href=\"https:\/\/www.saborbrasil.it\/beiju-de-tapioca-crespella-di-tapioca\/\">Beiju de tapioca (Crespella di tapioca)<\/a><br \/>\n<a href=\"https:\/\/www.saborbrasil.it\/beliscao-de-goiabada-pizzicotto-di-guaiava\/\">Belisc\u00e3o de goiabada (Pizzicotto di guaiava)<\/a><br \/>\n<a href=\"https:\/\/www.saborbrasil.it\/bife-de-panela-fettine-di-manzo-in-umido\/\">Bife de panela (Fettine di manzo in umido)<\/a><br \/>\n<a href=\"https:\/\/www.saborbrasil.it\/biscoito-de-polvilho-biscotti-di-fecola-di-manioca\/\">Biscoito de Polvilho (Biscotti di fecola di manioca)<\/a><br \/>\n<a href=\"https:\/\/www.saborbrasil.it\/bobo-de-camarao-gamberi-in-salsa-di-manioca\/\">Bob\u00f3 de camar\u00e3o (Gamberi in salsa di manioca )<\/a><br \/>\n<a href=\"https:\/\/www.saborbrasil.it\/bolinhas-de-queijo-palline-al-formaggio\/\">Bolinhas de queijo (Palline al formaggio)<\/a><br \/>\n<a href=\"https:\/\/www.saborbrasil.it\/bolinho-de-arroz-crocchette-di-riso\/\">Bolinho de arroz (Crocchette di riso )<\/a><br \/>\n<a href=\"https:\/\/www.saborbrasil.it\/bolinho-de-bacalhau-crocchette-di-baccala\/\">Bolinho de bacalhau (Crocchette di baccal\u00e0)<\/a><br \/>\n<a href=\"https:\/\/www.saborbrasil.it\/bolinho-de-chuva-frittella-di-pioggia\/\">Bolinho de chuva (Frittella di pioggia)<\/a><br \/>\n<a href=\"https:\/\/www.saborbrasil.it\/bolo-com-leite-de-coco-ciambella-al-cocco\/\">Bolo com leite de coco (Ciambella al cocco)<\/a><br \/>\n<a href=\"https:\/\/www.saborbrasil.it\/bolo-de-aipim-torta-di-manioca\/\">Bolo de aipim (Torta di manioca)<\/a><br \/>\n<a href=\"https:\/\/www.saborbrasil.it\/bolo-de-banana-torta-di-banana\/\">Bolo de banana (Torta di banana)<\/a><br \/>\n<a href=\"https:\/\/www.saborbrasil.it\/bolo-de-cenoura-torta-di-carote\/\">Bolo de cenoura (Torta di carota)<\/a><br \/>\n<a href=\"https:\/\/www.saborbrasil.it\/bolo-de-fuba-torta-di-farina-di-polenta\/\">Bolo de fub\u00e1 (Torta di farina di polenta)<\/a><br \/>\n<a href=\"https:\/\/www.saborbrasil.it\/bolo-de-natal-torta-di-natale\/\">Bolo de Natal (Torta di Natale)<\/a><br \/>\n<a href=\"https:\/\/www.saborbrasil.it\/bolo-de-nozes-torta-di-noci\/\">Bolo de nozes (Torta di Noci)<\/a><br \/>\n<a href=\"https:\/\/www.saborbrasil.it\/bolo-embrulhado-torta-incartata\/\">Bolo embrulhado (Torta incartata)<\/a><br \/>\n<a href=\"https:\/\/www.saborbrasil.it\/bolo-fantastico-torta-fantastica\/\">Bolo fant\u00e1stico (Torta fantastica)<\/a><br \/>\n<a href=\"https:\/\/www.saborbrasil.it\/bolo-formigueiro-torta-formicaio\/\">Bolo formigueiro (Torta formicaio)<\/a><br \/>\n<a href=\"https:\/\/www.saborbrasil.it\/bolo-gostoso-com-cobertura-de-coco-torta-deliziosa-con-copertura-al-cocco\/\">Bolo gostoso com cobertura de coco (Torta deliziosa con copertura al cocco)<\/a><br \/>\n<a href=\"https:\/\/www.saborbrasil.it\/bolo-moreno-torta-mulatta\/\">Bolo moreno (Torta mulatta)<\/a><br \/>\n<a href=\"https:\/\/www.saborbrasil.it\/bolo-pega-marido-torta-acchiappa-marito\/\">Bolo pega marido (Torta acchiappa marito)<\/a><br \/>\n<a href=\"https:\/\/www.saborbrasil.it\/bolo-prestigio-torta-di-cioccolato-con-cocco\/\">Bolo Prest\u00edgio (Torta di cioccolato con cocco)<\/a><br \/>\n<a href=\"https:\/\/www.saborbrasil.it\/bolo-rei-torta-del-re\/\">Bolo Rei (Torta del Re)<\/a><br \/>\n<a href=\"https:\/\/www.saborbrasil.it\/bom-bocado-buon-boccone\/\">Bom-bocado (Buon boccone)<\/a><br \/>\n<a href=\"https:\/\/www.saborbrasil.it\/brejeirices-biscotti-al-cocco\/\">Brejeirices (Biscotti al cocco)<\/a><br \/>\n<a href=\"https:\/\/www.saborbrasil.it\/brigadeirao-budino-al-cioccolato\/\">Brigadeir\u00e3o (Budino al cioccolato)<\/a><br \/>\n<a href=\"https:\/\/www.saborbrasil.it\/brigadeiro-pasticcino-al-cioccolato\/\">Brigadeiro (Pasticcino al cioccolato)<\/a><br \/>\n<a href=\"https:\/\/www.saborbrasil.it\/brigadeiro-de-caipirinha-tartufini-alla-caipirinha\/\">Brigadeiro de caipirinha (Tartufini alla &#8220;caipirinha&#8221;)<\/a><br \/>\n<a href=\"https:\/\/www.saborbrasil.it\/cafe-bombom-caffe-bombon\/\">Caf\u00e9 bombom (Caff\u00e8 bomb\u00f3n)<\/a><br \/>\n<a href=\"https:\/\/www.saborbrasil.it\/caipirinha\/\">Caipirinha<\/a><br \/>\n<a href=\"https:\/\/www.saborbrasil.it\/cajuzinho-pasticcino-alle-arachidi\/\">Cajuzinho (Pasticcino alle arachidi)<\/a><br \/>\n<a href=\"https:\/\/www.saborbrasil.it\/caldo-verde-zuppa-verde\/\">Caldo verde (Zuppa verde)<\/a><br \/>\n<a href=\"https:\/\/www.saborbrasil.it\/camafeu-de-nozes-pasticcini-alle-noci\/\">Camafeu de nozes (Pasticcini alle noci)<\/a><br \/>\n<a href=\"https:\/\/www.saborbrasil.it\/camarao-na-moranga-zucca-ripiena-di-gamberi\/\">Camar\u00e3o na moranga (Zucca ripiena di gamberi)<\/a><br \/>\n<a href=\"https:\/\/www.saborbrasil.it\/canape-de-rosbife-tartina-allarrosto-di-manzo-allinglese\/\">Canap\u00e9 de rosbife (Tartina all&#8217;arrosto di manzo all&#8217;inglese )<\/a><br \/>\n<a href=\"https:\/\/www.saborbrasil.it\/canja-de-galinha-minestra-di-gallina\/\">Canja de galinha (Minestra di gallina)<\/a><br \/>\n<a href=\"https:\/\/www.saborbrasil.it\/canjica-dolce-di-chicchi-mais\/\">Canjica (Dolce di chicchi mais)<\/a><br \/>\n<a href=\"https:\/\/www.saborbrasil.it\/4006\/\">Cartola Pernambucana (Dessert di banane e formaggio)<\/a><br \/>\n<a href=\"https:\/\/www.saborbrasil.it\/casquinha-de-siri-gusci-di-granchio-ripieni\/\">Casquinha de siri (Gusci di granchio ripieni)<\/a><br \/>\n<a href=\"https:\/\/www.saborbrasil.it\/chuchu-frito-chayote-fritto\/\">Chuchu frito (Chayote fritto)<\/a><br \/>\n<a href=\"https:\/\/www.saborbrasil.it\/chuchu-recheado-com-carne-chayote-ripieno-di-carne\/\">Chuchu recheado com carne (Chayote ripieno di carne)<\/a><br \/>\n<a href=\"https:\/\/www.saborbrasil.it\/chuchu-refogado-chayote-in-umido\/\">Chuchu refogado (Chayote in umido)<\/a><br \/>\n<a href=\"https:\/\/www.saborbrasil.it\/churrasco-carne-alle-brace\/\">Churrasco (Carne alle brace)<\/a><br \/>\n<a href=\"https:\/\/www.saborbrasil.it\/churrasco-de-picanha-picanha-allo-spiedo\/\">Churrasco de picanha (&#8220;Picanha&#8221; allo spiedo)<\/a><br \/>\n<a href=\"https:\/\/www.saborbrasil.it\/cocada-dolce-di-cocco\/\">Cocada (Dolce di cocco)<\/a><br \/>\n<a href=\"https:\/\/www.saborbrasil.it\/cocada-com-ovos-dolce-di-cocco-con-uova\/\">Cocada com ovos (Dolce di cocco con uova)<\/a><br \/>\n<a href=\"https:\/\/www.saborbrasil.it\/couve-refogada-cavolo-nero\/\">Couve refogada (Cavolo nero in umido)<\/a><br \/>\n<a href=\"https:\/\/www.saborbrasil.it\/coxa-creme-de-frango-coscia-di-pollo-in-crosta\/\">Coxa-creme de frango (Coscia di pollo in crosta)<\/a><br \/>\n<a href=\"https:\/\/www.saborbrasil.it\/coxinha-de-galinha-coscetta-di-gallina\/\">Coxinha de galinha (Coscetta di gallina)<\/a><br \/>\n<a href=\"https:\/\/www.saborbrasil.it\/cozido-bollito-brasiliano\/\">Cozido (Bollito brasiliano)<\/a><br \/>\n<a href=\"https:\/\/www.saborbrasil.it\/creme-de-abacate-crema-dolce-di-avocado\/\">Creme de abacate (Crema dolce di avocado)<\/a><br \/>\n<a href=\"https:\/\/www.saborbrasil.it\/creme-de-milho-verde-crema-con-mais\/\">Creme de milho verde (Crema con mais)<\/a><br \/>\n<a href=\"https:\/\/www.saborbrasil.it\/croquetes-de-camarao-crocchette-di-gamberetti\/\">Croquetes de camar\u00e3o (Crocchette di gamberetti)<\/a><br \/>\n<a href=\"https:\/\/www.saborbrasil.it\/cuca-de-banana-pan-dolce-farcito-con-banana\/\">Cuca de banana (Pan dolce farcito con banana)<\/a><br \/>\n<a href=\"https:\/\/www.saborbrasil.it\/curau-crema-di-mais\/\">Curau (Crema di mais)<\/a><br \/>\n<a href=\"https:\/\/www.saborbrasil.it\/cuscuz-com-coco-couscous-con-cocco\/\">Cuscuz com coco (Couscous con cocco)<\/a><br \/>\n<a href=\"https:\/\/www.saborbrasil.it\/cuscuz-de-tapioca-couscous-di-tapioca\/\">Cuscuz de tapioca (Couscous di tapioca)<\/a><br \/>\n<a href=\"https:\/\/www.saborbrasil.it\/cuscuz-nordestino-couscous-del-nord-est-del-brasile\/\">Cuscuz nordestino (Couscous del nord-est del Brasile)<\/a><br \/>\n<a href=\"https:\/\/www.saborbrasil.it\/cuscuz-paulista-ou-portugues-couscous-paulista\/\">Cuscuz paulista (Couscous &#8220;paulista&#8221;)<\/a><br \/>\n<a href=\"https:\/\/www.saborbrasil.it\/doce-de-abobora-dolce-di-zucca\/\">Doce de ab\u00f3bora (Dolce di zucca)<\/a><br \/>\n<a href=\"https:\/\/www.saborbrasil.it\/empadinha-tartelletta-salata\/\">Empadinha (Tartelletta salata)<\/a><br \/>\n<a href=\"https:\/\/www.saborbrasil.it\/empadinha-de-queijo-tartelletta-al-formaggio\/\">Empadinha de queijo (Tartelletta al formaggio)<\/a><br \/>\n<a href=\"https:\/\/www.saborbrasil.it\/esfiha-focaccina-con-carne-o-formaggio\/\">Esfiha (Focaccina con carne o formaggio)<\/a><br \/>\n<a href=\"https:\/\/www.saborbrasil.it\/esfiha-fechada\/\">Esfiha fechada (Panini ripieni di carne )<\/a><br \/>\n<a href=\"https:\/\/www.saborbrasil.it\/farofa-contorno-di-farina-di-manioca\/\">Farofa (Contorno di farina di manioca)<\/a><br \/>\n<a href=\"https:\/\/www.saborbrasil.it\/farofa-de-banana-da-terra-farofa-di-platano\/\">Farofa de banana da terra (&#8220;Farofa&#8221; di platano)<\/a><br \/>\n<a href=\"https:\/\/www.saborbrasil.it\/farofa-de-ovos-farofa-di-uova\/\">Farofa de ovos (&#8220;Farofa&#8221; di uova)<\/a><br \/>\n<a href=\"https:\/\/www.saborbrasil.it\/feijao-tropeiro-fagioli-del-mulattiere\/\">Feij\u00e3o-tropeiro (Fagioli del mulattiere )<\/a><br \/>\n<a href=\"https:\/\/www.saborbrasil.it\/feijoada-fagiolata\/\">Feijoada (Fagiolata)<\/a><br \/>\n<a href=\"https:\/\/www.saborbrasil.it\/figo-verde-em-calda-fichi-verdi-sciroppati\/\">Figo verde em calda (Fichi verdi sciroppati)<\/a><br \/>\n<a href=\"https:\/\/www.saborbrasil.it\/file-de-peixe-com-abacaxi-filetti-di-pesce-con-ananas\/\">Fil\u00e9 de peixe com abacaxi (Filetti di pesce con ananas)<\/a><br \/>\n<a href=\"https:\/\/www.saborbrasil.it\/fios-de-ovos-fili-duova\/\">Fios de ovos (Fili d&#8217;uova)<\/a><br \/>\n<a href=\"https:\/\/www.saborbrasil.it\/frango-a-passarinho-pollo-fritto\/\">Frango a passarinho (Pollo fritto)<\/a><br \/>\n<a href=\"https:\/\/www.saborbrasil.it\/gelatina-mosaico-mosaico-di-gelatina\/\">Gelatina mosaico (Mosaico di gelatina)<\/a><br \/>\n<a href=\"https:\/\/www.saborbrasil.it\/geleia-de-banana-marmellata-di-banana\/\">Gel\u00e9ia de banana (Marmellata di banana)<\/a><br \/>\n<a href=\"https:\/\/www.saborbrasil.it\/lombo-com-abacaxi-lonza-arrosto-con-ananas\/\">Lombo com abacaxi (Lonza arrosto con ananas)<\/a><br \/>\n<a href=\"https:\/\/www.saborbrasil.it\/maionese-come-fare-la-maionese-in-casa\/\">Maionese (Come fare la maionese in casa)<\/a><br \/>\n<a href=\"https:\/\/www.saborbrasil.it\/maionese-de-batata-insalata-russa\/\">Maionese de batata (Insalata russa)<\/a><br \/>\n<a href=\"https:\/\/www.saborbrasil.it\/mandioca-frita-manioca-fritta\/\">Mandioca frita (Manioca fritta)<\/a><br \/>\n<a href=\"https:\/\/www.saborbrasil.it\/manjar-branco-budino-di-cocco\/\">Manjar branco (Budino di cocco)<\/a><br \/>\n<a href=\"https:\/\/www.saborbrasil.it\/meia-de-seda-batida-di-cioccolato\/\">Meia de seda (\u201cBatida\u201d di cioccolato)<\/a><br \/>\n<a href=\"https:\/\/www.saborbrasil.it\/molho-vinagrete-salsa-vinaigrette\/\">Molho vinagrete (Salsa vinaigrette)<\/a><br \/>\n<a href=\"https:\/\/www.saborbrasil.it\/moqueca-de-peixe-baiana-guazzetto-di-pesce-di-bahia\/\">Moqueca de peixe baiana (Guazzetto di pesce di Bahia)<\/a><br \/>\n<a href=\"https:\/\/www.saborbrasil.it\/mousse-de-limao-rapida-mousse-al-lime-veloce\/\">Mousse de lim\u00e3o r\u00e1pida (Mousse al lime veloce)<\/a><br \/>\n<a href=\"https:\/\/www.saborbrasil.it\/mousse-de-maracuja-mousse-di-frutto-della-passione\/\">Mousse de maracuj\u00e1 (Mousse di frutto della passione)<\/a><br \/>\n<a href=\"https:\/\/www.saborbrasil.it\/olho-de-sogra-pasticcino-alle-prugne-e-cocco\/\">Olho de sogra (Pasticcino alle prugne e cocco)<\/a><br \/>\n<a href=\"https:\/\/www.saborbrasil.it\/pacoca-de-banana-da-terra-pacoca-di-platano\/\">Pa\u00e7oca de banana da terra (&#8220;Pa\u00e7oca&#8221; di platano )<\/a><br \/>\n<a href=\"https:\/\/www.saborbrasil.it\/pacoca-de-carne-seca-carne-secca-con-farina-di-manioca\/\">Pa\u00e7oca de carne seca (Carne secca con farina di manioca)<\/a><br \/>\n<a href=\"https:\/\/www.saborbrasil.it\/pacoquinha-de-amendoim-dolcetto-di-arachidi\/\">Pa\u00e7oquinha de amendoim (Dolcetto di arachidi)<\/a><br \/>\n<a href=\"https:\/\/www.saborbrasil.it\/pamonha-sweet-corn-mush-2\/\">Pamonha (Polentina di mais dolce)<\/a><br \/>\n<a href=\"https:\/\/www.saborbrasil.it\/pao-de-lo-com-banana-pan-di-spagna-con-banana\/\">P\u00e3o-de-L\u00f3 com banana (Pan di Spagna con banana)<\/a><br \/>\n<a href=\"https:\/\/www.saborbrasil.it\/pao-de-mandioca-pane-di-manioca\/\">P\u00e3o de mandioca (Pane di manioca)<\/a><br \/>\n<a href=\"https:\/\/www.saborbrasil.it\/pao-de-minuto-pane-veloce\/\">P\u00e3o de minuto (Pane veloce)<\/a><br \/>\n<a href=\"https:\/\/www.saborbrasil.it\/pao-de-queijo-pane-al-formaggio\/\">P\u00e3o de queijo (Pane al formaggio)<\/a><br \/>\n<a href=\"https:\/\/www.saborbrasil.it\/pastel-tortelli-fritti\/\">Pastel (Tortelli fritti)<\/a><br \/>\n<a href=\"https:\/\/www.saborbrasil.it\/pate-de-berinjela\/\">Pat\u00ea de berinjela (Pat\u00e9 di melanzane)<\/a><br \/>\n<a href=\"https:\/\/www.saborbrasil.it\/pate-de-sopa-de-cebola-pate-veloce-di-cipolle\/\">Pat\u00ea de sopa de cebola (Pat\u00e9 veloce di cipolle)<\/a><br \/>\n<a href=\"https:\/\/www.saborbrasil.it\/pave-de-abacaxi-e-coco-pave-dananas-e-cocco\/\">Pav\u00ea de abacaxi e coco (Pav\u00e9 d\u2019ananas e cocco)<\/a><br \/>\n<a href=\"https:\/\/www.saborbrasil.it\/pave-de-amendoim-pave-darachidi\/\">Pav\u00ea de amendoim (Pav\u00e9 d\u2019arachidi)<\/a><br \/>\n<a href=\"https:\/\/www.saborbrasil.it\/peru-de-natal-tacchino-di-natale\/\">Peru de Natal (Tacchino di Natale)<\/a><br \/>\n<a href=\"https:\/\/www.saborbrasil.it\/picole-chicabon-caseiro-gelato-al-cacao-su-stecco-fatto-in-casa\/\">Picol\u00e9 &#8220;Chicabon&#8221; caseiro (Gelato al cacao su stecco fatto in casa)<\/a><br \/>\n<a href=\"https:\/\/www.saborbrasil.it\/pinga-com-mel-pinga-con-miele\/\">Pinga com mel (\u201cPinga\u201d con miele)<\/a><br \/>\n<a href=\"https:\/\/www.saborbrasil.it\/pirao-crema-di-manioca\/\">Pir\u00e3o (Crema di manioca)<\/a><br \/>\n<a href=\"https:\/\/www.saborbrasil.it\/polenta-frita-polenta-fritta\/\">Polenta frita (Polenta fritta)<\/a><br \/>\n<a href=\"https:\/\/www.saborbrasil.it\/pudim-de-claras-budino-di-albumi\/\">Pudim de claras (Budino di albumi)<\/a><br \/>\n<a href=\"https:\/\/www.saborbrasil.it\/pudim-de-leite-moca-budino-di-latte\/\">Pudim de leite Mo\u00e7a (Budino di latte)<\/a><br \/>\n<a href=\"https:\/\/www.saborbrasil.it\/pure-de-banana-da-terra-pure-di-platano\/\">Pur\u00ea de banana da terra (Pur\u00e8 di platano)<\/a><br \/>\n<a href=\"https:\/\/www.saborbrasil.it\/queijadinha-dolcetto-al-formaggio\/\">Queijadinha (Dolcetto al formaggio)<\/a><br \/>\n<a href=\"https:\/\/www.saborbrasil.it\/quentao-grog-di-cachaca\/\">Quent\u00e3o (Grog di &#8220;cacha\u00e7a&#8221;)<\/a><br \/>\n<a href=\"https:\/\/www.saborbrasil.it\/quiabo-refogado-okra-gombo-in-umido\/\">Quiabo refogado (Okra\/gombo in umido)<\/a><br \/>\n<a href=\"https:\/\/www.saborbrasil.it\/quibebe-pure-di-zucca\/\">Quibebe (Pur\u00e8 di zucca)<\/a><br \/>\n<a href=\"https:\/\/www.saborbrasil.it\/2862\/\">Quibe\/kibe de bandeja (Carne con bulgur)<\/a><br \/>\n<a href=\"https:\/\/www.saborbrasil.it\/2664\/\">Quibe\/kibe frito (Crocchetta di carne e bulgur)<\/a><br \/>\n<a href=\"https:\/\/www.saborbrasil.it\/quindim-dolce-di-tuorli-e-cocco\/\">Quindim (Dolce di tuorli e cocco)<\/a><br \/>\n<a href=\"https:\/\/www.saborbrasil.it\/rabada-ao-vinho-tinto-coda-di-bue-in-umido\/\">Rabada ao vinho tinto (Coda di bue in umido)<\/a><br \/>\n<a href=\"https:\/\/www.saborbrasil.it\/rabanada-pane-fritto-dolce\/\">Rabanada (Pane fritto dolce)<\/a><br \/>\n<a href=\"https:\/\/www.saborbrasil.it\/risoto-de-camarao-risotto-di-gamberetti\/\">Risoto de camar\u00e3o (Risotto di gamberetti)<\/a><br \/>\n<a href=\"https:\/\/www.saborbrasil.it\/rissol-sofficino\/\">Rissol (Sofficino)<\/a><br \/>\n<a href=\"https:\/\/www.saborbrasil.it\/rocambole-de-camarao-rotolo-di-gamberetti\/\">Rocambole de camar\u00e3o (Rotolo di gamberetti)<\/a><br \/>\n<a href=\"https:\/\/www.saborbrasil.it\/rocambole-de-doce-de-leite-rotolo-di-dulce-de-leche\/\">Rocambole de doce de leite (Rotolo di &#8220;dulce de leche&#8221;)<\/a><br \/>\n<a href=\"https:\/\/www.saborbrasil.it\/romeu-e-julieta-giulietta-e-romeo\/\">Romeu e Julieta (Giulietta e Romeo)<\/a><br \/>\n<a href=\"https:\/\/www.saborbrasil.it\/rosbife-de-picanha-roast-beef-di-picanha\/\">Rosbife de picanha (Roast beef di &#8220;picanha&#8221;)<\/a><br \/>\n<a href=\"https:\/\/www.saborbrasil.it\/sagu-de-vinho-tinto-perle-di-tapioca-al-vino-rosso\/\">Sagu de vinho tinto (Perle di tapioca al vino rosso)<\/a><br \/>\n<a href=\"https:\/\/www.saborbrasil.it\/salada-de-chuchu-insalata-di-chayote\/\">Salada de chuchu (Insalata di chayote )<\/a><br \/>\n<a href=\"https:\/\/www.saborbrasil.it\/salpicao-insalata-di-pollo\/\">Salpic\u00e3o (Insalata di pollo)<\/a><br \/>\n<a href=\"https:\/\/www.saborbrasil.it\/saltenha-tortelloni-di-pollo\/\">Saltenha (Tortelloni di pollo)<\/a><br \/>\n<a href=\"https:\/\/www.saborbrasil.it\/sanduiche-de-carne-louca-panino-di-carne-bizzarra\/\">Sandu\u00edche de carne louca (Panino di carne &#8220;bizzarra&#8221;)<\/a><br \/>\n<a href=\"https:\/\/www.saborbrasil.it\/sequilhos-de-maizena-biscotti-di-amido-di-mais\/\">Sequilhos de Maizena (Biscotti di amido di mais)<\/a><br \/>\n<a href=\"https:\/\/www.saborbrasil.it\/sopa-de-feijao-minestra-di-fagioli\/\">Sopa de feij\u00e3o (Minestra di fagioli)<\/a><br \/>\n<a href=\"https:\/\/www.saborbrasil.it\/sopa-de-grao-de-bico-com-macarraozinho-zuppa-di-ceci-con-ditalini\/\">Sopa de gr\u00e3o-de-bico com macarr\u00e3ozinho (Zuppa di ceci con ditalini)<\/a><br \/>\n<a href=\"https:\/\/www.saborbrasil.it\/sopa-de-mandioquinha-vellutata-di-arracacha\/\">Sopa de mandioquinha (Vellutata di arracacha )<\/a><br \/>\n<a href=\"https:\/\/www.saborbrasil.it\/strogonoff-spezzatino-di-manzo-con-panna\/\">Strogonoff (Spezzatino di manzo con panna)<\/a><br \/>\n<a href=\"https:\/\/www.saborbrasil.it\/suco-de-abacaxi-succo-di-ananas\/\">Suco de abacaxi (Succo di ananas)<\/a><br \/>\n<a href=\"https:\/\/www.saborbrasil.it\/suco-de-melancia-succo-di-anguria\/\">Suco de melancia (Succo di anguria)<\/a><br \/>\n<a href=\"https:\/\/www.saborbrasil.it\/suco-e-geleia-de-uva-succo-e-marmellata-duva\/\">Suco e gel\u00e9ia de uva (Succo e marmellata d&#8217;uva)<\/a><br \/>\n<a href=\"https:\/\/www.saborbrasil.it\/sufle-de-chuchu-souffle-di-chayote\/\">Sufl\u00ea de chuchu (Souffl\u00e9 di chayote)<\/a><br \/>\n<a href=\"https:\/\/www.saborbrasil.it\/tabule-tabule\/\">Tabule (Tabul\u00e9)<\/a><br \/>\n<a href=\"https:\/\/www.saborbrasil.it\/tender-prosciutto-glassato\/\">Tender (Prosciutto glassato)<\/a><br \/>\n<a href=\"https:\/\/www.saborbrasil.it\/torta-de-frango-torta-di-pollo\/\">Torta de frango (Torta di pollo)<\/a><br \/>\n<a href=\"https:\/\/www.saborbrasil.it\/torta-de-limao-crostata-al-limone\/\">Torta de lim\u00e3o (Crostata al limone )<\/a><br \/>\n<a href=\"https:\/\/www.saborbrasil.it\/torta-de-liquidificador-torta-frullata\/\">Torta de liquidificador (Torta frullata)<\/a><br \/>\n<a href=\"https:\/\/www.saborbrasil.it\/tutu-de-feijao-crema-di-fagioli\/\">Tutu de feij\u00e3o (Crema di fagioli)<\/a><br \/>\n<a href=\"https:\/\/www.saborbrasil.it\/vaca-atolada-biancostato-con-manioca\/\">Vaca atolada (Biancostato con manioca)<\/a><br \/>\n<a href=\"https:\/\/www.saborbrasil.it\/vatapa-crema-di-gamberetti\/\">Vatap\u00e1 (Crema di gamberetti)<\/a><br \/>\n<a href=\"https:\/\/www.saborbrasil.it\/virado-a-paulista-crema-di-fagioli-con-maiale\/\">Virado \u00e0 paulista (Crema di fagioli con maiale)<\/a><br \/>\n<a href=\"https:\/\/www.saborbrasil.it\/vitamina-de-fruta-e-de-abacate-frullato-di-frutta-e-di-avocado\/\">Vitamina de fruta e de abacate (Frullato di frutta e di avocado)<\/a><\/p>\n","protected":false},"excerpt":{"rendered":"<p>Aca\u00e7\u00e1 (Crema di riso) &#8220;Alfajor&#8221; de amido de milho (Biscotto &#8220;alfajor&#8221;) Ameixa com bacon e Pur\u00ea de ma\u00e7\u00e3 (Prugna con pancetta e Pur\u00e8 di mela) Amor aos peda\u00e7os (Pezzetti d&#8217;amore) Arroz \u00e0 grega (Riso alla greca) Arroz branco (Riso bianco) Arroz de carreteiro (Riso del&hellip;<\/p>\n","protected":false},"author":2,"featured_media":0,"parent":0,"menu_order":0,"comment_status":"closed","ping_status":"closed","template":"","meta":{"footnotes":""},"class_list":["post-432","page","type-page","status-publish","hentry"],"_links":{"self":[{"href":"https:\/\/www.saborbrasil.it\/index.php?rest_route=\/wp\/v2\/pages\/432","targetHints":{"allow":["GET"]}}],"collection":[{"href":"https:\/\/www.saborbrasil.it\/index.php?rest_route=\/wp\/v2\/pages"}],"about":[{"href":"https:\/\/www.saborbrasil.it\/index.php?rest_route=\/wp\/v2\/types\/page"}],"author":[{"embeddable":true,"href":"https:\/\/www.saborbrasil.it\/index.php?rest_route=\/wp\/v2\/users\/2"}],"replies":[{"embeddable":true,"href":"https:\/\/www.saborbrasil.it\/index.php?rest_route=%2Fwp%2Fv2%2Fcomments&post=432"}],"version-history":[{"count":17,"href":"https:\/\/www.saborbrasil.it\/index.php?rest_route=\/wp\/v2\/pages\/432\/revisions"}],"predecessor-version":[{"id":5298,"href":"https:\/\/www.saborbrasil.it\/index.php?rest_route=\/wp\/v2\/pages\/432\/revisions\/5298"}],"wp:attachment":[{"href":"https:\/\/www.saborbrasil.it\/index.php?rest_route=%2Fwp%2Fv2%2Fmedia&parent=432"}],"curies":[{"name":"wp","href":"https:\/\/api.w.org\/{rel}","templated":true}]}}