{"id":282,"date":"2021-06-01T17:12:19","date_gmt":"2021-06-01T15:12:19","guid":{"rendered":"http:\/\/brasil.polardemo.it\/senza-glutine\/"},"modified":"2021-06-21T11:51:38","modified_gmt":"2021-06-21T09:51:38","slug":"senza-glutine","status":"publish","type":"page","link":"https:\/\/www.saborbrasil.it\/pt-br?page_id=282","title":{"rendered":"SEM GL\u00daTEN"},"content":{"rendered":"<p><a href=\"https:\/\/www.saborbrasil.it\/pt-br\/acaca-crema-di-riso\/\">Aca\u00e7\u00e1<\/a><br \/><a href=\"https:\/\/www.saborbrasil.it\/pt-br\/alfajor-de-amido-de-milho-biscotto-alfajor\/\">&#8220;Alfajor&#8221; de amido de milho<\/a><br \/><a href=\"https:\/\/www.saborbrasil.it\/pt-br\/ameixa-com-bacon-e-pure-de-maca-prugna-con-pancetta-e-pure-di-mela\/\">Ameixa com bacon e Pur\u00ea de ma\u00e7\u00e3<\/a><br \/><a href=\"https:\/\/www.saborbrasil.it\/pt-br\/arroz-a-grega-riso-alla-greca\/\">Arroz \u00e0 grega<\/a><br \/><a href=\"https:\/\/www.saborbrasil.it\/pt-br\/arroz-branco-riso-bianco\/\">Arroz branco<\/a><br \/><a href=\"https:\/\/www.saborbrasil.it\/pt-br\/arroz-de-carreteiro-riso-del-mulattiere\/\">Arroz de carreteiro<\/a><br \/><a href=\"https:\/\/www.saborbrasil.it\/pt-br\/arroz-de-festa-riso-di-festa\/\">Arroz de festa<\/a><br \/><a href=\"https:\/\/www.saborbrasil.it\/pt-br\/arroz-doce-riso-dolce\/\">Arroz doce<\/a><br \/><a href=\"https:\/\/www.saborbrasil.it\/pt-br\/baiao-de-dois-riso-e-fagioli-cotti-insieme\/\">Bai\u00e3o de dois<\/a><br \/><a href=\"https:\/\/www.saborbrasil.it\/pt-br\/bala-de-gelatina-de-pinga-caramella-gelatinosa-di-cachaca\/\">Bala de gelatina de pinga<\/a><br \/><a href=\"https:\/\/www.saborbrasil.it\/pt-br\/banana-da-terra-assada-platano-arrosto\/\">Banana da terra assada<\/a><br \/><a href=\"https:\/\/www.saborbrasil.it\/pt-br\/banana-da-terra-frita-platano-fritto\/\">Banana da terra frita<\/a><br \/><a href=\"https:\/\/www.saborbrasil.it\/pt-br\/banana-frita-no-acucar-banana-caramellata\/\">Banana frita no a\u00e7\u00facar<\/a><br \/><a href=\"https:\/\/www.saborbrasil.it\/pt-br\/batata-doce-frita-patata-americana-fritta\/\">Batata doce frita<\/a><br \/><a href=\"https:\/\/www.saborbrasil.it\/pt-br\/batata-palha-patata-paglia\/\">Batata palha<\/a><br \/><a href=\"https:\/\/www.saborbrasil.it\/pt-br\/batida-de-amendoim-arachidi\/\">Batida de amendoim<\/a><br \/><a href=\"https:\/\/www.saborbrasil.it\/pt-br\/batida-de-coco-cocco\/\">Batida de coco<\/a><br \/><a href=\"https:\/\/www.saborbrasil.it\/pt-br\/batida-de-maracuja-frutto-della-passione\/\">Batida de maracuj\u00e1<\/a><br \/><a href=\"https:\/\/www.saborbrasil.it\/pt-br\/batida-de-morango-fragola\/\">Batida de morango<\/a><br \/><a href=\"https:\/\/www.saborbrasil.it\/pt-br\/beijinho-pasticcino-al-cocco\/\">Beijinho<\/a><br \/><a href=\"https:\/\/www.saborbrasil.it\/pt-br\/beiju-de-tapioca-crespella-di-tapioca\/\">Beiju de tapioca<\/a><br \/><a href=\"https:\/\/www.saborbrasil.it\/pt-br\/bife-de-panela-fettine-di-manzo-in-umido\/\">Bife de panela<\/a><br \/><a href=\"https:\/\/www.saborbrasil.it\/pt-br\/biscoito-de-polvilho-biscotti-di-fecola-di-manioca\/\">Biscoito de Polvilho<\/a><br \/><a href=\"https:\/\/www.saborbrasil.it\/pt-br\/bolinho-de-bacalhau-crocchette-di-baccala\/\">Bolinho de bacalhau<\/a><br \/><a href=\"https:\/\/www.saborbrasil.it\/pt-br\/bolo-de-aipim-torta-di-manioca\/\">Bolo de aipim<\/a><br \/><a href=\"https:\/\/www.saborbrasil.it\/pt-br\/bom-bocado-buon-boccone\/\">Bom-bocado<\/a><br \/><a href=\"https:\/\/www.saborbrasil.it\/pt-br\/brejeirices-biscotti-al-cocco\/\">Brejeirices<\/a><br \/><a href=\"https:\/\/www.saborbrasil.it\/pt-br\/brigadeirao-budino-al-cioccolato\/\">Brigadeir\u00e3o<\/a><br \/><a href=\"https:\/\/www.saborbrasil.it\/pt-br\/brigadeiro-pasticcino-al-cioccolato\/\">Brigadeiro<\/a><br \/><a href=\"https:\/\/www.saborbrasil.it\/pt-br\/brigadeiro-de-caipirinha-tartufini-alla-caipirinha\/\">Brigadeiro de caipirinha<\/a><br \/><a href=\"https:\/\/www.saborbrasil.it\/pt-br\/cafe-bombom-caffe-bombon\/\">Caf\u00e9 bombom<\/a><br \/><a href=\"https:\/\/www.saborbrasil.it\/pt-br\/caipirinha\/\">Caipirinha<\/a><br \/><a href=\"https:\/\/www.saborbrasil.it\/pt-br\/cajuzinho-pasticcino-alle-arachidi\/\">Cajuzinho<\/a><br \/><a href=\"https:\/\/www.saborbrasil.it\/pt-br\/caldo-verde-zuppa-verde\/\">Caldo verde<\/a><br \/><a href=\"https:\/\/www.saborbrasil.it\/pt-br\/camafeu-de-nozes-pasticcini-alle-noci\/\">Camafeu de nozes<\/a><br \/><a href=\"https:\/\/www.saborbrasil.it\/pt-br\/canja-de-galinha-minestra-di-gallina\/\">Canja de galinha<\/a><br \/><a href=\"https:\/\/www.saborbrasil.it\/pt-br\/canjica-2\/\">Canjica<\/a><br \/><a href=\"https:\/\/www.saborbrasil.it\/pt-br\/cartola-pernambucana\/\">Cartola Pernambucana<\/a><br \/><a href=\"https:\/\/www.saborbrasil.it\/pt-br\/casquinha-de-siri\/\">Casquinha de siri<\/a><br \/><a href=\"https:\/\/www.saborbrasil.it\/pt-br\/chuchu-refogado\/\">Chuchu refogado<\/a><br \/><a href=\"https:\/\/www.saborbrasil.it\/pt-br\/churrasco\/\">Churrasco<\/a><br \/><a href=\"https:\/\/www.saborbrasil.it\/pt-br\/churrasco-de-picanha\/\">Churrasco de picanha<\/a><br \/><a href=\"https:\/\/www.saborbrasil.it\/pt-br\/cocada\/\">Cocada<\/a><br \/><a href=\"https:\/\/www.saborbrasil.it\/pt-br\/cocada-com-ovos\/\">Cocada com ovos<\/a><br \/><a href=\"https:\/\/www.saborbrasil.it\/pt-br\/couve-refogada\/\">Couve refogada<\/a><br \/><a href=\"https:\/\/www.saborbrasil.it\/pt-br\/cozido\/\">Cozido<\/a><br \/><a href=\"https:\/\/www.saborbrasil.it\/pt-br\/creme-de-abacate\/\">Creme de abacate<\/a><br \/><a href=\"https:\/\/www.saborbrasil.it\/pt-br\/curau\/\">Curau<\/a><br \/><a href=\"https:\/\/www.saborbrasil.it\/pt-br\/cuscuz-com-coco\/\">Cuscuz com coco<\/a><br \/><a href=\"https:\/\/www.saborbrasil.it\/pt-br\/cuscuz-de-tapioca\/\">Cuscuz de tapioca<\/a><br \/><a href=\"https:\/\/www.saborbrasil.it\/pt-br\/cuscuz-nordestino\/\">Cuscuz nordestino<\/a><br \/><a href=\"https:\/\/www.saborbrasil.it\/pt-br\/cuscuz-paulista-ou-portugues\/\">Cuscuz paulista<\/a><br \/><a href=\"https:\/\/www.saborbrasil.it\/pt-br\/doce-de-abobora-dolce-di-zucca\/\">Doce de ab\u00f3bora<\/a><br \/><a href=\"https:\/\/www.saborbrasil.it\/pt-br\/farofa\/\">Farofa<\/a><br \/><a href=\"https:\/\/www.saborbrasil.it\/pt-br\/farofa-de-banana-da-terra\/\">Farofa de banana da terra<\/a><br \/><a href=\"https:\/\/www.saborbrasil.it\/pt-br\/farofa-de-ovos\/\">Farofa de ovos<\/a><br \/><a href=\"https:\/\/www.saborbrasil.it\/pt-br\/feijao-tropeiro\/\">Feij\u00e3o-tropeiro<\/a><br \/><a href=\"https:\/\/www.saborbrasil.it\/pt-br\/feijoada\/\">Feijoada<\/a><br \/><a href=\"https:\/\/www.saborbrasil.it\/pt-br\/figo-verde-em-calda\/\">Figo verde em calda<\/a><br \/><a href=\"https:\/\/www.saborbrasil.it\/pt-br\/fios-de-ovos\/\">Fios de ovos<\/a><br \/><a href=\"https:\/\/www.saborbrasil.it\/pt-br\/frango-a-passarinho\/\">Frango a passarinho<\/a><br \/><a href=\"https:\/\/www.saborbrasil.it\/pt-br\/gelatina-mosaico\/\">Gelatina mosaico<\/a><br \/><a href=\"https:\/\/www.saborbrasil.it\/pt-br\/geleia-de-banana\/\">Gel\u00e9ia de banana<\/a><br \/><a href=\"https:\/\/www.saborbrasil.it\/pt-br\/lombo-com-abacaxi-lonza-arrosto-con-ananas\/\">Lombo com abacaxi<\/a><br \/><a href=\"https:\/\/www.saborbrasil.it\/pt-br\/maionese-como-fazer-maionese-em-casa\/\">Maionese<\/a><br \/><a href=\"https:\/\/www.saborbrasil.it\/pt-br\/maionese-de-batata\/\">Maionese de batata<\/a><br \/><a href=\"https:\/\/www.saborbrasil.it\/pt-br\/mandioca-frita\/\">Mandioca frita<\/a><br \/><a href=\"https:\/\/www.saborbrasil.it\/pt-br\/manjar-branco\/\">Manjar branco<\/a><br \/><a href=\"https:\/\/www.saborbrasil.it\/pt-br\/meia-de-seda\/\">Meia de seda<\/a><br \/><a href=\"https:\/\/www.saborbrasil.it\/pt-br\/molho-vinagrete\/\">Molho vinagrete<\/a><br \/><a href=\"https:\/\/www.saborbrasil.it\/pt-br\/moqueca-de-peixe-baiana\/\">Moqueca de peixe baiana<\/a><br \/><a href=\"https:\/\/www.saborbrasil.it\/pt-br\/mousse-de-limao-rapida\/\">Mousse de lim\u00e3o r\u00e1pida<\/a><br \/><a href=\"https:\/\/www.saborbrasil.it\/pt-br\/mousse-de-maracuja\/\">Mousse de maracuj\u00e1<\/a><br \/><a href=\"https:\/\/www.saborbrasil.it\/pt-br\/olho-de-sogra\/\">Olho de sogra<\/a><br \/><a href=\"https:\/\/www.saborbrasil.it\/pt-br\/pacoca-de-banana-da-terra\/\">Pa\u00e7oca de banana da terra<\/a><br \/><a href=\"https:\/\/www.saborbrasil.it\/pt-br\/pacoca-de-carne-seca\/\">Pa\u00e7oca de carne seca<\/a><br \/><a href=\"https:\/\/www.saborbrasil.it\/pt-br\/pacoquinha-de-amendoim\/\">Pa\u00e7oquinha de amendoim<\/a><br \/><a href=\"https:\/\/www.saborbrasil.it\/pt-br\/pamonha-polentina-di-mais-dolce\/\">Pamonha<\/a><br \/><a href=\"https:\/\/www.saborbrasil.it\/pt-br\/pao-de-minuto\/\">P\u00e3o de queijo<\/a><br \/><a href=\"https:\/\/www.saborbrasil.it\/pt-br\/3172\/\">Pat\u00ea de berinjela<\/a><br \/><a href=\"https:\/\/www.saborbrasil.it\/pt-br\/3108\/\">Peru de Natal<\/a><br \/><a href=\"https:\/\/www.saborbrasil.it\/pt-br\/picole-chicabon-caseiro\/\">Picol\u00e9 &#8220;Chicabon&#8221; caseiro<\/a><br \/><a href=\"https:\/\/www.saborbrasil.it\/pt-br\/pinga-com-mel\/\">Pinga com mel<\/a><br \/><a href=\"https:\/\/www.saborbrasil.it\/pt-br\/pirao\/+\">Pir\u00e3o<\/a><br \/><a href=\"https:\/\/www.saborbrasil.it\/pt-br\/pudim-de-claras\/\">Pudim de claras<\/a><br \/><a href=\"https:\/\/www.saborbrasil.it\/pt-br\/pudim-de-leite-moca\/\">Pudim de leite Mo\u00e7a<\/a><br \/><a href=\"https:\/\/www.saborbrasil.it\/pt-br\/pure-de-banana-da-terra-pure-di-platano\/\">Pur\u00ea de banana da terra<\/a><br \/><a href=\"https:\/\/www.saborbrasil.it\/pt-br\/quentao\/\">Quent\u00e3o<\/a><br \/><a href=\"https:\/\/www.saborbrasil.it\/pt-br\/quiabo-refogado\/\">Quiabo refogado<\/a><br \/><a href=\"https:\/\/www.saborbrasil.it\/pt-br\/quibe-kibe-de-bandeja\/\">Quibebe<\/a><br \/><a href=\"https:\/\/www.saborbrasil.it\/pt-br\/quindim-dolce-di-tuorli-e-cocco\/\">Quindim<\/a><br \/><a href=\"https:\/\/www.saborbrasil.it\/pt-br\/rabada-ao-vinho-tinto-coda-di-bue-in-umido\/\">Rabada ao vinho tinto<\/a><br \/><a href=\"https:\/\/www.saborbrasil.it\/pt-br\/risoto-de-camarao-risotto-di-gamberetti\/\">Risoto de camar\u00e3o<\/a><br \/><a href=\"https:\/\/www.saborbrasil.it\/pt-br\/romeu-e-julieta-giulietta-e-romeo\/\">Romeu e Julieta<\/a><br \/><a href=\"https:\/\/www.saborbrasil.it\/pt-br\/rosbife-de-picanha-roast-beef-di-picanha\/\">Rosbife de picanha<\/a><br \/><a href=\"https:\/\/www.saborbrasil.it\/pt-br\/sagu-de-vinho-tinto-perle-di-tapioca-al-vino-rosso\/\">Sagu de vinho tinto<\/a><br \/><a href=\"https:\/\/www.saborbrasil.it\/pt-br\/salada-de-chuchu-insalata-di-chayote\/\">Salada de chuchu<\/a><br \/><a href=\"https:\/\/www.saborbrasil.it\/pt-br\/salpicao-insalata-di-pollo\/\">Salpic\u00e3o<\/a><br \/><a href=\"https:\/\/www.saborbrasil.it\/pt-br\/sequilhos-de-maizena-biscotti-di-amido-di-mais\/\">Sequilhos de Maizena<\/a><br \/><a href=\"https:\/\/www.saborbrasil.it\/pt-br\/sopa-de-mandioquinha-vellutata-di-arracacha\/\">Sopa de mandioquinha<\/a><br \/><a href=\"https:\/\/www.saborbrasil.it\/pt-br\/suco-de-abacaxi-succo-di-ananas\/\">Suco de abacaxi<\/a><br \/><a href=\"https:\/\/www.saborbrasil.it\/pt-br\/suco-de-melancia-succo-di-anguria\/\">Suco de melancia<\/a><br \/><a href=\"https:\/\/www.saborbrasil.it\/pt-br\/suco-e-geleia-de-uva-succo-e-marmellata-duva\/\">Suco e gel\u00e9ia de uva<\/a><br \/><a href=\"https:\/\/www.saborbrasil.it\/pt-br\/tender\/\">Tender<\/a><br \/><a href=\"https:\/\/www.saborbrasil.it\/pt-br\/torta-de-limao-crostata-al-limone\/\">Torta de lim\u00e3o<\/a><br \/><a href=\"https:\/\/www.saborbrasil.it\/pt-br\/tutu-de-feijao-crema-di-fagioli\/\">Tutu de feij\u00e3o<\/a><br \/><a href=\"https:\/\/www.saborbrasil.it\/pt-br\/vaca-atolada\/\">Vaca atolada<\/a><br \/><a href=\"https:\/\/www.saborbrasil.it\/pt-br\/virado-a-paulista\/\">Virado \u00e0 paulista<\/a><br \/><a href=\"https:\/\/www.saborbrasil.it\/pt-br\/vitamina-de-fruta-e-de-abacate\/\">Vitamina de fruta e de abacate<\/a><\/p>\n\n\n<p><\/p>\n","protected":false},"excerpt":{"rendered":"<p>Aca\u00e7\u00e1&#8220;Alfajor&#8221; de amido de milhoAmeixa com bacon e Pur\u00ea de ma\u00e7\u00e3Arroz \u00e0 gregaArroz brancoArroz de carreteiroArroz de festaArroz doceBai\u00e3o de doisBala de gelatina de pingaBanana da terra assadaBanana da terra fritaBanana frita no a\u00e7\u00facarBatata doce fritaBatata palhaBatida de amendoimBatida de cocoBatida de maracuj\u00e1Batida de morangoBeijinhoBeiju&hellip;<\/p>\n","protected":false},"author":2,"featured_media":0,"parent":0,"menu_order":0,"comment_status":"closed","ping_status":"closed","template":"","meta":{"footnotes":""},"class_list":["post-282","page","type-page","status-publish","hentry"],"_links":{"self":[{"href":"https:\/\/www.saborbrasil.it\/pt-br\/index.php?rest_route=\/wp\/v2\/pages\/282","targetHints":{"allow":["GET"]}}],"collection":[{"href":"https:\/\/www.saborbrasil.it\/pt-br\/index.php?rest_route=\/wp\/v2\/pages"}],"about":[{"href":"https:\/\/www.saborbrasil.it\/pt-br\/index.php?rest_route=\/wp\/v2\/types\/page"}],"author":[{"embeddable":true,"href":"https:\/\/www.saborbrasil.it\/pt-br\/index.php?rest_route=\/wp\/v2\/users\/2"}],"replies":[{"embeddable":true,"href":"https:\/\/www.saborbrasil.it\/pt-br\/index.php?rest_route=%2Fwp%2Fv2%2Fcomments&post=282"}],"version-history":[{"count":5,"href":"https:\/\/www.saborbrasil.it\/pt-br\/index.php?rest_route=\/wp\/v2\/pages\/282\/revisions"}],"predecessor-version":[{"id":5532,"href":"https:\/\/www.saborbrasil.it\/pt-br\/index.php?rest_route=\/wp\/v2\/pages\/282\/revisions\/5532"}],"wp:attachment":[{"href":"https:\/\/www.saborbrasil.it\/pt-br\/index.php?rest_route=%2Fwp%2Fv2%2Fmedia&parent=282"}],"curies":[{"name":"wp","href":"https:\/\/api.w.org\/{rel}","templated":true}]}}