{"id":287,"date":"2021-06-01T17:13:46","date_gmt":"2021-06-01T15:13:46","guid":{"rendered":"http:\/\/brasil.polardemo.it\/batidas-e-bevande\/"},"modified":"2021-06-25T14:43:41","modified_gmt":"2021-06-25T12:43:41","slug":"batidas-e-bevande","status":"publish","type":"page","link":"https:\/\/www.saborbrasil.it\/pt-br?page_id=287","title":{"rendered":"BATIDAS"},"content":{"rendered":"<p><img loading=\"lazy\" decoding=\"async\" class=\"alignnone size-large wp-image-5821\" src=\"https:\/\/www.saborbrasil.it\/wp-content\/uploads\/2021\/06\/1-1024x1024.jpg\" alt=\"-Sabor Brasil ricette di cucina Brasiliana\" width=\"1024\" height=\"1024\" data-kale-share-title=\"BATIDAS\" data-kale-share-url=\"https:\/\/www.saborbrasil.it\/en\/batidas-e-bevande\/\" srcset=\"https:\/\/www.saborbrasil.it\/wp-content\/uploads\/2021\/06\/1-1024x1024.jpg 1024w, https:\/\/www.saborbrasil.it\/wp-content\/uploads\/2021\/06\/1-300x300.jpg 300w, https:\/\/www.saborbrasil.it\/wp-content\/uploads\/2021\/06\/1-150x150.jpg 150w, https:\/\/www.saborbrasil.it\/wp-content\/uploads\/2021\/06\/1-768x768.jpg 768w, https:\/\/www.saborbrasil.it\/wp-content\/uploads\/2021\/06\/1-1536x1536.jpg 1536w, https:\/\/www.saborbrasil.it\/wp-content\/uploads\/2021\/06\/1-2048x2048.jpg 2048w\" sizes=\"auto, (max-width: 1024px) 100vw, 1024px\" \/><\/p>\r\n<p><a href=\"https:\/\/www.saborbrasil.it\/pt-br\/batida-de-amendoim-arachidi\/\">Batida de amendoim<\/a><br \/><a href=\"https:\/\/www.saborbrasil.it\/pt-br\/batida-de-coco-cocco\/\">Batida de coco<\/a><br \/><a href=\"https:\/\/www.saborbrasil.it\/pt-br\/batida-de-maracuja-frutto-della-passione\/\">Batida de maracuj\u00e1<\/a><br \/><a href=\"https:\/\/www.saborbrasil.it\/pt-br\/batida-de-morango-fragola\/\">Batida de morango<\/a><br \/><a href=\"https:\/\/www.saborbrasil.it\/pt-br\/cafe-bombom-caffe-bombon\/\">Caf\u00e9 bombom<\/a><br \/><a href=\"https:\/\/www.saborbrasil.it\/pt-br\/caipirinha\/\">Caipirinha<\/a><br \/><a href=\"https:\/\/www.saborbrasil.it\/pt-br\/meia-de-seda\/\">Meia de seda<\/a><br \/><a href=\"https:\/\/www.saborbrasil.it\/pt-br\/queijadinha\/\">Queijadinha<\/a><br \/><a href=\"https:\/\/www.saborbrasil.it\/pt-br\/quentao\/\">Quent\u00e3o<\/a><br \/><a href=\"https:\/\/www.saborbrasil.it\/pt-br\/suco-de-abacaxi-succo-di-ananas\/\">Suco de abacaxi<\/a><br \/><a href=\"https:\/\/www.saborbrasil.it\/pt-br\/suco-de-melancia-succo-di-anguria\/\">Suco de melancia<\/a><br \/><a href=\"https:\/\/www.saborbrasil.it\/pt-br\/suco-e-geleia-de-uva-succo-e-marmellata-duva\/\">Suco e gel\u00e9ia de uva<\/a><br \/><a href=\"https:\/\/www.saborbrasil.it\/pt-br\/vitamina-de-fruta-e-de-abacate\/\">Vitamina de fruta e de abacate<\/a><\/p>\r\n<p>&nbsp;<\/p>\r\n\r\n<p>&nbsp;<\/p>\r\n","protected":false},"excerpt":{"rendered":"<p>Batida de amendoimBatida de cocoBatida de maracuj\u00e1Batida de morangoCaf\u00e9 bombomCaipirinhaMeia de sedaQueijadinhaQuent\u00e3oSuco de abacaxiSuco de melanciaSuco e gel\u00e9ia de uvaVitamina de fruta e de abacate &nbsp; &nbsp;<\/p>\n","protected":false},"author":2,"featured_media":0,"parent":0,"menu_order":0,"comment_status":"closed","ping_status":"closed","template":"","meta":{"footnotes":""},"class_list":["post-287","page","type-page","status-publish","hentry"],"_links":{"self":[{"href":"https:\/\/www.saborbrasil.it\/pt-br\/index.php?rest_route=\/wp\/v2\/pages\/287","targetHints":{"allow":["GET"]}}],"collection":[{"href":"https:\/\/www.saborbrasil.it\/pt-br\/index.php?rest_route=\/wp\/v2\/pages"}],"about":[{"href":"https:\/\/www.saborbrasil.it\/pt-br\/index.php?rest_route=\/wp\/v2\/types\/page"}],"author":[{"embeddable":true,"href":"https:\/\/www.saborbrasil.it\/pt-br\/index.php?rest_route=\/wp\/v2\/users\/2"}],"replies":[{"embeddable":true,"href":"https:\/\/www.saborbrasil.it\/pt-br\/index.php?rest_route=%2Fwp%2Fv2%2Fcomments&post=287"}],"version-history":[{"count":12,"href":"https:\/\/www.saborbrasil.it\/pt-br\/index.php?rest_route=\/wp\/v2\/pages\/287\/revisions"}],"predecessor-version":[{"id":6137,"href":"https:\/\/www.saborbrasil.it\/pt-br\/index.php?rest_route=\/wp\/v2\/pages\/287\/revisions\/6137"}],"wp:attachment":[{"href":"https:\/\/www.saborbrasil.it\/pt-br\/index.php?rest_route=%2Fwp%2Fv2%2Fmedia&parent=287"}],"curies":[{"name":"wp","href":"https:\/\/api.w.org\/{rel}","templated":true}]}}