{"id":294,"date":"2021-06-01T17:14:32","date_gmt":"2021-06-01T15:14:32","guid":{"rendered":"http:\/\/brasil.polardemo.it\/salati\/"},"modified":"2021-06-21T12:08:42","modified_gmt":"2021-06-21T10:08:42","slug":"salati","status":"publish","type":"page","link":"https:\/\/www.saborbrasil.it\/pt-br?page_id=294","title":{"rendered":"SALGADOS"},"content":{"rendered":"<a href=\"https:\/\/www.saborbrasil.it\/pt-br\/acaca-crema-di-riso\/\">Aca\u00e7\u00e1<\/a>\r\n<a href=\"https:\/\/www.saborbrasil.it\/pt-br\/ameixa-com-bacon-e-pure-de-maca-prugna-con-pancetta-e-pure-di-mela\/\">Ameixa com bacon e Pur\u00ea de ma\u00e7\u00e3<\/a>\r\n<a href=\"https:\/\/www.saborbrasil.it\/pt-br\/arroz-a-grega-riso-alla-greca\/\">Arroz \u00e0 grega<\/a>\r\n<a href=\"https:\/\/www.saborbrasil.it\/pt-br\/arroz-branco-riso-bianco\/\">Arroz branco<\/a>\r\n<a href=\"https:\/\/www.saborbrasil.it\/pt-br\/arroz-de-carreteiro-riso-del-mulattiere\/\">Arroz de carreteiro<\/a>\r\n<a href=\"https:\/\/www.saborbrasil.it\/pt-br\/arroz-de-festa-riso-di-festa\/\">Arroz de festa<\/a>\r\n<a href=\"https:\/\/www.saborbrasil.it\/pt-br\/arroz-de-forno-riso-al-forno\/\">Arroz de forno<\/a>\r\n<a href=\"https:\/\/www.saborbrasil.it\/pt-br\/bacalhoada-da-vovo-baccala-della-nonna\/\">Bacalhoada da Vov\u00f3<\/a>\r\n<a href=\"https:\/\/www.saborbrasil.it\/pt-br\/baiao-de-dois-riso-e-fagioli-cotti-insieme\/\">Bai\u00e3o de dois<\/a>\r\n<a href=\"https:\/\/www.saborbrasil.it\/pt-br\/banana-a-milanesa-banana-alla-milanese\/\">Banana \u00e0 milanesa<\/a>\r\n<a href=\"https:\/\/www.saborbrasil.it\/pt-br\/banana-da-terra-assada-platano-arrosto\/\">Banana da terra assada<\/a>\r\n<a href=\"https:\/\/www.saborbrasil.it\/pt-br\/banana-da-terra-frita-platano-fritto\/\">Banana da terra frita<\/a>\r\n<a href=\"https:\/\/www.saborbrasil.it\/pt-br\/batata-doce-frita-patata-americana-fritta\/\">Batata doce frita<\/a>\r\n<a href=\"https:\/\/www.saborbrasil.it\/pt-br\/batata-palha-patata-paglia\/\">Batata palha<\/a>\r\n<a href=\"https:\/\/www.saborbrasil.it\/pt-br\/bauru-do-ponto-chic-panino-bauru-del-ponto-chic\/\">Bauru do &#8220;Ponto Chic&#8221;<\/a>\r\n<a href=\"https:\/\/www.saborbrasil.it\/pt-br\/beiju-de-tapioca-crespella-di-tapioca\/\">Beiju de tapioca<\/a>\r\n<a href=\"https:\/\/www.saborbrasil.it\/pt-br\/bife-de-panela-fettine-di-manzo-in-umido\/\">Bife de panela<\/a>\r\n<a href=\"https:\/\/www.saborbrasil.it\/pt-br\/biscoito-de-polvilho-biscotti-di-fecola-di-manioca\/\">Biscoito de Polvilho<\/a>\r\n<a href=\"https:\/\/www.saborbrasil.it\/pt-br\/bobo-de-camarao-gamberi-in-salsa-di-manioca\/\">Bob\u00f3 de camar\u00e3o<\/a>\r\n<a href=\"https:\/\/www.saborbrasil.it\/pt-br\/bolinhas-de-queijo-palline-al-formaggio\/\">Bolinhas de queijo<\/a>\r\n<a href=\"https:\/\/www.saborbrasil.it\/pt-br\/bolinho-de-arroz-crocchette-di-riso\/\">Bolinho de arroz<\/a>\r\n<a href=\"https:\/\/www.saborbrasil.it\/pt-br\/bolinho-de-bacalhau-crocchette-di-baccala\/\">Bolinho de bacalhau<\/a>\r\n<a href=\"https:\/\/www.saborbrasil.it\/pt-br\/caldo-verde-zuppa-verde\/\">Caldo verde<\/a>\r\n<a href=\"https:\/\/www.saborbrasil.it\/pt-br\/camarao-na-moranga-zucca-ripiena-di-gamberi\/\">Camar\u00e3o na moranga<\/a>\r\n<a href=\"https:\/\/www.saborbrasil.it\/pt-br\/canape-de-rosbife-tartina-allarrosto-di-manzo-allinglese\/\">Canap\u00e9 de rosbife<\/a>\r\n<a href=\"https:\/\/www.saborbrasil.it\/pt-br\/canja-de-galinha-minestra-di-gallina\/\">Canja de galinha<\/a>\r\n<a href=\"https:\/\/www.saborbrasil.it\/pt-br\/casquinha-de-siri\/\">Casquinha de siri<\/a>\r\n<a href=\"https:\/\/www.saborbrasil.it\/pt-br\/chuchu-frito\/\">Chuchu frito<\/a>\r\n<a href=\"https:\/\/www.saborbrasil.it\/pt-br\/chuchu-recheado-com-carne\/\">Chuchu recheado com carne<\/a>\r\n<a href=\"https:\/\/www.saborbrasil.it\/pt-br\/chuchu-refogado\/\">Chuchu refogado<\/a>\r\n<a href=\"https:\/\/www.saborbrasil.it\/pt-br\/churrasco\/\">Churrasco<\/a>\r\n<a href=\"https:\/\/www.saborbrasil.it\/pt-br\/churrasco-de-picanha\/\">Churrasco de picanha<\/a>\r\n<a href=\"https:\/\/www.saborbrasil.it\/pt-br\/couve-refogada\/\">Couve refogada<\/a>\r\n<a href=\"https:\/\/www.saborbrasil.it\/pt-br\/coxa-creme-de-frango-coscia-di-pollo-in-crosta\/\">Coxa-creme de frango<\/a>\r\n<a href=\"https:\/\/www.saborbrasil.it\/pt-br\/coxinha-de-galinha\/\">Coxinha de galinha<\/a>\r\n<a href=\"https:\/\/www.saborbrasil.it\/pt-br\/cozido\/\">Cozido<\/a>\r\n<a href=\"https:\/\/www.saborbrasil.it\/pt-br\/creme-de-milho-verde\/\">Creme de milho verde<\/a>\r\n<a href=\"https:\/\/www.saborbrasil.it\/pt-br\/croquetes-de-camarao\/\">Croquetes de camar\u00e3o<\/a>\r\n<a href=\"https:\/\/www.saborbrasil.it\/pt-br\/cuscuz-nordestino\/\">Cuscuz nordestino<\/a>\r\n<a href=\"https:\/\/www.saborbrasil.it\/pt-br\/cuscuz-paulista-ou-portugues\/\">Cuscuz paulista<\/a>\r\n<a href=\"https:\/\/www.saborbrasil.it\/pt-br\/empadinha\/\">Empadinha<\/a>\r\n<a href=\"https:\/\/www.saborbrasil.it\/pt-br\/empadinha-de-queijo\/\">Empadinha de queijo<\/a>\r\n<a href=\"https:\/\/www.saborbrasil.it\/pt-br\/esfiha\/\">Esfiha<\/a>\r\n<a href=\"https:\/\/www.saborbrasil.it\/pt-br\/esfiha-fechada-panini-ripieni-di-carne\/\">Esfiha fechada<\/a>\r\n<a href=\"https:\/\/www.saborbrasil.it\/pt-br\/farofa\/\">Farofa<\/a>\r\n<a href=\"https:\/\/www.saborbrasil.it\/pt-br\/farofa-de-banana-da-terra\/\">Farofa de banana da terra<\/a>\r\n<a href=\"https:\/\/www.saborbrasil.it\/pt-br\/farofa-de-ovos\/\">Farofa de ovos<\/a>\r\n<a href=\"https:\/\/www.saborbrasil.it\/pt-br\/feijao-tropeiro\/\">Feij\u00e3o-tropeiro<\/a>\r\n<a href=\"https:\/\/www.saborbrasil.it\/pt-br\/feijoada\/\">Feijoada<\/a>\r\n<a href=\"https:\/\/www.saborbrasil.it\/pt-br\/file-de-peixe-com-abacaxi\/\">Fil\u00e9 de peixe com abacaxi<\/a>\r\n<a href=\"https:\/\/www.saborbrasil.it\/pt-br\/frango-a-passarinho\/\">Frango a passarinho<\/a>\r\n<a href=\"https:\/\/www.saborbrasil.it\/pt-br\/lombo-com-abacaxi-lonza-arrosto-con-ananas\/\">Lombo com abacaxi<\/a>\r\n<a href=\"https:\/\/www.saborbrasil.it\/pt-br\/maionese-como-fazer-maionese-em-casa\/\">Maionese<\/a>\r\n<a href=\"https:\/\/www.saborbrasil.it\/pt-br\/maionese-de-batata\/\">Maionese de batata<\/a>\r\n<a href=\"https:\/\/www.saborbrasil.it\/pt-br\/mandioca-frita\/\">Mandioca frita<\/a>\r\n<a href=\"https:\/\/www.saborbrasil.it\/pt-br\/molho-vinagrete\/\">Molho vinagrete<\/a>\r\n<a href=\"https:\/\/www.saborbrasil.it\/pt-br\/moqueca-de-peixe-baiana\/\">Moqueca de peixe baiana<\/a>\r\n<a href=\"https:\/\/www.saborbrasil.it\/pt-br\/pacoca-de-carne-seca\/\">Pa\u00e7oca de carne seca<\/a>\r\n<a href=\"https:\/\/www.saborbrasil.it\/pt-br\/pao-de-mandioca\/\">P\u00e3o de mandioca<\/a>\r\n<a href=\"https:\/\/www.saborbrasil.it\/pt-br\/pao-de-minuto-pane-veloce\/\">P\u00e3o de minuto<\/a>\r\n<a href=\"https:\/\/www.saborbrasil.it\/pt-br\/pao-de-minuto\/\">P\u00e3o de queijo<\/a>\r\n<a href=\"https:\/\/www.saborbrasil.it\/pt-br\/pastel\/\">Pastel<\/a>\r\n<a href=\"https:\/\/www.saborbrasil.it\/pt-br\/3172\/\">Pat\u00ea de berinjela<\/a>\r\n<a href=\"https:\/\/www.saborbrasil.it\/pt-br\/pate-de-sopa-de-cebola\/\">Pat\u00ea de sopa de cebola<\/a>\r\n<a href=\"https:\/\/www.saborbrasil.it\/pt-br\/3108\/\">Peru de Natal<\/a>\r\n<a href=\"https:\/\/www.saborbrasil.it\/pt-br\/pirao\/+\">Pir\u00e3o<\/a>\r\n<a href=\"https:\/\/www.saborbrasil.it\/pt-br\/polenta-frita\/\">Polenta frita<\/a>\r\n<a href=\"https:\/\/www.saborbrasil.it\/pt-br\/pure-de-banana-da-terra-pure-di-platano\/\">Pur\u00ea de banana da terra<\/a>\r\n<a href=\"https:\/\/www.saborbrasil.it\/pt-br\/quiabo-refogado\/\">Quiabo refogado<\/a>\r\n<a href=\"https:\/\/www.saborbrasil.it\/pt-br\/quibe-kibe-de-bandeja\/\">Quibebe<\/a>\r\n<a href=\"https:\/\/www.saborbrasil.it\/pt-br\/quibe-kibe-de-bandeja\/\">Quibe\/kibe de bandeja<\/a>\r\n<a href=\"https:\/\/www.saborbrasil.it\/pt-br\/2664\/\">Quibe\/kibe frito<\/a>\r\n<a href=\"https:\/\/www.saborbrasil.it\/pt-br\/rabada-ao-vinho-tinto-coda-di-bue-in-umido\/\">Rabada ao vinho tinto<\/a>\r\n<a href=\"https:\/\/www.saborbrasil.it\/pt-br\/risoto-de-camarao-risotto-di-gamberetti\/\">Risoto de camar\u00e3o<\/a>\r\n<a href=\"https:\/\/www.saborbrasil.it\/pt-br\/rissol-sofficino\/\">Rissol<\/a>\r\n<a href=\"https:\/\/www.saborbrasil.it\/pt-br\/rocambole-de-camarao-rotolo-di-gamberetti\/\">Rocambole de camar\u00e3o<\/a>\r\n<a href=\"https:\/\/www.saborbrasil.it\/pt-br\/rosbife-de-picanha-roast-beef-di-picanha\/\">Rosbife de picanha<\/a>\r\n<a href=\"https:\/\/www.saborbrasil.it\/pt-br\/salada-de-chuchu-insalata-di-chayote\/\">Salada de chuchu<\/a>\r\n<a href=\"https:\/\/www.saborbrasil.it\/pt-br\/salpicao-insalata-di-pollo\/\">Salpic\u00e3o<\/a>\r\n<a href=\"https:\/\/www.saborbrasil.it\/pt-br\/saltenha-tortelloni-di-pollo\/\">Saltenha<\/a>\r\n<a href=\"https:\/\/www.saborbrasil.it\/pt-br\/sanduiche-de-carne-louca-panino-di-carne-bizzarra\/\">Sandu\u00edche de carne louca<\/a>\r\n<a href=\"https:\/\/www.saborbrasil.it\/pt-br\/sopa-de-feijao-minestra-di-fagioli\/\">Sopa de feij\u00e3o<\/a>\r\n<a href=\"https:\/\/www.saborbrasil.it\/pt-br\/sopa-de-grao-de-bico-com-macarraozinho-zuppa-di-ceci-con-ditalini\/\">Sopa de gr\u00e3o-de-bico com macarr\u00e3ozinho<\/a>\r\n<a href=\"https:\/\/www.saborbrasil.it\/pt-br\/sopa-de-mandioquinha-vellutata-di-arracacha\/\">Sopa de mandioquinha<\/a>\r\n<a href=\"https:\/\/www.saborbrasil.it\/pt-br\/strogonoff-spezzatino-di-manzo-con-panna\/\">Strogonoff<\/a>\r\n<a href=\"https:\/\/www.saborbrasil.it\/pt-br\/sufle-de-chuchu-souffle-di-chayote\/\">Sufl\u00ea de chuchu<\/a>\r\n<a href=\"https:\/\/www.saborbrasil.it\/pt-br\/tabule-tabule\/\">Tabule<\/a>\r\n<a href=\"https:\/\/www.saborbrasil.it\/pt-br\/tender\/\">Tender<\/a>\r\n<a href=\"https:\/\/www.saborbrasil.it\/pt-br\/torta-de-frango\/\">Torta de frango<\/a>\r\n<a href=\"https:\/\/www.saborbrasil.it\/pt-br\/torta-de-liquidificador-torta-frullata\/\">Torta de liquidificador<\/a>\r\n<a href=\"https:\/\/www.saborbrasil.it\/pt-br\/tutu-de-feijao-crema-di-fagioli\/\">Tutu de feij\u00e3o<\/a>\r\n<a href=\"https:\/\/www.saborbrasil.it\/pt-br\/vaca-atolada\/\">Vaca atolada<\/a>\r\n<a href=\"https:\/\/www.saborbrasil.it\/pt-br\/vatapa\/\">Vatap\u00e1<\/a>\r\n<a href=\"https:\/\/www.saborbrasil.it\/pt-br\/virado-a-paulista\/\">Virado \u00e0 paulista<\/a>\r\n\r\n<!-- \/wp:post-content -->","protected":false},"excerpt":{"rendered":"<p>Aca\u00e7\u00e1 Ameixa com bacon e Pur\u00ea de ma\u00e7\u00e3 Arroz \u00e0 grega Arroz branco Arroz de carreteiro Arroz de festa Arroz de forno Bacalhoada da Vov\u00f3 Bai\u00e3o de dois Banana \u00e0 milanesa Banana da terra assada Banana da terra frita Batata doce frita Batata palha Bauru&hellip;<\/p>\n","protected":false},"author":2,"featured_media":0,"parent":0,"menu_order":0,"comment_status":"closed","ping_status":"closed","template":"","meta":{"footnotes":""},"class_list":["post-294","page","type-page","status-publish","hentry"],"_links":{"self":[{"href":"https:\/\/www.saborbrasil.it\/pt-br\/index.php?rest_route=\/wp\/v2\/pages\/294","targetHints":{"allow":["GET"]}}],"collection":[{"href":"https:\/\/www.saborbrasil.it\/pt-br\/index.php?rest_route=\/wp\/v2\/pages"}],"about":[{"href":"https:\/\/www.saborbrasil.it\/pt-br\/index.php?rest_route=\/wp\/v2\/types\/page"}],"author":[{"embeddable":true,"href":"https:\/\/www.saborbrasil.it\/pt-br\/index.php?rest_route=\/wp\/v2\/users\/2"}],"replies":[{"embeddable":true,"href":"https:\/\/www.saborbrasil.it\/pt-br\/index.php?rest_route=%2Fwp%2Fv2%2Fcomments&post=294"}],"version-history":[{"count":10,"href":"https:\/\/www.saborbrasil.it\/pt-br\/index.php?rest_route=\/wp\/v2\/pages\/294\/revisions"}],"predecessor-version":[{"id":5539,"href":"https:\/\/www.saborbrasil.it\/pt-br\/index.php?rest_route=\/wp\/v2\/pages\/294\/revisions\/5539"}],"wp:attachment":[{"href":"https:\/\/www.saborbrasil.it\/pt-br\/index.php?rest_route=%2Fwp%2Fv2%2Fmedia&parent=294"}],"curies":[{"name":"wp","href":"https:\/\/api.w.org\/{rel}","templated":true}]}}