{"id":300,"date":"2021-06-01T17:14:53","date_gmt":"2021-06-01T15:14:53","guid":{"rendered":"http:\/\/brasil.polardemo.it\/dolci\/"},"modified":"2021-06-21T11:40:11","modified_gmt":"2021-06-21T09:40:11","slug":"dolci","status":"publish","type":"page","link":"https:\/\/www.saborbrasil.it\/pt-br?page_id=300","title":{"rendered":"DOCES"},"content":{"rendered":"<p><a href=\"https:\/\/www.saborbrasil.it\/pt-br\/alfajor-de-amido-de-milho-biscotto-alfajor\/\">&#8220;Alfajor&#8221; de amido de milho<\/a><br \/><a href=\"https:\/\/www.saborbrasil.it\/pt-br\/amor-aos-pedacos-pezzetti-damore\/\">Amor aos peda\u00e7os<\/a><br \/><a href=\"https:\/\/www.saborbrasil.it\/pt-br\/arroz-doce-riso-dolce\/\">Arroz doce<\/a><br \/><a href=\"https:\/\/www.saborbrasil.it\/pt-br\/bala-de-gelatina-de-pinga-caramella-gelatinosa-di-cachaca\/\">Bala de gelatina de pinga<\/a><br \/><a href=\"https:\/\/www.saborbrasil.it\/pt-br\/banana-da-terra-assada-platano-arrosto\/\">Banana da terra assada<\/a><br \/><a href=\"https:\/\/www.saborbrasil.it\/pt-br\/banana-da-terra-frita-platano-fritto\/\">Banana da terra frita<\/a><br \/><a href=\"https:\/\/www.saborbrasil.it\/pt-br\/banana-frita-no-acucar-banana-caramellata\/\">Banana frita no a\u00e7\u00facar<\/a><br \/><a href=\"https:\/\/www.saborbrasil.it\/pt-br\/beijinho-pasticcino-al-cocco\/\">Beijinho<\/a><br \/><a href=\"https:\/\/www.saborbrasil.it\/pt-br\/beiju-de-tapioca-crespella-di-tapioca\/\">Beiju de tapioca<\/a><br \/><a href=\"https:\/\/www.saborbrasil.it\/pt-br\/beliscao-de-goiabada-pizzicotto-di-guaiava\/\">Belisc\u00e3o de goiabada<\/a><br \/><a href=\"https:\/\/www.saborbrasil.it\/pt-br\/biscoito-de-polvilho-biscotti-di-fecola-di-manioca\/\">Biscoito de Polvilho<\/a><br \/><a href=\"https:\/\/www.saborbrasil.it\/pt-br\/bolinho-de-chuva-frittella-di-pioggia\/\">Bolinho de chuva<\/a><br \/><a href=\"https:\/\/www.saborbrasil.it\/pt-br\/bolo-com-leite-de-coco-ciambella-al-cocco\/\">Bolo com leite de coco<\/a><br \/><a href=\"https:\/\/www.saborbrasil.it\/pt-br\/bolo-de-aipim-torta-di-manioca\/\">Bolo de aipim<\/a><br \/><a href=\"https:\/\/www.saborbrasil.it\/pt-br\/bolo-de-banana-torta-di-banana\/\">Bolo de banana<\/a><br \/><a href=\"https:\/\/www.saborbrasil.it\/pt-br\/bolo-de-cenoura-torta-di-carote\/\">Bolo de cenoura<\/a><br \/><a href=\"https:\/\/www.saborbrasil.it\/pt-br\/bolo-de-fuba-torta-di-farina-di-polenta\/\">Bolo de fub\u00e1<\/a><br \/><a href=\"https:\/\/www.saborbrasil.it\/pt-br\/bolo-de-natal-torta-di-natale\/\">Bolo de Natal<\/a><br \/><a href=\"https:\/\/www.saborbrasil.it\/pt-br\/bolo-de-nozes-torta-di-noci\/\">Bolo de nozes<\/a><br \/><a href=\"https:\/\/www.saborbrasil.it\/pt-br\/bolo-embrulhado-torta-incartata\/\">Bolo embrulhado<\/a><br \/><a href=\"https:\/\/www.saborbrasil.it\/pt-br\/bolo-fantastico-torta-fantastica\/\">Bolo fant\u00e1stico<\/a><br \/><a href=\"https:\/\/www.saborbrasil.it\/pt-br\/bolo-formigueiro-torta-formicaio\/\">Bolo formigueiro<\/a><br \/><a href=\"https:\/\/www.saborbrasil.it\/pt-br\/bolo-gostoso-com-cobertura-de-coco-torta-deliziosa-con-copertura-al-cocco\/\">Bolo gostoso com cobertura de coco<\/a><br \/><a href=\"https:\/\/www.saborbrasil.it\/pt-br\/bolo-moreno-torta-mulatta\/\">Bolo moreno<\/a><br \/><a href=\"https:\/\/www.saborbrasil.it\/pt-br\/bolo-pega-marido-torta-acchiappa-marito\/\">Bolo pega marido<\/a><br \/><a href=\"https:\/\/www.saborbrasil.it\/pt-br\/bolo-prestigio-torta-di-cioccolato-con-cocco\/\">Bolo Prest\u00edgio<\/a><br \/><a href=\"https:\/\/www.saborbrasil.it\/pt-br\/bolo-rei-torta-del-re\/\">Bolo Rei<\/a><br \/><a href=\"https:\/\/www.saborbrasil.it\/pt-br\/bom-bocado-buon-boccone\/\">Bom-bocado<\/a><br \/><a href=\"https:\/\/www.saborbrasil.it\/pt-br\/brejeirices-biscotti-al-cocco\/\">Brejeirices<\/a><br \/><a href=\"https:\/\/www.saborbrasil.it\/pt-br\/brigadeirao-budino-al-cioccolato\/\">Brigadeir\u00e3o<\/a><br \/><a href=\"https:\/\/www.saborbrasil.it\/pt-br\/brigadeiro-pasticcino-al-cioccolato\/\">Brigadeiro<\/a><br \/><a href=\"https:\/\/www.saborbrasil.it\/pt-br\/brigadeiro-de-caipirinha-tartufini-alla-caipirinha\/\">Brigadeiro de caipirinha<\/a><br \/><a href=\"https:\/\/www.saborbrasil.it\/pt-br\/cajuzinho-pasticcino-alle-arachidi\/\">Cajuzinho<\/a><br \/><a href=\"https:\/\/www.saborbrasil.it\/pt-br\/camafeu-de-nozes-pasticcini-alle-noci\/\">Camafeu de nozes<\/a><br \/><a href=\"https:\/\/www.saborbrasil.it\/pt-br\/canjica-2\/\">Canjica<\/a><br \/><a href=\"https:\/\/www.saborbrasil.it\/pt-br\/cartola-pernambucana\/\">Cartola Pernambucana<\/a><br \/><a href=\"https:\/\/www.saborbrasil.it\/pt-br\/cocada\/\">Cocada<\/a><br \/><a href=\"https:\/\/www.saborbrasil.it\/pt-br\/cocada-com-ovos\/\">Cocada com ovos<\/a><br \/><a href=\"https:\/\/www.saborbrasil.it\/pt-br\/cozido\/\">Cozido<\/a><br \/><a href=\"https:\/\/www.saborbrasil.it\/pt-br\/creme-de-abacate\/\">Creme de abacate<\/a><br \/><a href=\"https:\/\/www.saborbrasil.it\/pt-br\/cuca-de-banana\/\">Cuca de banana<\/a><br \/><a href=\"https:\/\/www.saborbrasil.it\/pt-br\/curau\/\">Curau<\/a><br \/><a href=\"https:\/\/www.saborbrasil.it\/pt-br\/cuscuz-com-coco\/\">Cuscuz com coco<\/a><br \/><a href=\"https:\/\/www.saborbrasil.it\/pt-br\/cuscuz-de-tapioca\/\">Cuscuz de tapioca<\/a><br \/><a href=\"https:\/\/www.saborbrasil.it\/pt-br\/cuscuz-nordestino\/\">Cuscuz nordestino<\/a><br \/><a href=\"https:\/\/www.saborbrasil.it\/pt-br\/doce-de-abobora-dolce-di-zucca\/\">Doce de ab\u00f3bora<\/a><br \/><a href=\"https:\/\/www.saborbrasil.it\/pt-br\/figo-verde-em-calda\/\">Figo verde em calda<\/a><br \/><a href=\"https:\/\/www.saborbrasil.it\/pt-br\/fios-de-ovos\/\">Fios de ovos<\/a><br \/><a href=\"https:\/\/www.saborbrasil.it\/pt-br\/gelatina-mosaico\/\">Gelatina mosaico<\/a><br \/><a href=\"https:\/\/www.saborbrasil.it\/pt-br\/geleia-de-banana\/\">Gel\u00e9ia de banana<\/a><br \/><a href=\"https:\/\/www.saborbrasil.it\/pt-br\/manjar-branco\/\">Manjar branco<\/a><br \/><a href=\"https:\/\/www.saborbrasil.it\/pt-br\/mousse-de-limao-rapida\/\">Mousse de lim\u00e3o r\u00e1pida<\/a><br \/><a href=\"https:\/\/www.saborbrasil.it\/pt-br\/mousse-de-maracuja\/\">Mousse de maracuj\u00e1<\/a><br \/><a href=\"https:\/\/www.saborbrasil.it\/pt-br\/olho-de-sogra\/\">Olho de sogra<\/a><br \/><a href=\"https:\/\/www.saborbrasil.it\/pt-br\/pacoca-de-banana-da-terra\/\">Pa\u00e7oca de banana da terra<\/a><br \/><a href=\"https:\/\/www.saborbrasil.it\/pt-br\/pacoquinha-de-amendoim\/\">Pa\u00e7oquinha de amendoim<\/a><br \/><a href=\"https:\/\/www.saborbrasil.it\/pt-br\/pamonha-polentina-di-mais-dolce\/\">Pamonha<\/a><br \/><a href=\"https:\/\/www.saborbrasil.it\/pt-br\/pao-de-lo-com-banana\/\">P\u00e3o-de-L\u00f3 com banana<\/a><br \/><a href=\"https:\/\/www.saborbrasil.it\/pt-br\/pave-de-abacaxi-e-coco\/\">Pav\u00ea de abacaxi e coco<\/a><br \/><a href=\"https:\/\/www.saborbrasil.it\/pt-br\/pave-de-amendoim\/\">Pav\u00ea de amendoim<\/a><br \/><a href=\"https:\/\/www.saborbrasil.it\/pt-br\/picole-chicabon-caseiro\/\">Picol\u00e9 &#8220;Chicabon&#8221; caseiro<\/a><br \/><a href=\"https:\/\/www.saborbrasil.it\/pt-br\/pudim-de-claras\/\">Pudim de claras<\/a><br \/><a href=\"https:\/\/www.saborbrasil.it\/pt-br\/pudim-de-leite-moca\/\">Pudim de leite Mo\u00e7a<\/a><br \/><a href=\"https:\/\/www.saborbrasil.it\/pt-br\/queijadinha\/\">Queijadinha<\/a><br \/><a href=\"https:\/\/www.saborbrasil.it\/pt-br\/quindim-dolce-di-tuorli-e-cocco\/\">Quindim<\/a><br \/><a href=\"https:\/\/www.saborbrasil.it\/pt-br\/rabanada-pane-fritto-dolce\/\">Rabanada<\/a><br \/><a href=\"https:\/\/www.saborbrasil.it\/pt-br\/rocambole-de-doce-de-leite-rotolo-di-dulce-de-leche\/\">Rocambole de doce de leite<\/a><br \/><a href=\"https:\/\/www.saborbrasil.it\/pt-br\/romeu-e-julieta-giulietta-e-romeo\/\">Romeu e Julieta<\/a><br \/><a href=\"https:\/\/www.saborbrasil.it\/pt-br\/sagu-de-vinho-tinto-perle-di-tapioca-al-vino-rosso\/\">Sagu de vinho tinto<\/a><br \/><a href=\"https:\/\/www.saborbrasil.it\/pt-br\/suco-e-geleia-de-uva-succo-e-marmellata-duva\/\">Suco e gel\u00e9ia de uva<\/a><br \/><a href=\"https:\/\/www.saborbrasil.it\/pt-br\/torta-de-limao-crostata-al-limone\/\">Torta de lim\u00e3o<\/a><\/p>\n\n\n<p><\/p>\n","protected":false},"excerpt":{"rendered":"<p>&#8220;Alfajor&#8221; de amido de milhoAmor aos peda\u00e7osArroz doceBala de gelatina de pingaBanana da terra assadaBanana da terra fritaBanana frita no a\u00e7\u00facarBeijinhoBeiju de tapiocaBelisc\u00e3o de goiabadaBiscoito de PolvilhoBolinho de chuvaBolo com leite de cocoBolo de aipimBolo de bananaBolo de cenouraBolo de fub\u00e1Bolo de NatalBolo de nozesBolo&hellip;<\/p>\n","protected":false},"author":2,"featured_media":0,"parent":0,"menu_order":0,"comment_status":"closed","ping_status":"closed","template":"","meta":{"footnotes":""},"class_list":["post-300","page","type-page","status-publish","hentry"],"_links":{"self":[{"href":"https:\/\/www.saborbrasil.it\/pt-br\/index.php?rest_route=\/wp\/v2\/pages\/300","targetHints":{"allow":["GET"]}}],"collection":[{"href":"https:\/\/www.saborbrasil.it\/pt-br\/index.php?rest_route=\/wp\/v2\/pages"}],"about":[{"href":"https:\/\/www.saborbrasil.it\/pt-br\/index.php?rest_route=\/wp\/v2\/types\/page"}],"author":[{"embeddable":true,"href":"https:\/\/www.saborbrasil.it\/pt-br\/index.php?rest_route=\/wp\/v2\/users\/2"}],"replies":[{"embeddable":true,"href":"https:\/\/www.saborbrasil.it\/pt-br\/index.php?rest_route=%2Fwp%2Fv2%2Fcomments&post=300"}],"version-history":[{"count":6,"href":"https:\/\/www.saborbrasil.it\/pt-br\/index.php?rest_route=\/wp\/v2\/pages\/300\/revisions"}],"predecessor-version":[{"id":5520,"href":"https:\/\/www.saborbrasil.it\/pt-br\/index.php?rest_route=\/wp\/v2\/pages\/300\/revisions\/5520"}],"wp:attachment":[{"href":"https:\/\/www.saborbrasil.it\/pt-br\/index.php?rest_route=%2Fwp%2Fv2%2Fmedia&parent=300"}],"curies":[{"name":"wp","href":"https:\/\/api.w.org\/{rel}","templated":true}]}}