{"id":355,"date":"2021-06-01T18:04:32","date_gmt":"2021-06-01T16:04:32","guid":{"rendered":"http:\/\/brasil.polardemo.it\/351-2\/"},"modified":"2021-06-21T11:17:38","modified_gmt":"2021-06-21T09:17:38","slug":"351-2","status":"publish","type":"page","link":"https:\/\/www.saborbrasil.it\/pt-br?page_id=355","title":{"rendered":"TIRA-GOSTO"},"content":{"rendered":"<p><em><strong>Tira-gosto<\/strong><\/em>, <em><strong>aperitivo, petisco, salgadinho<\/strong><\/em>. (salatino) s\u00e3o pequenas por\u00e7\u00f5es de alimentos salgados &#8211; perfumados, crocantes e saborosos &#8211; que se comem com os dedos ou com palitinhos, que \u00e9 chamado de <em>finger food<\/em> em ingl\u00eas.<br \/>\nOs <em><strong>tira-gosto<\/strong> <\/em>s\u00e3o preparados pela fam\u00edlia nos feriados e se encontram em todos os restaurantes, botecos, bares e padarias. Toda hora \u00e8 hora de um <em><strong>tira-gosto<\/strong><\/em>, pra matar a fome ou em companhia para conversar, acompanhados de cerveja ou chopp <em>estupidamente gelados <\/em>ou\u00a0 por uma batidinhaa.<br \/>\n<a><br \/>\n<\/a><\/p>\n<h5><strong>Receitas<\/strong><\/h5>\n<p><span style=\"font-family: Arial Narrow, sans-serif;\"><a href=\"https:\/\/www.saborbrasil.it\/pt-br\/ameixa-com-bacon-e-pure-de-maca-prugna-con-pancetta-e-pure-di-mela\/\"><span style=\"color: #000080;\"><span lang=\"zxx\"><u>Ameixa com bacon e Pur\u00ea de ma\u00e7\u00e3<\/u><\/span><\/span><\/a><\/span><br \/>\n<span style=\"color: #000080;\"><span style=\"font-family: Arial Narrow, sans-serif;\"><span lang=\"zxx\"><u><a href=\"https:\/\/www.saborbrasil.it\/pt-br\/batata-doce-frita-patata-americana-fritta\/\">Batata doce frita<\/a><br \/>\n<a href=\"https:\/\/www.saborbrasil.it\/pt-br\/bauru-do-ponto-chic-panino-bauru-del-ponto-chic\/\">Bauru do &#8220;Ponto Chic&#8221;<\/a><\/u><\/span><\/span><\/span><br \/>\n<span style=\"color: #000080;\"><span style=\"font-family: Arial Narrow, sans-serif;\"><span lang=\"zxx\"><u><a href=\"https:\/\/www.saborbrasil.it\/pt-br\/beiju-de-tapioca-crespella-di-tapioca\/\">Beiju de tapioc<\/a><br \/>\n<a href=\"https:\/\/www.saborbrasil.it\/pt-br\/biscoito-de-polvilho-biscotti-di-fecola-di-manioca\/\">Biscoito de Polvilho<\/a><br \/>\n<a href=\"https:\/\/www.saborbrasil.it\/pt-br\/bolinhas-de-queijo-palline-al-formaggio\/\">Bolinhas de queijo<\/a><br \/>\n<a href=\"https:\/\/www.saborbrasil.it\/pt-br\/bolinho-de-arroz-crocchette-di-riso\/\">Bolinho de arroz<\/a><br \/>\n<a href=\"https:\/\/www.saborbrasil.it\/pt-br\/bolinho-de-bacalhau-crocchette-di-baccala\/\">Bolinho de bacalhau<\/a><br \/>\n<\/u><\/span><\/span><\/span><span style=\"color: #000080;\"><span style=\"font-family: Arial Narrow, sans-serif;\"><span lang=\"zxx\"><u><a href=\"https:\/\/www.saborbrasil.it\/pt-br\/canape-de-rosbife-tartina-allarrosto-di-manzo-allinglese\/\">Canap\u00e9 de rosbife<\/a> <\/u><\/span><\/span><\/span><br \/>\n<a href=\"https:\/\/www.saborbrasil.it\/pt-br\/casquinha-de-siri\/\"><span style=\"color: #000080;\"><span style=\"font-family: Arial Narrow, sans-serif;\"><span lang=\"zxx\"><u>Casquinha de siri<\/u><\/span><\/span><\/span><\/a><span style=\"color: #000080;\"><span style=\"font-family: Arial Narrow, sans-serif;\"><span lang=\"zxx\"><u><br \/>\n<a href=\"https:\/\/www.saborbrasil.it\/pt-br\/chuchu-frito\/\">Chuchu frito<\/a><br \/>\n<a href=\"https:\/\/www.saborbrasil.it\/pt-br\/coxa-creme-de-frango-coscia-di-pollo-in-crosta\/\">Coxa-creme de frango<\/a><br \/>\n<a href=\"https:\/\/www.saborbrasil.it\/pt-br\/coxinha-de-galinha\/\">Coxinha de galinha<\/a> <\/u><\/span><\/span><\/span><br \/>\n<span style=\"color: #000080;\"><span style=\"font-family: Arial Narrow, sans-serif;\"><span lang=\"zxx\"><u><a href=\"https:\/\/www.saborbrasil.it\/pt-br\/croquetes-de-camarao\/\">Croquetes de camar\u00e3o<\/a><br \/>\n<a href=\"https:\/\/www.saborbrasil.it\/pt-br\/empadinha\/\">Empadinha<\/a><br \/>\n<a href=\"https:\/\/www.saborbrasil.it\/pt-br\/empadinha-de-queijo\/\">Empadinha de queijo<\/a><br \/>\n<a href=\"https:\/\/www.saborbrasil.it\/pt-br\/esfiha\/\">Esfiha<\/a><br \/>\n<a href=\"https:\/\/www.saborbrasil.it\/pt-br\/esfiha-fechada-panini-ripieni-di-carne\/\">Esfiha fechada<\/a><br \/>\n<a href=\"https:\/\/www.saborbrasil.it\/pt-br\/frango-a-passarinho\/\">Frango a passarinho<\/a><br \/>\n<a href=\"https:\/\/www.saborbrasil.it\/pt-br\/mandioca-frita\/\">Mandioca frita<\/a><br \/>\n<a href=\"https:\/\/www.saborbrasil.it\/pt-br\/pao-de-mandioca\/\">P\u00e3o de mandioca<\/a><br \/>\n<a href=\"https:\/\/www.saborbrasil.it\/pt-br\/pao-de-minuto-pane-veloce\/\">P\u00e3o de minuto<\/a><br \/>\n<a href=\"https:\/\/www.saborbrasil.it\/pt-br\/pao-de-minuto\/\">P\u00e3o de queijo<\/a><br \/>\n<a href=\"https:\/\/www.saborbrasil.it\/pt-br\/pastel\/\">Pastel<\/a><br \/>\n<a href=\"https:\/\/www.saborbrasil.it\/pt-br\/3172\/\">Pat\u00ea de berinjela<\/a><br \/>\n<a href=\"https:\/\/www.saborbrasil.it\/pt-br\/pate-de-sopa-de-cebola\/\">Pat\u00ea de sopa de cebola<\/a><br \/>\n<a href=\"https:\/\/www.saborbrasil.it\/pt-br\/polenta-frita\/\">Polenta frita<\/a><br \/>\n<a href=\"https:\/\/www.saborbrasil.it\/pt-br\/2664\/\">Quibe\/kibe frito<\/a><br \/>\n<a href=\"https:\/\/www.saborbrasil.it\/pt-br\/rissol-sofficino\/\">Rissol<\/a><br \/>\n<a href=\"https:\/\/www.saborbrasil.it\/pt-br\/saltenha-tortelloni-di-pollo\/\">Saltenha<\/a> <\/u><\/span><\/span><\/span><br \/>\n<span style=\"color: #000080;\"><span style=\"font-family: Arial Narrow, sans-serif;\"><span lang=\"zxx\"><u><a href=\"https:\/\/www.saborbrasil.it\/pt-br\/sanduiche-de-carne-louca-panino-di-carne-bizzarra\/\">Sandu\u00edche de carne louca<\/a><a href=\"https:\/\/www.saborbrasil.it\/pt-br\/ameixa-com-bacon-e-pure-de-maca-prugna-con-pancetta-e-pure-di-mela\/\">Ameixa com bacon e Pur\u00ea de ma\u00e7\u00e3<\/a><br \/>\n<a href=\"https:\/\/www.saborbrasil.it\/pt-br\/batata-doce-frita-patata-americana-fritta\/\">Batata doce frita<\/a><br \/>\n<a href=\"https:\/\/www.saborbrasil.it\/pt-br\/bauru-do-ponto-chic-panino-bauru-del-ponto-chic\/\">Bauru do &#8220;Ponto Chic&#8221;<\/a><br \/>\n<a href=\"https:\/\/www.saborbrasil.it\/pt-br\/beiju-de-tapioca-crespella-di-tapioca\/\">Beiju de tapioc<\/a><br \/>\n<a href=\"https:\/\/www.saborbrasil.it\/pt-br\/biscoito-de-polvilho-biscotti-di-fecola-di-manioca\/\">Biscoito de Polvilho<\/a><br \/>\n<a href=\"https:\/\/www.saborbrasil.it\/pt-br\/bolinhas-de-queijo-palline-al-formaggio\/\">Bolinhas de queijo<\/a><br \/>\n<a href=\"https:\/\/www.saborbrasil.it\/pt-br\/bolinho-de-arroz-crocchette-di-riso\/\">Bolinho de arroz<\/a><br \/>\n<a href=\"https:\/\/www.saborbrasil.it\/pt-br\/bolinho-de-bacalhau-crocchette-di-baccala\/\">Bolinho de bacalhau<\/a><br \/>\n<a href=\"https:\/\/www.saborbrasil.it\/pt-br\/canape-de-rosbife-tartina-allarrosto-di-manzo-allinglese\/\">Canap\u00e9 de rosbife<\/a><br \/>\n<a href=\"https:\/\/www.saborbrasil.it\/pt-br\/casquinha-de-siri\/\">Casquinha de siri<\/a><br \/>\n<a href=\"https:\/\/www.saborbrasil.it\/pt-br\/chuchu-frito\/\">Chuchu frito<\/a><br \/>\n<a href=\"https:\/\/www.saborbrasil.it\/pt-br\/coxa-creme-de-frango-coscia-di-pollo-in-crosta\/\">Coxa-creme de frango<\/a><br \/>\n<a href=\"https:\/\/www.saborbrasil.it\/pt-br\/coxinha-de-galinha\/\">Coxinha de galinha<\/a><br \/>\n<a href=\"https:\/\/www.saborbrasil.it\/pt-br\/croquetes-de-camarao\/\">Croquetes de camar\u00e3o<\/a><br \/>\n<a href=\"https:\/\/www.saborbrasil.it\/pt-br\/empadinha\/\">Empadinha<\/a><br \/>\n<a href=\"https:\/\/www.saborbrasil.it\/pt-br\/empadinha-de-queijo\/\">Empadinha de queijo<\/a><br \/>\n<a href=\"https:\/\/www.saborbrasil.it\/pt-br\/esfiha\/\">Esfiha<\/a><br \/>\n<a href=\"https:\/\/www.saborbrasil.it\/pt-br\/esfiha-fechada-panini-ripieni-di-carne\/\">Esfiha fechada<\/a><br \/>\n<a href=\"https:\/\/www.saborbrasil.it\/pt-br\/frango-a-passarinho\/\">Frango a passarinho<\/a><br \/>\n<a href=\"https:\/\/www.saborbrasil.it\/pt-br\/mandioca-frita\/\">Mandioca frita<\/a><br \/>\n<a href=\"https:\/\/www.saborbrasil.it\/pt-br\/pao-de-mandioca\/\">P\u00e3o de mandioca<\/a><br \/>\n<a href=\"https:\/\/www.saborbrasil.it\/pt-br\/pao-de-minuto-pane-veloce\/\">P\u00e3o de minuto<\/a><br \/>\n<a href=\"https:\/\/www.saborbrasil.it\/pt-br\/pao-de-minuto\/\">P\u00e3o de queijo<\/a><br \/>\n<a href=\"https:\/\/www.saborbrasil.it\/pt-br\/pastel\/\">Pastel<\/a><br \/>\n<a href=\"https:\/\/www.saborbrasil.it\/pt-br\/3172\/\">Pat\u00ea de berinjela<\/a><br \/>\n<a href=\"https:\/\/www.saborbrasil.it\/pt-br\/pate-de-sopa-de-cebola\/\">Pat\u00ea de sopa de cebola<\/a><br \/>\n<a href=\"https:\/\/www.saborbrasil.it\/pt-br\/polenta-frita\/\">Polenta frita<\/a><br \/>\n<a href=\"https:\/\/www.saborbrasil.it\/pt-br\/2664\/\">Quibe\/kibe frito<\/a><br \/>\n<a href=\"https:\/\/www.saborbrasil.it\/pt-br\/rissol-sofficino\/\">Rissol<\/a><br \/>\n<a href=\"https:\/\/www.saborbrasil.it\/pt-br\/saltenha-tortelloni-di-pollo\/\">Saltenha<\/a><br \/>\n<a href=\"https:\/\/www.saborbrasil.it\/pt-br\/sanduiche-de-carne-louca-panino-di-carne-bizzarra\/\">Sandu\u00edche de carne louca<\/a> <\/u><\/span><\/span><\/span><\/p>\n","protected":false},"excerpt":{"rendered":"<p>Tira-gosto, aperitivo, petisco, salgadinho. (salatino) s\u00e3o pequenas por\u00e7\u00f5es de alimentos salgados &#8211; perfumados, crocantes e saborosos &#8211; que se comem com os dedos ou com palitinhos, que \u00e9 chamado de finger food em ingl\u00eas. Os tira-gosto s\u00e3o preparados pela fam\u00edlia nos feriados e se encontram&hellip;<\/p>\n","protected":false},"author":2,"featured_media":0,"parent":0,"menu_order":0,"comment_status":"closed","ping_status":"closed","template":"","meta":{"footnotes":""},"class_list":["post-355","page","type-page","status-publish","hentry"],"_links":{"self":[{"href":"https:\/\/www.saborbrasil.it\/pt-br\/index.php?rest_route=\/wp\/v2\/pages\/355","targetHints":{"allow":["GET"]}}],"collection":[{"href":"https:\/\/www.saborbrasil.it\/pt-br\/index.php?rest_route=\/wp\/v2\/pages"}],"about":[{"href":"https:\/\/www.saborbrasil.it\/pt-br\/index.php?rest_route=\/wp\/v2\/types\/page"}],"author":[{"embeddable":true,"href":"https:\/\/www.saborbrasil.it\/pt-br\/index.php?rest_route=\/wp\/v2\/users\/2"}],"replies":[{"embeddable":true,"href":"https:\/\/www.saborbrasil.it\/pt-br\/index.php?rest_route=%2Fwp%2Fv2%2Fcomments&post=355"}],"version-history":[{"count":10,"href":"https:\/\/www.saborbrasil.it\/pt-br\/index.php?rest_route=\/wp\/v2\/pages\/355\/revisions"}],"predecessor-version":[{"id":5523,"href":"https:\/\/www.saborbrasil.it\/pt-br\/index.php?rest_route=\/wp\/v2\/pages\/355\/revisions\/5523"}],"wp:attachment":[{"href":"https:\/\/www.saborbrasil.it\/pt-br\/index.php?rest_route=%2Fwp%2Fv2%2Fmedia&parent=355"}],"curies":[{"name":"wp","href":"https:\/\/api.w.org\/{rel}","templated":true}]}}