{"id":5384,"date":"2021-06-02T08:45:48","date_gmt":"2021-06-02T06:45:48","guid":{"rendered":"https:\/\/www.saborbrasil.it\/indice-ricette\/"},"modified":"2021-06-21T10:44:35","modified_gmt":"2021-06-21T08:44:35","slug":"indice-ricette","status":"publish","type":"page","link":"https:\/\/www.saborbrasil.it\/pt-br?page_id=5384","title":{"rendered":"\u00cdNDICE ALFAB\u00c9TICO"},"content":{"rendered":"<p><a href=\"https:\/\/www.saborbrasil.it\/pt-br\/acaca-crema-di-riso\/\">Aca\u00e7\u00e1<\/a><br \/>\n<a href=\"https:\/\/www.saborbrasil.it\/pt-br\/alfajor-de-amido-de-milho-biscotto-alfajor\/\">&#8220;Alfajor&#8221; de amido de milho<\/a><br \/>\n<a href=\"https:\/\/www.saborbrasil.it\/pt-br\/ameixa-com-bacon-e-pure-de-maca-prugna-con-pancetta-e-pure-di-mela\/\">Ameixa com bacon e Pur\u00ea de ma\u00e7\u00e3<\/a><br \/>\n<a href=\"https:\/\/www.saborbrasil.it\/pt-br\/amor-aos-pedacos-pezzetti-damore\/\">Amor aos peda\u00e7os<\/a><br \/>\n<a href=\"https:\/\/www.saborbrasil.it\/pt-br\/arroz-a-grega-riso-alla-greca\/\">Arroz \u00e0 grega<\/a><br \/>\n<a href=\"https:\/\/www.saborbrasil.it\/pt-br\/arroz-branco-riso-bianco\/\">Arroz branco<\/a><br \/>\n<a href=\"https:\/\/www.saborbrasil.it\/pt-br\/arroz-de-carreteiro-riso-del-mulattiere\/\">Arroz de carreteiro<\/a><br \/>\n<a href=\"https:\/\/www.saborbrasil.it\/pt-br\/arroz-de-festa-riso-di-festa\/\">Arroz de festa<\/a><br \/>\n<a href=\"https:\/\/www.saborbrasil.it\/pt-br\/arroz-de-forno-riso-al-forno\/\">Arroz de forno<\/a><br \/>\n<a href=\"https:\/\/www.saborbrasil.it\/pt-br\/arroz-doce-riso-dolce\/\">Arroz doce<\/a><br \/>\n<a href=\"https:\/\/www.saborbrasil.it\/pt-br\/bacalhoada-da-vovo-baccala-della-nonna\/\">Bacalhoada da Vov\u00f3<\/a><br \/>\n<a href=\"https:\/\/www.saborbrasil.it\/pt-br\/baiao-de-dois-riso-e-fagioli-cotti-insieme\/\">Bai\u00e3o de dois<\/a><br \/>\n<a href=\"https:\/\/www.saborbrasil.it\/pt-br\/bala-de-gelatina-de-pinga-caramella-gelatinosa-di-cachaca\/\">Bala de gelatina de pinga<\/a><br \/>\n<a href=\"https:\/\/www.saborbrasil.it\/pt-br\/banana-a-milanesa-banana-alla-milanese\/\">Banana \u00e0 milanesa<\/a><br \/>\n<a href=\"https:\/\/www.saborbrasil.it\/pt-br\/banana-da-terra-assada-platano-arrosto\/\">Banana da terra assada<\/a><br \/>\n<a href=\"https:\/\/www.saborbrasil.it\/pt-br\/banana-da-terra-frita-platano-fritto\/\">Banana da terra frita<\/a><br \/>\n<a href=\"https:\/\/www.saborbrasil.it\/pt-br\/banana-frita-no-acucar-banana-caramellata\/\">Banana frita no a\u00e7\u00facar<\/a><br \/>\n<a href=\"https:\/\/www.saborbrasil.it\/pt-br\/batata-doce-frita-patata-americana-fritta\/\">Batata doce frita<\/a><br \/>\n<a href=\"https:\/\/www.saborbrasil.it\/pt-br\/batata-palha-patata-paglia\/\">Batata palha<\/a><br \/>\n<a href=\"https:\/\/www.saborbrasil.it\/pt-br\/batida-de-amendoim-arachidi\/\">Batida de amendoim<\/a><br \/>\n<a href=\"https:\/\/www.saborbrasil.it\/pt-br\/batida-de-coco-cocco\/\">Batida de coco<\/a><br \/>\n<a href=\"https:\/\/www.saborbrasil.it\/pt-br\/batida-de-maracuja-frutto-della-passione\/\">Batida de maracuj\u00e1<\/a><br \/>\n<a href=\"https:\/\/www.saborbrasil.it\/pt-br\/batida-de-morango-fragola\/\">Batida de morango<\/a><br \/>\n<a href=\"https:\/\/www.saborbrasil.it\/pt-br\/bauru-do-ponto-chic-panino-bauru-del-ponto-chic\/\">Bauru do &#8220;Ponto Chic&#8221;<\/a><br \/>\n<a href=\"https:\/\/www.saborbrasil.it\/pt-br\/beijinho-pasticcino-al-cocco\/\">Beijinho<\/a><br \/>\n<a href=\"https:\/\/www.saborbrasil.it\/pt-br\/beiju-de-tapioca-crespella-di-tapioca\/\">Beiju de tapioca<\/a><br \/>\n<a href=\"https:\/\/www.saborbrasil.it\/pt-br\/beliscao-de-goiabada-pizzicotto-di-guaiava\/\">Belisc\u00e3o de goiabada<\/a><br \/>\n<a href=\"https:\/\/www.saborbrasil.it\/pt-br\/bife-de-panela-fettine-di-manzo-in-umido\/\">Bife de panela<\/a><br \/>\n<a href=\"https:\/\/www.saborbrasil.it\/pt-br\/biscoito-de-polvilho-biscotti-di-fecola-di-manioca\/\">Biscoito de Polvilho<\/a><br \/>\n<a href=\"https:\/\/www.saborbrasil.it\/pt-br\/bobo-de-camarao-gamberi-in-salsa-di-manioca\/\">Bob\u00f3 de camar\u00e3o<\/a><br \/>\n<a href=\"https:\/\/www.saborbrasil.it\/pt-br\/bolinhas-de-queijo-palline-al-formaggio\/\">Bolinhas de queijo<\/a><br \/>\n<a href=\"https:\/\/www.saborbrasil.it\/pt-br\/bolinho-de-arroz-crocchette-di-riso\/\">Bolinho de arroz<\/a><br \/>\n<a href=\"https:\/\/www.saborbrasil.it\/pt-br\/bolinho-de-bacalhau-crocchette-di-baccala\/\">Bolinho de bacalhau<\/a><br \/>\n<a href=\"https:\/\/www.saborbrasil.it\/pt-br\/bolinho-de-chuva-frittella-di-pioggia\/\">Bolinho de chuva<\/a><br \/>\n<a href=\"https:\/\/www.saborbrasil.it\/pt-br\/bolo-com-leite-de-coco-ciambella-al-cocco\/\">Bolo com leite de coco<\/a><br \/>\n<a href=\"https:\/\/www.saborbrasil.it\/pt-br\/bolo-de-aipim-torta-di-manioca\/\">Bolo de aipim<\/a><br \/>\n<a href=\"https:\/\/www.saborbrasil.it\/pt-br\/bolo-de-banana-torta-di-banana\/\">Bolo de banana<\/a><br \/>\n<a href=\"https:\/\/www.saborbrasil.it\/pt-br\/bolo-de-cenoura-torta-di-carote\/\">Bolo de cenoura<\/a><br \/>\n<a href=\"https:\/\/www.saborbrasil.it\/pt-br\/bolo-de-fuba-torta-di-farina-di-polenta\/\">Bolo de fub\u00e1<\/a><br \/>\n<a href=\"https:\/\/www.saborbrasil.it\/pt-br\/bolo-de-natal-torta-di-natale\/\">Bolo de Natal<\/a><br \/>\n<a href=\"https:\/\/www.saborbrasil.it\/pt-br\/bolo-de-nozes-torta-di-noci\/\">Bolo de nozes<\/a><br \/>\n<a href=\"https:\/\/www.saborbrasil.it\/pt-br\/bolo-embrulhado-torta-incartata\/\">Bolo embrulhado<\/a><br \/>\n<a href=\"https:\/\/www.saborbrasil.it\/pt-br\/bolo-fantastico-torta-fantastica\/\">Bolo fant\u00e1stico<\/a><br \/>\n<a href=\"https:\/\/www.saborbrasil.it\/pt-br\/bolo-formigueiro-torta-formicaio\/\">Bolo formigueiro<\/a><br \/>\n<a href=\"https:\/\/www.saborbrasil.it\/pt-br\/bolo-gostoso-com-cobertura-de-coco-torta-deliziosa-con-copertura-al-cocco\/\">Bolo gostoso com cobertura de coco<\/a><br \/>\n<a href=\"https:\/\/www.saborbrasil.it\/pt-br\/bolo-moreno-torta-mulatta\/\">Bolo moreno<\/a><br \/>\n<a href=\"https:\/\/www.saborbrasil.it\/pt-br\/bolo-pega-marido-torta-acchiappa-marito\/\">Bolo pega marido<\/a><br \/>\n<a href=\"https:\/\/www.saborbrasil.it\/pt-br\/bolo-prestigio-torta-di-cioccolato-con-cocco\/\">Bolo Prest\u00edgio<\/a><br \/>\n<a href=\"https:\/\/www.saborbrasil.it\/pt-br\/bolo-rei-torta-del-re\/\">Bolo Rei<\/a><br \/>\n<a href=\"https:\/\/www.saborbrasil.it\/pt-br\/bom-bocado-buon-boccone\/\">Bom-bocado<\/a><br \/>\n<a href=\"https:\/\/www.saborbrasil.it\/pt-br\/brejeirices-biscotti-al-cocco\/\">Brejeirices<\/a><br \/>\n<a href=\"https:\/\/www.saborbrasil.it\/pt-br\/brigadeirao-budino-al-cioccolato\/\">Brigadeir\u00e3o<\/a><br \/>\n<a href=\"https:\/\/www.saborbrasil.it\/pt-br\/brigadeiro-pasticcino-al-cioccolato\/\">Brigadeiro<\/a><br \/>\n<a href=\"https:\/\/www.saborbrasil.it\/pt-br\/brigadeiro-de-caipirinha-tartufini-alla-caipirinha\/\">Brigadeiro de caipirinha<\/a><br \/>\n<a href=\"https:\/\/www.saborbrasil.it\/pt-br\/cafe-bombom-caffe-bombon\/\">Caf\u00e9 bombom<\/a><br \/>\n<a href=\"https:\/\/www.saborbrasil.it\/pt-br\/caipirinha\/\">Caipirinha<\/a><br \/>\n<a href=\"https:\/\/www.saborbrasil.it\/pt-br\/cajuzinho-pasticcino-alle-arachidi\/\">Cajuzinho<\/a><br \/>\n<a href=\"https:\/\/www.saborbrasil.it\/pt-br\/caldo-verde-zuppa-verde\/\">Caldo verde<\/a><br \/>\n<a href=\"https:\/\/www.saborbrasil.it\/pt-br\/camafeu-de-nozes-pasticcini-alle-noci\/\">Camafeu de nozes<\/a><br \/>\n<a href=\"https:\/\/www.saborbrasil.it\/pt-br\/camarao-na-moranga-zucca-ripiena-di-gamberi\/\">Camar\u00e3o na moranga<\/a><br \/>\n<a href=\"https:\/\/www.saborbrasil.it\/pt-br\/canape-de-rosbife-tartina-allarrosto-di-manzo-allinglese\/\">Canap\u00e9 de rosbife<\/a><br \/>\n<a href=\"https:\/\/www.saborbrasil.it\/pt-br\/canja-de-galinha-minestra-di-gallina\/\">Canja de galinha<\/a><br \/>\n<a href=\"https:\/\/www.saborbrasil.it\/pt-br\/canjica-2\/\">Canjica<\/a><br \/>\n<a href=\"https:\/\/www.saborbrasil.it\/pt-br\/cartola-pernambucana\/\">Cartola Pernambucana<\/a><br \/>\n<a href=\"https:\/\/www.saborbrasil.it\/pt-br\/casquinha-de-siri\/\">Casquinha de siri<\/a><br \/>\n<a href=\"https:\/\/www.saborbrasil.it\/pt-br\/chuchu-frito\/\">Chuchu frito<\/a><br \/>\n<a href=\"https:\/\/www.saborbrasil.it\/pt-br\/chuchu-recheado-com-carne\/\">Chuchu recheado com carne<\/a><br \/>\n<a href=\"https:\/\/www.saborbrasil.it\/pt-br\/chuchu-refogado\/\">Chuchu refogado<\/a><br \/>\n<a href=\"https:\/\/www.saborbrasil.it\/pt-br\/churrasco\/\">Churrasco<\/a><br \/>\n<a href=\"https:\/\/www.saborbrasil.it\/pt-br\/churrasco-de-picanha\/\">Churrasco de picanha<\/a><br \/>\n<a href=\"https:\/\/www.saborbrasil.it\/pt-br\/cocada\/\">Cocada<\/a><br \/>\n<a href=\"https:\/\/www.saborbrasil.it\/pt-br\/cocada-com-ovos\/\">Cocada com ovos<\/a><br \/>\n<a href=\"https:\/\/www.saborbrasil.it\/pt-br\/couve-refogada\/\">Couve refogada<\/a><br \/>\n<a href=\"https:\/\/www.saborbrasil.it\/pt-br\/coxa-creme-de-frango-coscia-di-pollo-in-crosta\/\">Coxa-creme de frango<\/a><br \/>\n<a href=\"https:\/\/www.saborbrasil.it\/pt-br\/coxinha-de-galinha\/\">Coxinha de galinha<\/a><br \/>\n<a href=\"https:\/\/www.saborbrasil.it\/pt-br\/cozido\/\">Cozido<\/a><br \/>\n<a href=\"https:\/\/www.saborbrasil.it\/pt-br\/creme-de-abacate\/\">Creme de abacate<\/a><br \/>\n<a href=\"https:\/\/www.saborbrasil.it\/pt-br\/creme-de-milho-verde\/\">Creme de milho verde<\/a><br \/>\n<a href=\"https:\/\/www.saborbrasil.it\/pt-br\/croquetes-de-camarao\/\">Croquetes de camar\u00e3o<\/a><br \/>\n<a href=\"https:\/\/www.saborbrasil.it\/pt-br\/cuca-de-banana\/\">Cuca de banana<\/a><br \/>\n<a href=\"https:\/\/www.saborbrasil.it\/pt-br\/curau\/\">Curau<\/a><br \/>\n<a href=\"https:\/\/www.saborbrasil.it\/pt-br\/cuscuz-com-coco\/\">Cuscuz com coco<\/a><br \/>\n<a href=\"https:\/\/www.saborbrasil.it\/pt-br\/cuscuz-de-tapioca\/\">Cuscuz de tapioca<\/a><br \/>\n<a href=\"https:\/\/www.saborbrasil.it\/pt-br\/cuscuz-nordestino\/\">Cuscuz nordestino<\/a><br \/>\n<a href=\"https:\/\/www.saborbrasil.it\/pt-br\/cuscuz-paulista-ou-portugues\/\">Cuscuz paulista<\/a><br \/>\n<a href=\"https:\/\/www.saborbrasil.it\/pt-br\/doce-de-abobora-dolce-di-zucca\/\">Doce de ab\u00f3bora<\/a><br \/>\n<a href=\"https:\/\/www.saborbrasil.it\/pt-br\/empadinha\/\">Empadinha<\/a><br \/>\n<a href=\"https:\/\/www.saborbrasil.it\/pt-br\/empadinha-de-queijo\/\">Empadinha de queijo<\/a><br \/>\n<a href=\"https:\/\/www.saborbrasil.it\/pt-br\/esfiha\/\">Esfiha<\/a><br \/>\n<a href=\"https:\/\/www.saborbrasil.it\/pt-br\/esfiha-fechada-panini-ripieni-di-carne\/\">Esfiha fechada<\/a><br \/>\n<a href=\"https:\/\/www.saborbrasil.it\/pt-br\/farofa\/\">Farofa<\/a><br \/>\n<a href=\"https:\/\/www.saborbrasil.it\/pt-br\/farofa-de-banana-da-terra\/\">Farofa de banana da terra<\/a><br \/>\n<a href=\"https:\/\/www.saborbrasil.it\/pt-br\/farofa-de-ovos\/\">Farofa de ovos<\/a><br \/>\n<a href=\"https:\/\/www.saborbrasil.it\/pt-br\/feijao-tropeiro\/\">Feij\u00e3o-tropeiro<\/a><br \/>\n<a href=\"https:\/\/www.saborbrasil.it\/pt-br\/feijoada\/\">Feijoada<\/a><br \/>\n<a href=\"https:\/\/www.saborbrasil.it\/pt-br\/figo-verde-em-calda\/\">Figo verde em calda<\/a><br \/>\n<a href=\"https:\/\/www.saborbrasil.it\/pt-br\/file-de-peixe-com-abacaxi\/\">Fil\u00e9 de peixe com abacaxi<\/a><br \/>\n<a href=\"https:\/\/www.saborbrasil.it\/pt-br\/fios-de-ovos\/\">Fios de ovos<\/a><br \/>\n<a href=\"https:\/\/www.saborbrasil.it\/pt-br\/frango-a-passarinho\/\">Frango a passarinho<\/a><br \/>\n<a href=\"https:\/\/www.saborbrasil.it\/pt-br\/gelatina-mosaico\/\">Gelatina mosaico<\/a><br \/>\n<a href=\"https:\/\/www.saborbrasil.it\/pt-br\/geleia-de-banana\/\">Gel\u00e9ia de banana<\/a><br \/>\n<a href=\"https:\/\/www.saborbrasil.it\/pt-br\/lombo-com-abacaxi-lonza-arrosto-con-ananas\/\">Lombo com abacaxi<\/a><br \/>\n<a href=\"https:\/\/www.saborbrasil.it\/pt-br\/maionese-como-fazer-maionese-em-casa\/\">Maionese<\/a><br \/>\n<a href=\"https:\/\/www.saborbrasil.it\/pt-br\/maionese-de-batata\/\">Maionese de batata<\/a><br \/>\n<a href=\"https:\/\/www.saborbrasil.it\/pt-br\/mandioca-frita\/\">Mandioca frita<\/a><br \/>\n<a href=\"https:\/\/www.saborbrasil.it\/pt-br\/manjar-branco\/\">Manjar branco<\/a><br \/>\n<a href=\"https:\/\/www.saborbrasil.it\/pt-br\/meia-de-seda\/\">Meia de seda<\/a><br \/>\n<a href=\"https:\/\/www.saborbrasil.it\/pt-br\/molho-vinagrete\/\">Molho vinagrete<\/a><br \/>\n<a href=\"https:\/\/www.saborbrasil.it\/pt-br\/moqueca-de-peixe-baiana\/\">Moqueca de peixe baiana<\/a><br \/>\n<a href=\"https:\/\/www.saborbrasil.it\/pt-br\/mousse-de-limao-rapida\/\">Mousse de lim\u00e3o r\u00e1pida<\/a><br \/>\n<a href=\"https:\/\/www.saborbrasil.it\/pt-br\/mousse-de-maracuja\/\">Mousse de maracuj\u00e1<\/a><br \/>\n<a href=\"https:\/\/www.saborbrasil.it\/pt-br\/olho-de-sogra\/\">Olho de sogra<\/a><br \/>\n<a href=\"https:\/\/www.saborbrasil.it\/pt-br\/pacoca-de-banana-da-terra\/\">Pa\u00e7oca de banana da terra<\/a><br \/>\n<a href=\"https:\/\/www.saborbrasil.it\/pt-br\/pacoca-de-carne-seca\/\">Pa\u00e7oca de carne seca<\/a><br \/>\n<a href=\"https:\/\/www.saborbrasil.it\/pt-br\/pacoquinha-de-amendoim\/\">Pa\u00e7oquinha de amendoim<\/a><br \/>\n<a href=\"https:\/\/www.saborbrasil.it\/pt-br\/pamonha-polentina-di-mais-dolce\/\">Pamonha<\/a><br \/>\n<a href=\"https:\/\/www.saborbrasil.it\/pt-br\/pao-de-lo-com-banana\/\">P\u00e3o-de-L\u00f3 com banana<\/a><br \/>\n<a href=\"https:\/\/www.saborbrasil.it\/pt-br\/pao-de-mandioca\/\">P\u00e3o de mandioca<\/a><br \/>\n<a href=\"https:\/\/www.saborbrasil.it\/pt-br\/pao-de-minuto-pane-veloce\/\">P\u00e3o de minuto<\/a><br \/>\n<a href=\"https:\/\/www.saborbrasil.it\/pt-br\/pao-de-minuto\/\">P\u00e3o de queijo<\/a><br \/>\n<a href=\"https:\/\/www.saborbrasil.it\/pt-br\/pastel\/\">Pastel<\/a><br \/>\n<a href=\"https:\/\/www.saborbrasil.it\/pt-br\/3172\/\">Pat\u00ea de berinjela<\/a><br \/>\n<a href=\"https:\/\/www.saborbrasil.it\/pt-br\/pate-de-sopa-de-cebola\/\">Pat\u00ea de sopa de cebola<\/a><br \/>\n<a href=\"https:\/\/www.saborbrasil.it\/pt-br\/pave-de-abacaxi-e-coco\/\">Pav\u00ea de abacaxi e coco<\/a><br \/>\n<a href=\"https:\/\/www.saborbrasil.it\/pt-br\/pave-de-amendoim\/\">Pav\u00ea de amendoim<\/a><br \/>\n<a href=\"https:\/\/www.saborbrasil.it\/pt-br\/3108\/\">Peru de Natal<\/a><br \/>\n<a href=\"https:\/\/www.saborbrasil.it\/pt-br\/picole-chicabon-caseiro\/\">Picol\u00e9 &#8220;Chicabon&#8221; caseiro<\/a><br \/>\n<a href=\"https:\/\/www.saborbrasil.it\/pt-br\/pinga-com-mel\/\">Pinga com mel<\/a><br \/>\n<a href=\"https:\/\/www.saborbrasil.it\/pt-br\/pirao\/+\">Pir\u00e3o<\/a><br \/>\n<a href=\"https:\/\/www.saborbrasil.it\/pt-br\/polenta-frita\/\">Polenta frita<\/a><br \/>\n<a href=\"https:\/\/www.saborbrasil.it\/pt-br\/pudim-de-claras\/\">Pudim de claras<\/a><br \/>\n<a href=\"https:\/\/www.saborbrasil.it\/pt-br\/pudim-de-leite-moca\/\">Pudim de leite Mo\u00e7a<\/a><br \/>\n<a href=\"https:\/\/www.saborbrasil.it\/pt-br\/pure-de-banana-da-terra-pure-di-platano\/\">Pur\u00ea de banana da terra<\/a><br \/>\n<a href=\"https:\/\/www.saborbrasil.it\/pt-br\/queijadinha\/\">Queijadinha<\/a><br \/>\n<a href=\"https:\/\/www.saborbrasil.it\/pt-br\/quentao\/\">Quent\u00e3o<\/a><br \/>\n<a href=\"https:\/\/www.saborbrasil.it\/pt-br\/quiabo-refogado\/\">Quiabo refogado<\/a><br \/>\n<a href=\"https:\/\/www.saborbrasil.it\/pt-br\/quibe-kibe-de-bandeja\/\">Quibebe<\/a><br \/>\n<a href=\"https:\/\/www.saborbrasil.it\/pt-br\/quibe-kibe-de-bandeja\/\">Quibe\/kibe de bandeja<\/a><br \/>\n<a href=\"https:\/\/www.saborbrasil.it\/pt-br\/2664\/\">Quibe\/kibe frito<\/a><br \/>\n<a href=\"https:\/\/www.saborbrasil.it\/pt-br\/quindim-dolce-di-tuorli-e-cocco\/\">Quindim<\/a><br \/>\n<a href=\"https:\/\/www.saborbrasil.it\/pt-br\/rabada-ao-vinho-tinto-coda-di-bue-in-umido\/\">Rabada ao vinho tinto<\/a><br \/>\n<a href=\"https:\/\/www.saborbrasil.it\/pt-br\/rabanada-pane-fritto-dolce\/\">Rabanada<\/a><br \/>\n<a href=\"https:\/\/www.saborbrasil.it\/pt-br\/risoto-de-camarao-risotto-di-gamberetti\/\">Risoto de camar\u00e3o<\/a><br \/>\n<a href=\"https:\/\/www.saborbrasil.it\/pt-br\/rissol-sofficino\/\">Rissol<\/a><br \/>\n<a href=\"https:\/\/www.saborbrasil.it\/pt-br\/rocambole-de-camarao-rotolo-di-gamberetti\/\">Rocambole de camar\u00e3o<\/a><br \/>\n<a href=\"https:\/\/www.saborbrasil.it\/pt-br\/rocambole-de-doce-de-leite-rotolo-di-dulce-de-leche\/\">Rocambole de doce de leite<\/a><br \/>\n<a href=\"https:\/\/www.saborbrasil.it\/pt-br\/romeu-e-julieta-giulietta-e-romeo\/\">Romeu e Julieta<\/a><br \/>\n<a href=\"https:\/\/www.saborbrasil.it\/pt-br\/rosbife-de-picanha-roast-beef-di-picanha\/\">Rosbife de picanha<\/a><br \/>\n<a href=\"https:\/\/www.saborbrasil.it\/pt-br\/sagu-de-vinho-tinto-perle-di-tapioca-al-vino-rosso\/\">Sagu de vinho tinto<\/a><br \/>\n<a href=\"https:\/\/www.saborbrasil.it\/pt-br\/salada-de-chuchu-insalata-di-chayote\/\">Salada de chuchu<\/a><br \/>\n<a href=\"https:\/\/www.saborbrasil.it\/pt-br\/salpicao-insalata-di-pollo\/\">Salpic\u00e3o<\/a><br \/>\n<a href=\"https:\/\/www.saborbrasil.it\/pt-br\/saltenha-tortelloni-di-pollo\/\">Saltenha<\/a><br \/>\n<a href=\"https:\/\/www.saborbrasil.it\/pt-br\/sanduiche-de-carne-louca-panino-di-carne-bizzarra\/\">Sandu\u00edche de carne louca<\/a><br \/>\n<a href=\"https:\/\/www.saborbrasil.it\/pt-br\/sequilhos-de-maizena-biscotti-di-amido-di-mais\/\">Sequilhos de Maizena<\/a><br \/>\n<a href=\"https:\/\/www.saborbrasil.it\/pt-br\/sopa-de-feijao-minestra-di-fagioli\/\">Sopa de feij\u00e3o<\/a><br \/>\n<a href=\"https:\/\/www.saborbrasil.it\/pt-br\/sopa-de-grao-de-bico-com-macarraozinho-zuppa-di-ceci-con-ditalini\/\">Sopa de gr\u00e3o-de-bico com macarr\u00e3ozinho<\/a><br \/>\n<a href=\"https:\/\/www.saborbrasil.it\/pt-br\/sopa-de-mandioquinha-vellutata-di-arracacha\/\">Sopa de mandioquinha<\/a><br \/>\n<a href=\"https:\/\/www.saborbrasil.it\/pt-br\/strogonoff-spezzatino-di-manzo-con-panna\/\">Strogonoff<\/a><br \/>\n<a href=\"https:\/\/www.saborbrasil.it\/pt-br\/suco-de-abacaxi-succo-di-ananas\/\">Suco de abacaxi<\/a><br \/>\n<a href=\"https:\/\/www.saborbrasil.it\/pt-br\/suco-de-melancia-succo-di-anguria\/\">Suco de melancia<\/a><br \/>\n<a href=\"https:\/\/www.saborbrasil.it\/pt-br\/suco-e-geleia-de-uva-succo-e-marmellata-duva\/\">Suco e gel\u00e9ia de uva<\/a><br \/>\n<a href=\"https:\/\/www.saborbrasil.it\/pt-br\/sufle-de-chuchu-souffle-di-chayote\/\">Sufl\u00ea de chuchu<\/a><br \/>\n<a href=\"https:\/\/www.saborbrasil.it\/pt-br\/tabule-tabule\/\">Tabule<\/a><br \/>\n<a href=\"https:\/\/www.saborbrasil.it\/pt-br\/tender\/\">Tender<\/a><br \/>\n<a href=\"https:\/\/www.saborbrasil.it\/pt-br\/torta-de-frango\/\">Torta de frango<\/a><br \/>\n<a href=\"https:\/\/www.saborbrasil.it\/pt-br\/torta-de-limao-crostata-al-limone\/\">Torta de lim\u00e3o<\/a><br \/>\n<a href=\"https:\/\/www.saborbrasil.it\/pt-br\/torta-de-liquidificador-torta-frullata\/\">Torta de liquidificador<\/a><br \/>\n<a href=\"https:\/\/www.saborbrasil.it\/pt-br\/tutu-de-feijao-crema-di-fagioli\/\">Tutu de feij\u00e3o<\/a><br \/>\n<a href=\"https:\/\/www.saborbrasil.it\/pt-br\/vaca-atolada\/\">Vaca atolada<\/a><br \/>\n<a href=\"https:\/\/www.saborbrasil.it\/pt-br\/vatapa\/\">Vatap\u00e1<\/a><br \/>\n<a href=\"https:\/\/www.saborbrasil.it\/pt-br\/virado-a-paulista\/\">Virado \u00e0 paulista<\/a><br \/>\n<a href=\"https:\/\/www.saborbrasil.it\/pt-br\/vitamina-de-fruta-e-de-abacate\/\">Vitamina de fruta e de abacate<\/a><\/p>\n","protected":false},"excerpt":{"rendered":"<p>Aca\u00e7\u00e1 &#8220;Alfajor&#8221; de amido de milho Ameixa com bacon e Pur\u00ea de ma\u00e7\u00e3 Amor aos peda\u00e7os Arroz \u00e0 grega Arroz branco Arroz de carreteiro Arroz de festa Arroz de forno Arroz doce Bacalhoada da Vov\u00f3 Bai\u00e3o de dois Bala de gelatina de pinga Banana \u00e0&hellip;<\/p>\n","protected":false},"author":2,"featured_media":0,"parent":0,"menu_order":0,"comment_status":"closed","ping_status":"closed","template":"","meta":{"footnotes":""},"class_list":["post-5384","page","type-page","status-publish","hentry"],"_links":{"self":[{"href":"https:\/\/www.saborbrasil.it\/pt-br\/index.php?rest_route=\/wp\/v2\/pages\/5384","targetHints":{"allow":["GET"]}}],"collection":[{"href":"https:\/\/www.saborbrasil.it\/pt-br\/index.php?rest_route=\/wp\/v2\/pages"}],"about":[{"href":"https:\/\/www.saborbrasil.it\/pt-br\/index.php?rest_route=\/wp\/v2\/types\/page"}],"author":[{"embeddable":true,"href":"https:\/\/www.saborbrasil.it\/pt-br\/index.php?rest_route=\/wp\/v2\/users\/2"}],"replies":[{"embeddable":true,"href":"https:\/\/www.saborbrasil.it\/pt-br\/index.php?rest_route=%2Fwp%2Fv2%2Fcomments&post=5384"}],"version-history":[{"count":11,"href":"https:\/\/www.saborbrasil.it\/pt-br\/index.php?rest_route=\/wp\/v2\/pages\/5384\/revisions"}],"predecessor-version":[{"id":5513,"href":"https:\/\/www.saborbrasil.it\/pt-br\/index.php?rest_route=\/wp\/v2\/pages\/5384\/revisions\/5513"}],"wp:attachment":[{"href":"https:\/\/www.saborbrasil.it\/pt-br\/index.php?rest_route=%2Fwp%2Fv2%2Fmedia&parent=5384"}],"curies":[{"name":"wp","href":"https:\/\/api.w.org\/{rel}","templated":true}]}}