{"id":261,"date":"2021-06-01T16:52:44","date_gmt":"2021-06-01T14:52:44","guid":{"rendered":"http:\/\/brasil.polardemo.it\/indice-ingredienti\/"},"modified":"2021-06-19T15:23:30","modified_gmt":"2021-06-19T13:23:30","slug":"indice-ingredienti","status":"publish","type":"page","link":"https:\/\/www.saborbrasil.it\/pt-br\/indice-ingredienti\/","title":{"rendered":"\u00cdNDICE DOS INGREDIENTES"},"content":{"rendered":"<p><a href=\"https:\/\/saborbrasil.it\/pt-br\/abacate\/\" target=\"_blank\" rel=\"noopener\"><span style=\"color: #000080;\"><span style=\"font-family: Montserrat;\"><span style=\"font-size: small;\"><span lang=\"zxx\"><u>Abacate<\/u><\/span><\/span><\/span><\/span><\/a><span style=\"color: #000080;\"><span style=\"font-family: Montserrat;\"><span style=\"font-size: small;\"><span lang=\"zxx\"><u><br \/>\n<\/u><\/span><\/span><\/span><\/span><a href=\"https:\/\/saborbrasil.it\/pt-br\/abacaxi\/\" target=\"_blank\" rel=\"noopener\"><span style=\"color: #000080;\"><span style=\"font-family: Montserrat;\"><span style=\"font-size: small;\"><span lang=\"zxx\"><u>Abacaxi<\/u><\/span><\/span><\/span><\/span><\/a><span style=\"color: #000080;\"><span style=\"font-family: Montserrat;\"><span style=\"font-size: small;\"><span lang=\"zxx\"><u><br \/>\n<\/u><\/span><\/span><\/span><\/span><a href=\"https:\/\/saborbrasil.it\/pt-br\/arroz\/\" target=\"_blank\" rel=\"noopener\"><span style=\"color: #000080;\"><span style=\"font-family: Montserrat;\"><span style=\"font-size: small;\"><span lang=\"zxx\"><u>Arroz<\/u><\/span><\/span><\/span><\/span><\/a><span style=\"color: #000080;\"><span style=\"font-family: Montserrat;\"><span style=\"font-size: small;\"><span lang=\"zxx\"><u><br \/>\n<\/u><\/span><\/span><\/span><\/span><a href=\"https:\/\/saborbrasil.it\/pt-br\/azeite-de-dende\/\" target=\"_blank\" rel=\"noopener\"><span style=\"color: #000080;\"><span style=\"font-family: Montserrat;\"><span style=\"font-size: small;\"><span lang=\"zxx\"><u>Azeite de dend\u00ea<\/u><\/span><\/span><\/span><\/span><\/a><span style=\"color: #000080;\"><span style=\"font-family: Montserrat;\"><span style=\"font-size: small;\"><span lang=\"zxx\"><u><br \/>\n<\/u><\/span><\/span><\/span><\/span><a href=\"https:\/\/saborbrasil.it\/pt-br\/banana-prata\/\" target=\"_blank\" rel=\"noopener\"><span style=\"color: #000080;\"><span style=\"font-family: Montserrat;\"><span style=\"font-size: small;\"><span lang=\"zxx\"><u>Banana \u201cprata\u201d<\/u><\/span><\/span><\/span><\/span><\/a><span style=\"color: #000080;\"><span style=\"font-family: Montserrat;\"><span style=\"font-size: small;\"><span lang=\"zxx\"><u><br \/>\n<\/u><\/span><\/span><\/span><\/span><a href=\"https:\/\/saborbrasil.it\/pt-br\/banana-da-terra\/\" target=\"_blank\" rel=\"noopener\"><span style=\"color: #000080;\"><span style=\"font-family: Montserrat;\"><span style=\"font-size: small;\"><span lang=\"zxx\"><u>Banana da terra<\/u><\/span><\/span><\/span><\/span><\/a><span style=\"color: #000080;\"><span style=\"font-family: Montserrat;\"><span style=\"font-size: small;\"><span lang=\"zxx\"><u><br \/>\n<\/u><\/span><\/span><\/span><\/span><a href=\"https:\/\/saborbrasil.it\/pt-br\/cachaca-pinga\/\" target=\"_blank\" rel=\"noopener\"><span style=\"color: #000080;\"><span style=\"font-family: Montserrat;\"><span style=\"font-size: small;\"><span lang=\"zxx\"><u>Cacha\u00e7a\/Pinga<\/u><\/span><\/span><\/span><\/span><\/a><span style=\"color: #000080;\"><span style=\"font-family: Montserrat;\"><span style=\"font-size: small;\"><span lang=\"zxx\"><u><br \/>\n<\/u><\/span><\/span><\/span><\/span><a href=\"https:\/\/saborbrasil.it\/pt-br\/caju\/\" target=\"_blank\" rel=\"noopener\"><span style=\"color: #000080;\"><span style=\"font-family: Montserrat;\"><span style=\"font-size: small;\"><span lang=\"zxx\"><u>Caj\u00fa<\/u><\/span><\/span><\/span><\/span><\/a><span style=\"color: #000080;\"><span style=\"font-family: Montserrat;\"><span style=\"font-size: small;\"><span lang=\"zxx\"><u><br \/>\n<\/u><\/span><\/span><\/span><\/span><a href=\"https:\/\/saborbrasil.it\/pt-br\/camarao-seco\/\" target=\"_blank\" rel=\"noopener\"><span style=\"color: #000080;\"><span style=\"font-family: Montserrat;\"><span style=\"font-size: small;\"><span lang=\"zxx\"><u>Camar\u00e3o seco<\/u><\/span><\/span><\/span><\/span><\/a><span style=\"color: #000080;\"><span style=\"font-family: Montserrat;\"><span style=\"font-size: small;\"><span lang=\"zxx\"><u><br \/>\n<\/u><\/span><\/span><\/span><\/span><a href=\"https:\/\/saborbrasil.it\/pt-br\/canjica\/\" target=\"_blank\" rel=\"noopener\"><span style=\"color: #000080;\"><span style=\"font-family: Montserrat;\"><span style=\"font-size: small;\"><span lang=\"zxx\"><u>Canjica<\/u><\/span><\/span><\/span><\/span><\/a><span style=\"color: #000080;\"><span style=\"font-family: Montserrat;\"><span style=\"font-size: small;\"><span lang=\"zxx\"><u><br \/>\n<\/u><\/span><\/span><\/span><\/span><a href=\"https:\/\/saborbrasil.it\/pt-br\/carne-de-sol\/\" target=\"_blank\" rel=\"noopener\"><span style=\"color: #000080;\"><span style=\"font-family: Montserrat;\"><span style=\"font-size: small;\"><span lang=\"zxx\"><u>Carne de sol<\/u><\/span><\/span><\/span><\/span><\/a><span style=\"color: #000080;\"><span style=\"font-family: Montserrat;\"><span style=\"font-size: small;\"><span lang=\"zxx\"><u><br \/>\n<\/u><\/span><\/span><\/span><\/span><a href=\"https:\/\/saborbrasil.it\/pt-br\/carne-seca\/\" target=\"_blank\" rel=\"noopener\"><span style=\"color: #000080;\"><span style=\"font-family: Montserrat;\"><span style=\"font-size: small;\"><span lang=\"zxx\"><u>Carne seca<\/u><\/span><\/span><\/span><\/span><\/a><span style=\"color: #000080;\"><span style=\"font-family: Montserrat;\"><span style=\"font-size: small;\"><span lang=\"zxx\"><u><br \/>\n<\/u><\/span><\/span><\/span><\/span><a href=\"https:\/\/saborbrasil.it\/pt-br\/cara\/\" target=\"_blank\" rel=\"noopener\"><span style=\"color: #000080;\"><span style=\"font-family: Montserrat;\"><span style=\"font-size: small;\"><span lang=\"zxx\"><u>Car\u00e1<\/u><\/span><\/span><\/span><\/span><\/a><span style=\"color: #000080;\"><span style=\"font-family: Montserrat;\"><span style=\"font-size: small;\"><span lang=\"zxx\"><u><br \/>\n<\/u><\/span><\/span><\/span><\/span><a href=\"https:\/\/saborbrasil.it\/pt-br\/charque\/\" target=\"_blank\" rel=\"noopener\"><span style=\"color: #000080;\"><span style=\"font-family: Montserrat;\"><span style=\"font-size: small;\"><span lang=\"zxx\"><u>Charque<\/u><\/span><\/span><\/span><\/span><\/a><span style=\"color: #000080;\"><span style=\"font-family: Montserrat;\"><span style=\"font-size: small;\"><span lang=\"zxx\"><u><br \/>\n<\/u><\/span><\/span><\/span><\/span><a href=\"https:\/\/saborbrasil.it\/pt-br\/chuchu\/\" target=\"_blank\" rel=\"noopener\"><span style=\"color: #000080;\"><span style=\"font-family: Montserrat;\"><span style=\"font-size: small;\"><span lang=\"zxx\"><u>Chuchu<\/u><\/span><\/span><\/span><\/span><\/a><span style=\"color: #000080;\"><span style=\"font-family: Montserrat;\"><span style=\"font-size: small;\"><span lang=\"zxx\"><u><br \/>\n<\/u><\/span><\/span><\/span><\/span><a href=\"https:\/\/saborbrasil.it\/pt-br\/coco\/\" target=\"_blank\" rel=\"noopener\"><span style=\"color: #000080;\"><span style=\"font-family: Montserrat;\"><span style=\"font-size: small;\"><span lang=\"zxx\"><u>Coco<\/u><\/span><\/span><\/span><\/span><\/a><span style=\"color: #000080;\"><span style=\"font-family: Montserrat;\"><span style=\"font-size: small;\"><span lang=\"zxx\"><u><br \/>\n<\/u><\/span><\/span><\/span><\/span><a href=\"https:\/\/saborbrasil.it\/pt-br\/coentro\/\" target=\"_blank\" rel=\"noopener\"><span style=\"color: #000080;\"><span style=\"font-family: Montserrat;\"><span style=\"font-size: small;\"><span lang=\"zxx\"><u>Coentro<\/u><\/span><\/span><\/span><\/span><\/a><span style=\"color: #000080;\"><span style=\"font-family: Montserrat;\"><span style=\"font-size: small;\"><span lang=\"zxx\"><u><br \/>\n<\/u><\/span><\/span><\/span><\/span><a href=\"https:\/\/saborbrasil.it\/pt-br\/colorau-o-corante-natural\/\" target=\"_blank\" rel=\"noopener\"><span style=\"color: #000080;\"><span style=\"font-family: Montserrat;\"><span style=\"font-size: small;\"><span lang=\"zxx\"><u>Colorau<\/u><\/span><\/span><\/span><\/span><\/a><span style=\"color: #000080;\"><span style=\"font-family: Montserrat;\"><span style=\"font-size: small;\"><span lang=\"zxx\"><u><br \/>\n<\/u><\/span><\/span><\/span><\/span><a href=\"https:\/\/saborbrasil.it\/pt-br\/couve-manteiga\/\" target=\"_blank\" rel=\"noopener\"><span style=\"color: #000080;\"><span style=\"font-family: Montserrat;\"><span style=\"font-size: small;\"><span lang=\"zxx\"><u>Couve-manteiga<\/u><\/span><\/span><\/span><\/span><\/a><span style=\"color: #000080;\"><span style=\"font-family: Montserrat;\"><span style=\"font-size: small;\"><span lang=\"zxx\"><u><br \/>\n<\/u><\/span><\/span><\/span><\/span><a href=\"https:\/\/saborbrasil.it\/pt-br\/doce-de-leite\/\" target=\"_blank\" rel=\"noopener\"><span style=\"color: #000080;\"><span style=\"font-family: Montserrat;\"><span style=\"font-size: small;\"><span lang=\"zxx\"><u>Doce de leite<\/u><\/span><\/span><\/span><\/span><\/a><span style=\"color: #000080;\"><span style=\"font-family: Montserrat;\"><span style=\"font-size: small;\"><span lang=\"zxx\"><u><br \/>\n<\/u><\/span><\/span><\/span><\/span><a href=\"https:\/\/saborbrasil.it\/pt-br\/farinha-de-mandioca\/\" target=\"_blank\" rel=\"noopener\"><span style=\"color: #000080;\"><span style=\"font-family: Montserrat;\"><span style=\"font-size: small;\"><span lang=\"zxx\"><u>Farinha de mandioca<\/u><\/span><\/span><\/span><\/span><\/a><span style=\"color: #000080;\"><span style=\"font-family: Montserrat;\"><span style=\"font-size: small;\"><span lang=\"zxx\"><u><br \/>\n<\/u><\/span><\/span><\/span><\/span><a href=\"https:\/\/saborbrasil.it\/pt-br\/farinha-de-milho-em-flocos\/\" target=\"_blank\" rel=\"noopener\"><span style=\"color: #000080;\"><span style=\"font-family: Montserrat;\"><span style=\"font-size: small;\"><span lang=\"zxx\"><u>Farinha de milho em flocos<\/u><\/span><\/span><\/span><\/span><\/a><span style=\"color: #000080;\"><span style=\"font-family: Montserrat;\"><span style=\"font-size: small;\"><span lang=\"zxx\"><u><br \/>\n<\/u><\/span><\/span><\/span><\/span><a href=\"https:\/\/saborbrasil.it\/pt-br\/feijao\/\" target=\"_blank\" rel=\"noopener\"><span style=\"color: #000080;\"><span style=\"font-family: Montserrat;\"><span style=\"font-size: small;\"><span lang=\"zxx\"><u>Feij\u00e3o<\/u><\/span><\/span><\/span><\/span><\/a><span style=\"color: #000080;\"><span style=\"font-family: Montserrat;\"><span style=\"font-size: small;\"><span lang=\"zxx\"><u><br \/>\n<\/u><\/span><\/span><\/span><\/span><a href=\"https:\/\/saborbrasil.it\/pt-br\/figo\/\" target=\"_blank\" rel=\"noopener\"><span style=\"color: #000080;\"><span style=\"font-family: Montserrat;\"><span style=\"font-size: small;\"><span lang=\"zxx\"><u>Figo<\/u><\/span><\/span><\/span><\/span><\/a><span style=\"color: #000080;\"><span style=\"font-family: Montserrat;\"><span style=\"font-size: small;\"><span lang=\"zxx\"><u><br \/>\n<\/u><\/span><\/span><\/span><\/span><a href=\"https:\/\/saborbrasil.it\/pt-br\/gelatina-de-fruta\/\" target=\"_blank\" rel=\"noopener\"><span style=\"color: #000080;\"><span style=\"font-family: Montserrat;\"><span style=\"font-size: small;\"><span lang=\"zxx\"><u>Gelatina de fruta<\/u><\/span><\/span><\/span><\/span><\/a><span style=\"color: #000080;\"><span style=\"font-family: Montserrat;\"><span style=\"font-size: small;\"><span lang=\"zxx\"><u><br \/>\n<\/u><\/span><\/span><\/span><\/span><a href=\"https:\/\/saborbrasil.it\/pt-br\/gengibre\/\" target=\"_blank\" rel=\"noopener\"><span style=\"color: #000080;\"><span style=\"font-family: Montserrat;\"><span style=\"font-size: small;\"><span lang=\"zxx\"><u>Gengibre<\/u><\/span><\/span><\/span><\/span><\/a><span style=\"color: #000080;\"><span style=\"font-family: Montserrat;\"><span style=\"font-size: small;\"><span lang=\"zxx\"><u><br \/>\n<\/u><\/span><\/span><\/span><\/span><a href=\"https:\/\/saborbrasil.it\/pt-br\/goiaba\/\" target=\"_blank\" rel=\"noopener\"><span style=\"color: #000080;\"><span style=\"font-family: Montserrat;\"><span style=\"font-size: small;\"><span lang=\"zxx\"><u>Goiaba<\/u><\/span><\/span><\/span><\/span><\/a><span style=\"color: #000080;\"><span style=\"font-family: Montserrat;\"><span style=\"font-size: small;\"><span lang=\"zxx\"><u><br \/>\n<\/u><\/span><\/span><\/span><\/span><a href=\"https:\/\/saborbrasil.it\/pt-br\/goma-de-mandioca\/\" target=\"_blank\" rel=\"noopener\"><span style=\"color: #000080;\"><span style=\"font-family: Montserrat;\"><span style=\"font-size: small;\"><span lang=\"zxx\"><u>Goma de mandioca<\/u><\/span><\/span><\/span><\/span><\/a><span style=\"color: #000080;\"><span style=\"font-family: Montserrat;\"><span style=\"font-size: small;\"><span lang=\"zxx\"><u><br \/>\n<\/u><\/span><\/span><\/span><\/span><a href=\"https:\/\/saborbrasil.it\/pt-br\/grao-de-bico\/\" target=\"_blank\" rel=\"noopener\"><span style=\"color: #000080;\"><span style=\"font-family: Montserrat;\"><span style=\"font-size: small;\"><span lang=\"zxx\"><u>Gr\u00e3o-de-bico<\/u><\/span><\/span><\/span><\/span><\/a><span style=\"color: #000080;\"><span style=\"font-family: Montserrat;\"><span style=\"font-size: small;\"><span lang=\"zxx\"><u><br \/>\n<\/u><\/span><\/span><\/span><\/span><a href=\"https:\/\/saborbrasil.it\/pt-br\/guarana\/\" target=\"_blank\" rel=\"noopener\"><span style=\"color: #000080;\"><span style=\"font-family: Montserrat;\"><span style=\"font-size: small;\"><span lang=\"zxx\"><u>Guaran\u00e1<\/u><\/span><\/span><\/span><\/span><\/a><span style=\"color: #000080;\"><span style=\"font-family: Montserrat;\"><span style=\"font-size: small;\"><span lang=\"zxx\"><u><br \/>\n<\/u><\/span><\/span><\/span><\/span><a href=\"https:\/\/saborbrasil.it\/pt-br\/inhame\/\" target=\"_blank\" rel=\"noopener\"><span style=\"color: #000080;\"><span style=\"font-family: Montserrat;\"><span style=\"font-size: small;\"><span lang=\"zxx\"><u>Inhame<\/u><\/span><\/span><\/span><\/span><\/a><span style=\"color: #000080;\"><span style=\"font-family: Montserrat;\"><span style=\"font-size: small;\"><span lang=\"zxx\"><u><br \/>\n<\/u><\/span><\/span><\/span><\/span><a href=\"https:\/\/saborbrasil.it\/pt-br\/leite-condensado\/\" target=\"_blank\" rel=\"noopener\"><span style=\"color: #000080;\"><span style=\"font-family: Montserrat;\"><span style=\"font-size: small;\"><span lang=\"zxx\"><u>Leite condensado<\/u><\/span><\/span><\/span><\/span><\/a><span style=\"color: #000080;\"><span style=\"font-family: Montserrat;\"><span style=\"font-size: small;\"><span lang=\"zxx\"><u><br \/>\n<\/u><\/span><\/span><\/span><\/span><a href=\"https:\/\/saborbrasil.it\/pt-br\/limao\/\" target=\"_blank\" rel=\"noopener\"><span style=\"color: #000080;\"><span style=\"font-family: Montserrat;\"><span style=\"font-size: small;\"><span lang=\"zxx\"><u>Lim\u00e3o<\/u><\/span><\/span><\/span><\/span><\/a><span style=\"color: #000080;\"><span style=\"font-family: Montserrat;\"><span style=\"font-size: small;\"><span lang=\"zxx\"><u><br \/>\n<\/u><\/span><\/span><\/span><\/span><a href=\"https:\/\/saborbrasil.it\/pt-br\/mamao\/\" target=\"_blank\" rel=\"noopener\"><span style=\"color: #000080;\"><span style=\"font-family: Montserrat;\"><span style=\"font-size: small;\"><span lang=\"zxx\"><u>Mam\u00e3o<\/u><\/span><\/span><\/span><\/span><\/a><span style=\"color: #000080;\"><span style=\"font-family: Montserrat;\"><span style=\"font-size: small;\"><span lang=\"zxx\"><u><br \/>\n<\/u><\/span><\/span><\/span><\/span><a href=\"https:\/\/saborbrasil.it\/pt-br\/mandioca\/\" target=\"_blank\" rel=\"noopener\"><span style=\"color: #000080;\"><span style=\"font-family: Montserrat;\"><span style=\"font-size: small;\"><span lang=\"zxx\"><u>Mandioca<\/u><\/span><\/span><\/span><\/span><\/a><span style=\"color: #000080;\"><span style=\"font-family: Montserrat;\"><span style=\"font-size: small;\"><span lang=\"zxx\"><u><br \/>\n<\/u><\/span><\/span><\/span><\/span><a href=\"https:\/\/saborbrasil.it\/pt-br\/mandioquinha\/\" target=\"_blank\" rel=\"noopener\"><span style=\"color: #000080;\"><span style=\"font-family: Montserrat;\"><span style=\"font-size: small;\"><span lang=\"zxx\"><u>Mandioquinha<\/u><\/span><\/span><\/span><\/span><\/a><span style=\"color: #000080;\"><span style=\"font-family: Montserrat;\"><span style=\"font-size: small;\"><span lang=\"zxx\"><u><br \/>\n<\/u><\/span><\/span><\/span><\/span><a href=\"https:\/\/saborbrasil.it\/pt-br\/manga\/\" target=\"_blank\" rel=\"noopener\"><span style=\"color: #000080;\"><span style=\"font-family: Montserrat;\"><span style=\"font-size: small;\"><span lang=\"zxx\"><u>Manga<\/u><\/span><\/span><\/span><\/span><\/a><span style=\"color: #000080;\"><span style=\"font-family: Montserrat;\"><span style=\"font-size: small;\"><span lang=\"zxx\"><u><br \/>\n<\/u><\/span><\/span><\/span><\/span><a href=\"https:\/\/saborbrasil.it\/pt-br\/manteiga-de-garrafa\/\" target=\"_blank\" rel=\"noopener\"><span style=\"color: #000080;\"><span style=\"font-family: Montserrat;\"><span style=\"font-size: small;\"><span lang=\"zxx\"><u>Manteiga de garrafa<\/u><\/span><\/span><\/span><\/span><\/a><span style=\"color: #000080;\"><span style=\"font-family: Montserrat;\"><span style=\"font-size: small;\"><span lang=\"zxx\"><u><br \/>\n<\/u><\/span><\/span><\/span><\/span><a href=\"https:\/\/saborbrasil.it\/pt-br\/maracuja\/\" target=\"_blank\" rel=\"noopener\"><span style=\"color: #000080;\"><span style=\"font-family: Montserrat;\"><span style=\"font-size: small;\"><span lang=\"zxx\"><u>Maracuj\u00e1<\/u><\/span><\/span><\/span><\/span><\/a><span style=\"color: #000080;\"><span style=\"font-family: Montserrat;\"><span style=\"font-size: small;\"><span lang=\"zxx\"><u><br \/>\n<\/u><\/span><\/span><\/span><\/span><a href=\"https:\/\/saborbrasil.it\/pt-br\/milho-verde\/\" target=\"_blank\" rel=\"noopener\"><span style=\"color: #000080;\"><span style=\"font-family: Montserrat;\"><span style=\"font-size: small;\"><span lang=\"zxx\"><u>Milho verde<\/u><\/span><\/span><\/span><\/span><\/a><span style=\"color: #000080;\"><span style=\"font-family: Montserrat;\"><span style=\"font-size: small;\"><span lang=\"zxx\"><u><br \/>\n<\/u><\/span><\/span><\/span><\/span><a href=\"https:\/\/saborbrasil.it\/pt-br\/paio\/\" target=\"_blank\" rel=\"noopener\"><span style=\"color: #000080;\"><span style=\"font-family: Montserrat;\"><span style=\"font-size: small;\"><span lang=\"zxx\"><u>Paio<\/u><\/span><\/span><\/span><\/span><\/a><span style=\"color: #000080;\"><span style=\"font-family: Montserrat;\"><span style=\"font-size: small;\"><span lang=\"zxx\"><u><br \/>\n<\/u><\/span><\/span><\/span><\/span><a href=\"https:\/\/saborbrasil.it\/pt-br\/palmito\/\" target=\"_blank\" rel=\"noopener\"><span style=\"color: #000080;\"><span style=\"font-family: Montserrat;\"><span style=\"font-size: small;\"><span lang=\"zxx\"><u>Palmito<\/u><\/span><\/span><\/span><\/span><\/a><span style=\"color: #000080;\"><span style=\"font-family: Montserrat;\"><span style=\"font-size: small;\"><span lang=\"zxx\"><u><br \/>\n<\/u><\/span><\/span><\/span><\/span><a href=\"https:\/\/saborbrasil.it\/pt-br\/pimenta-malagueta\/\" target=\"_blank\" rel=\"noopener\"><span style=\"color: #000080;\"><span style=\"font-family: Montserrat;\"><span style=\"font-size: small;\"><span lang=\"zxx\"><u>Pimenta malagueta<\/u><\/span><\/span><\/span><\/span><\/a><span style=\"color: #000080;\"><span style=\"font-family: Montserrat;\"><span style=\"font-size: small;\"><span lang=\"zxx\"><u><br \/>\n<\/u><\/span><\/span><\/span><\/span><a href=\"https:\/\/saborbrasil.it\/pt-br\/polvilho\/\" target=\"_blank\" rel=\"noopener\"><span style=\"color: #000080;\"><span style=\"font-family: Montserrat;\"><span style=\"font-size: small;\"><span lang=\"zxx\"><u>Polvilho<\/u><\/span><\/span><\/span><\/span><\/a><span style=\"color: #000080;\"><span style=\"font-family: Montserrat;\"><span style=\"font-size: small;\"><span lang=\"zxx\"><u><br \/>\n<\/u><\/span><\/span><\/span><\/span><a href=\"https:\/\/saborbrasil.it\/pt-br\/queijo-de-coalho\/\" target=\"_blank\" rel=\"noopener\"><span style=\"color: #000080;\"><span style=\"font-family: Montserrat;\"><span style=\"font-size: small;\"><span lang=\"zxx\"><u>Queijo de coalho<\/u><\/span><\/span><\/span><\/span><\/a><span style=\"color: #000080;\"><span style=\"font-family: Montserrat;\"><span style=\"font-size: small;\"><span lang=\"zxx\"><u><br \/>\n<\/u><\/span><\/span><\/span><\/span><a href=\"https:\/\/saborbrasil.it\/pt-br\/queijo-de-minas\/\" target=\"_blank\" rel=\"noopener\"><span style=\"color: #000080;\"><span style=\"font-family: Montserrat;\"><span style=\"font-size: small;\"><span lang=\"zxx\"><u>Queijo de minas<\/u><\/span><\/span><\/span><\/span><\/a><span style=\"color: #000080;\"><span style=\"font-family: Montserrat;\"><span style=\"font-size: small;\"><span lang=\"zxx\"><u><br \/>\n<\/u><\/span><\/span><\/span><\/span><a href=\"https:\/\/saborbrasil.it\/pt-br\/quiabo\/\" target=\"_blank\" rel=\"noopener\"><span style=\"color: #000080;\"><span style=\"font-family: Montserrat;\"><span style=\"font-size: small;\"><span lang=\"zxx\"><u>Quiabo<\/u><\/span><\/span><\/span><\/span><\/a><span style=\"color: #000080;\"><span style=\"font-family: Montserrat;\"><span style=\"font-size: small;\"><span lang=\"zxx\"><u><br \/>\n<\/u><\/span><\/span><\/span><\/span><a href=\"https:\/\/saborbrasil.it\/pt-br\/requeijao\/\" target=\"_blank\" rel=\"noopener\"><span style=\"color: #000080;\"><span style=\"font-family: Montserrat;\"><span style=\"font-size: small;\"><span lang=\"zxx\"><u>Requeij\u00e3o<\/u><\/span><\/span><\/span><\/span><\/a><span style=\"color: #000080;\"><span style=\"font-family: Montserrat;\"><span style=\"font-size: small;\"><span lang=\"zxx\"><u><br \/>\n<\/u><\/span><\/span><\/span><\/span><a href=\"https:\/\/saborbrasil.it\/pt-br\/requeijao-do-norte\/\" target=\"_blank\" rel=\"noopener\"><span style=\"color: #000080;\"><span style=\"font-family: Montserrat;\"><span style=\"font-size: small;\"><span lang=\"zxx\"><u>Requeij\u00e3o do Norte<\/u><\/span><\/span><\/span><\/span><\/a><span style=\"color: #000080;\"><span style=\"font-family: Montserrat;\"><span style=\"font-size: small;\"><span lang=\"zxx\"><u><br \/>\n<\/u><\/span><\/span><\/span><\/span><a href=\"https:\/\/saborbrasil.it\/pt-br\/sagu\/\" target=\"_blank\" rel=\"noopener\"><span style=\"color: #000080;\"><span style=\"font-family: Montserrat;\"><span style=\"font-size: small;\"><span lang=\"zxx\"><u>Sagu<\/u><\/span><\/span><\/span><\/span><\/a><span style=\"color: #000080;\"><span style=\"font-family: Montserrat;\"><span style=\"font-size: small;\"><span lang=\"zxx\"><u><br \/>\n<\/u><\/span><\/span><\/span><\/span><a href=\"https:\/\/saborbrasil.it\/pt-br\/tapioca-granulada\/\" target=\"_blank\" rel=\"noopener\"><span style=\"color: #000080;\"><span style=\"font-family: Montserrat;\"><span style=\"font-size: small;\"><span lang=\"zxx\"><u>Tapioca granulada<\/u><\/span><\/span><\/span><\/span><\/a><span style=\"color: #000080;\"><span style=\"font-family: Montserrat;\"><span style=\"font-size: small;\"><span lang=\"zxx\"><u><br \/>\n<\/u><\/span><\/span><\/span><\/span><a href=\"https:\/\/saborbrasil.it\/pt-br\/tiquira\/\" target=\"_blank\" rel=\"noopener\"><span style=\"color: #000080;\"><span style=\"font-family: Montserrat;\"><span style=\"font-size: small;\"><span lang=\"zxx\"><u>Tiquira<\/u><\/span><\/span><\/span><\/span><\/a><span style=\"color: #000080;\"><span style=\"font-family: Montserrat;\"><span style=\"font-size: small;\"><span lang=\"zxx\"><u><br \/>\n<\/u><\/span><\/span><\/span><\/span><a href=\"https:\/\/saborbrasil.it\/pt-br\/trigo-para-quibe-kibe\/\" target=\"_blank\" rel=\"noopener\"><span style=\"color: #000080;\"><span style=\"font-family: Montserrat;\"><span style=\"font-size: small;\"><span lang=\"zxx\"><u>Trigo para quibe\/kibe<\/u><\/span><\/span><\/span><\/span><\/a><span style=\"color: #000080;\"><span style=\"font-family: Montserrat;\"><span style=\"font-size: small;\"><span lang=\"zxx\"><u><br \/>\n<\/u><\/span><\/span><\/span><\/span><a href=\"https:\/\/saborbrasil.it\/pt-br\/urucum\/\" target=\"_blank\" rel=\"noopener\"><span style=\"color: #000080;\"><span style=\"font-family: Montserrat;\"><span style=\"font-size: small;\"><span lang=\"zxx\"><u>Urucum<\/u><\/span><\/span><\/span><\/span><\/a><\/p>\n<p lang=\"zxx\">\n","protected":false},"excerpt":{"rendered":"<p>Abacate Abacaxi Arroz Azeite de dend\u00ea Banana \u201cprata\u201d Banana da terra Cacha\u00e7a\/Pinga Caj\u00fa Camar\u00e3o seco Canjica Carne de sol Carne seca Car\u00e1 Charque Chuchu Coco Coentro Colorau Couve-manteiga Doce de leite Farinha de mandioca Farinha de milho em flocos Feij\u00e3o Figo Gelatina de fruta Gengibre&hellip;<\/p>\n","protected":false},"author":2,"featured_media":0,"parent":0,"menu_order":0,"comment_status":"closed","ping_status":"closed","template":"","meta":{"footnotes":""},"class_list":["post-261","page","type-page","status-publish","hentry"],"_links":{"self":[{"href":"https:\/\/www.saborbrasil.it\/pt-br\/wp-json\/wp\/v2\/pages\/261","targetHints":{"allow":["GET"]}}],"collection":[{"href":"https:\/\/www.saborbrasil.it\/pt-br\/wp-json\/wp\/v2\/pages"}],"about":[{"href":"https:\/\/www.saborbrasil.it\/pt-br\/wp-json\/wp\/v2\/types\/page"}],"author":[{"embeddable":true,"href":"https:\/\/www.saborbrasil.it\/pt-br\/wp-json\/wp\/v2\/users\/2"}],"replies":[{"embeddable":true,"href":"https:\/\/www.saborbrasil.it\/pt-br\/wp-json\/wp\/v2\/comments?post=261"}],"version-history":[{"count":26,"href":"https:\/\/www.saborbrasil.it\/pt-br\/wp-json\/wp\/v2\/pages\/261\/revisions"}],"predecessor-version":[{"id":5176,"href":"https:\/\/www.saborbrasil.it\/pt-br\/wp-json\/wp\/v2\/pages\/261\/revisions\/5176"}],"wp:attachment":[{"href":"https:\/\/www.saborbrasil.it\/pt-br\/wp-json\/wp\/v2\/media?parent=261"}],"curies":[{"name":"wp","href":"https:\/\/api.w.org\/{rel}","templated":true}]}}